{"id":8416,"date":"2020-06-07T22:56:09","date_gmt":"2020-06-07T20:56:09","guid":{"rendered":"https:\/\/www.edonart.com\/?post_type=product&#038;p=8416"},"modified":"2020-06-18T15:41:19","modified_gmt":"2020-06-18T13:41:19","slug":"edith-stool-imb","status":"publish","type":"product","link":"https:\/\/www.edonart.com\/it\/arredamento\/sedie\/edith-stool-imb\/","title":{"rendered":"Edith Stool Imb"},"content":{"rendered":"<p>[vc_row][vc_column][vc_tta_accordion][vc_tta_section title=&#8221;Specifiche&#8221; tab_id=&#8221;specifiche&#8221;][vc_column_text]<\/p>\n<p>[\/vc_column_text][\/vc_tta_section][vc_tta_section title=&#8221;Tempistiche e Spedizione&#8221; tab_id=&#8221;spedizione&#8221;][vc_column_text]<span style=\"font-weight: 400\">Consegna prevista in 10-11 settimane.<\/span><\/p>\n<p>La spedizione si riferisce al peso volumetrico.[\/vc_column_text][\/vc_tta_section][vc_tta_section title=&#8221;Note Generali&#8221; tab_id=&#8221;1591090768140-d3e9def5-6f41&#8243;][vc_column_text]<strong>Conformit\u00e0 colori<\/strong><\/p>\n<p><span>I materiali possono variare di tonalit\u00e0 da una partita all\u2019altra. Edonart non si assume la responsabilit\u00e0 in caso di eventuali differenze di colore n\u00e9 pu\u00f2 garantire la perfetta corrispondenza tra il presente campionario e il materiale utilizzato per la realizzazione del prodotto.<\/span>[\/vc_column_text][\/vc_tta_section][vc_tta_section title=&#8221;Note Importanti&#8221; tab_id=&#8221;1592477766742-58348db0-94d2&#8243;][vc_column_text]Questo prodotto \u00e8 &#8220;<strong>realizzato su richiesta<\/strong>&#8221; al momento dell&#8217;ordine.[\/vc_column_text][\/vc_tta_section][\/vc_tta_accordion][\/vc_column][\/vc_row]<\/p>\n","protected":false},"excerpt":{"rendered":"<p>Dalla continuazione della collaborazione con il designer Massimo Broglio \u00a0Trab\u00e0 propone una evoluzione di Edith: la sedia in faggio e frassino si slancia e le sue gambe a sezione circolare si assottigliano fino alle estremit\u00e0, lo schienale si abbassa e il sedile si curva leggermente, dando cos\u00ec vita a <strong>Edith Stool<\/strong>.\u00a0Molte le tonalit\u00e0 cromatiche e la variet\u00e0 di imbottiture che fanno di <strong>Edith Stool<\/strong> \u2013 dal mood scandinavo, sobrio e discreto \u2013 una seduta ideale sia in ambienti domestici che in ampi progetti contract.\u00a0<span><a href=\"https:\/\/www.edonart.com\/it\/contatti\/\">Contattaci<\/a> per ricevere la cartella materiali e colori con tutte le varianti possibili per creare la sedia perfetta per il tuo ambiente.\u00a0<\/span><\/p>\n","protected":false},"featured_media":8417,"template":"","meta":[],"product_cat":[15,21],"product_tag":[1445,105],"acf":[],"yoast_head":"<!-- This site is optimized with the Yoast SEO plugin v19.9 - https:\/\/yoast.com\/wordpress\/plugins\/seo\/ -->\n<title>Edith Stool Imb | TrabA&#039; | Sgabelli di Design Online | Edonart<\/title>\n<meta name=\"description\" content=\"Edith Stool,dal mood scandinavo, sobrio e discreto, una seduta ideale sia in ambienti domestici che in ampi progetti contract. Scopri la collezione TrabA&#039;.\" \/>\n<meta name=\"robots\" content=\"index, follow, max-snippet:-1, max-image-preview:large, max-video-preview:-1\" \/>\n<link rel=\"canonical\" href=\"https:\/\/www.edonart.com\/it\/arredamento\/sedie\/edith-stool-imb\/\" \/>\n<meta property=\"og:locale\" content=\"it_IT\" \/>\n<meta property=\"og:type\" content=\"article\" \/>\n<meta property=\"og:title\" content=\"Edith Stool Imb | TrabA&#039; | Sgabelli di Design Online | Edonart\" \/>\n<meta property=\"og:description\" content=\"Edith Stool,dal mood scandinavo, sobrio e discreto, una seduta ideale sia in ambienti domestici che in ampi progetti contract. Scopri la collezione TrabA&#039;.\" \/>\n<meta property=\"og:url\" content=\"https:\/\/www.edonart.com\/it\/arredamento\/sedie\/edith-stool-imb\/\" \/>\n<meta property=\"og:site_name\" content=\"Edonart\" \/>\n<meta property=\"article:modified_time\" content=\"2020-06-18T13:41:19+00:00\" \/>\n<meta property=\"og:image\" content=\"https:\/\/www.edonart.com\/cms\/wp-content\/uploads\/2020\/06\/0075_IMB_1.png\" \/>\n\t<meta property=\"og:image:width\" content=\"1000\" \/>\n\t<meta property=\"og:image:height\" content=\"1000\" \/>\n\t<meta property=\"og:image:type\" content=\"image\/png\" \/>\n<meta name=\"twitter:card\" content=\"summary_large_image\" \/>\n<meta name=\"twitter:label1\" content=\"Tempo di lettura stimato\" \/>\n\t<meta name=\"twitter:data1\" content=\"1 minuto\" \/>\n<script type=\"application\/ld+json\" class=\"yoast-schema-graph\">{\"@context\":\"https:\/\/schema.org\",\"@graph\":[{\"@type\":\"WebPage\",\"@id\":\"https:\/\/www.edonart.com\/it\/arredamento\/sedie\/edith-stool-imb\/\",\"url\":\"https:\/\/www.edonart.com\/it\/arredamento\/sedie\/edith-stool-imb\/\",\"name\":\"Edith Stool Imb | TrabA' | Sgabelli di Design Online | Edonart\",\"isPartOf\":{\"@id\":\"https:\/\/www.edonart.com\/it\/#website\"},\"datePublished\":\"2020-06-07T20:56:09+00:00\",\"dateModified\":\"2020-06-18T13:41:19+00:00\",\"description\":\"Edith Stool,dal mood scandinavo, sobrio e discreto, una seduta ideale sia in ambienti domestici che in ampi progetti contract. Scopri la collezione TrabA'.\",\"breadcrumb\":{\"@id\":\"https:\/\/www.edonart.com\/it\/arredamento\/sedie\/edith-stool-imb\/#breadcrumb\"},\"inLanguage\":\"it-IT\",\"potentialAction\":[{\"@type\":\"ReadAction\",\"target\":[\"https:\/\/www.edonart.com\/it\/arredamento\/sedie\/edith-stool-imb\/\"]}]},{\"@type\":\"BreadcrumbList\",\"@id\":\"https:\/\/www.edonart.com\/it\/arredamento\/sedie\/edith-stool-imb\/#breadcrumb\",\"itemListElement\":[{\"@type\":\"ListItem\",\"position\":1,\"name\":\"Home\",\"item\":\"https:\/\/www.edonart.com\/it\/\"},{\"@type\":\"ListItem\",\"position\":2,\"name\":\"Shop\",\"item\":\"https:\/\/www.edonart.com\/it\/shop\/\"},{\"@type\":\"ListItem\",\"position\":3,\"name\":\"Arredamento\",\"item\":\"https:\/\/www.edonart.com\/it\/arredamento\/\"},{\"@type\":\"ListItem\",\"position\":4,\"name\":\"Sedie\",\"item\":\"https:\/\/www.edonart.com\/it\/arredamento\/sedie\/\"},{\"@type\":\"ListItem\",\"position\":5,\"name\":\"Edith Stool Imb\"}]},{\"@type\":\"WebSite\",\"@id\":\"https:\/\/www.edonart.com\/it\/#website\",\"url\":\"https:\/\/www.edonart.com\/it\/\",\"name\":\"Edonart\",\"description\":\"Design Is An Attitude\",\"publisher\":{\"@id\":\"https:\/\/www.edonart.com\/it\/#organization\"},\"potentialAction\":[{\"@type\":\"SearchAction\",\"target\":{\"@type\":\"EntryPoint\",\"urlTemplate\":\"https:\/\/www.edonart.com\/it\/?s={search_term_string}\"},\"query-input\":\"required name=search_term_string\"}],\"inLanguage\":\"it-IT\"},{\"@type\":\"Organization\",\"@id\":\"https:\/\/www.edonart.com\/it\/#organization\",\"name\":\"Edonart\",\"url\":\"https:\/\/www.edonart.com\/it\/\",\"logo\":{\"@type\":\"ImageObject\",\"inLanguage\":\"it-IT\",\"@id\":\"https:\/\/www.edonart.com\/it\/#\/schema\/logo\/image\/\",\"url\":\"https:\/\/www.edonart.com\/cms\/wp-content\/uploads\/2018\/09\/logo-edon-blac.png\",\"contentUrl\":\"https:\/\/www.edonart.com\/cms\/wp-content\/uploads\/2018\/09\/logo-edon-blac.png\",\"width\":156,\"height\":155,\"caption\":\"Edonart\"},\"image\":{\"@id\":\"https:\/\/www.edonart.com\/it\/#\/schema\/logo\/image\/\"}}]}<\/script>\n<!-- \/ Yoast SEO plugin. -->","yoast_head_json":{"title":"Edith Stool Imb | TrabA' | Sgabelli di Design Online | Edonart","description":"Edith Stool,dal mood scandinavo, sobrio e discreto, una seduta ideale sia in ambienti domestici che in ampi progetti contract. Scopri la collezione TrabA'.","robots":{"index":"index","follow":"follow","max-snippet":"max-snippet:-1","max-image-preview":"max-image-preview:large","max-video-preview":"max-video-preview:-1"},"canonical":"https:\/\/www.edonart.com\/it\/arredamento\/sedie\/edith-stool-imb\/","og_locale":"it_IT","og_type":"article","og_title":"Edith Stool Imb | TrabA' | Sgabelli di Design Online | Edonart","og_description":"Edith Stool,dal mood scandinavo, sobrio e discreto, una seduta ideale sia in ambienti domestici che in ampi progetti contract. Scopri la collezione TrabA'.","og_url":"https:\/\/www.edonart.com\/it\/arredamento\/sedie\/edith-stool-imb\/","og_site_name":"Edonart","article_modified_time":"2020-06-18T13:41:19+00:00","og_image":[{"width":1000,"height":1000,"url":"https:\/\/www.edonart.com\/cms\/wp-content\/uploads\/2020\/06\/0075_IMB_1.png","type":"image\/png"}],"twitter_card":"summary_large_image","twitter_misc":{"Tempo di lettura stimato":"1 minuto"},"schema":{"@context":"https:\/\/schema.org","@graph":[{"@type":"WebPage","@id":"https:\/\/www.edonart.com\/it\/arredamento\/sedie\/edith-stool-imb\/","url":"https:\/\/www.edonart.com\/it\/arredamento\/sedie\/edith-stool-imb\/","name":"Edith Stool Imb | TrabA' | Sgabelli di Design Online | Edonart","isPartOf":{"@id":"https:\/\/www.edonart.com\/it\/#website"},"datePublished":"2020-06-07T20:56:09+00:00","dateModified":"2020-06-18T13:41:19+00:00","description":"Edith Stool,dal mood scandinavo, sobrio e discreto, una seduta ideale sia in ambienti domestici che in ampi progetti contract. Scopri la collezione TrabA'.","breadcrumb":{"@id":"https:\/\/www.edonart.com\/it\/arredamento\/sedie\/edith-stool-imb\/#breadcrumb"},"inLanguage":"it-IT","potentialAction":[{"@type":"ReadAction","target":["https:\/\/www.edonart.com\/it\/arredamento\/sedie\/edith-stool-imb\/"]}]},{"@type":"BreadcrumbList","@id":"https:\/\/www.edonart.com\/it\/arredamento\/sedie\/edith-stool-imb\/#breadcrumb","itemListElement":[{"@type":"ListItem","position":1,"name":"Home","item":"https:\/\/www.edonart.com\/it\/"},{"@type":"ListItem","position":2,"name":"Shop","item":"https:\/\/www.edonart.com\/it\/shop\/"},{"@type":"ListItem","position":3,"name":"Arredamento","item":"https:\/\/www.edonart.com\/it\/arredamento\/"},{"@type":"ListItem","position":4,"name":"Sedie","item":"https:\/\/www.edonart.com\/it\/arredamento\/sedie\/"},{"@type":"ListItem","position":5,"name":"Edith Stool Imb"}]},{"@type":"WebSite","@id":"https:\/\/www.edonart.com\/it\/#website","url":"https:\/\/www.edonart.com\/it\/","name":"Edonart","description":"Design Is An Attitude","publisher":{"@id":"https:\/\/www.edonart.com\/it\/#organization"},"potentialAction":[{"@type":"SearchAction","target":{"@type":"EntryPoint","urlTemplate":"https:\/\/www.edonart.com\/it\/?s={search_term_string}"},"query-input":"required name=search_term_string"}],"inLanguage":"it-IT"},{"@type":"Organization","@id":"https:\/\/www.edonart.com\/it\/#organization","name":"Edonart","url":"https:\/\/www.edonart.com\/it\/","logo":{"@type":"ImageObject","inLanguage":"it-IT","@id":"https:\/\/www.edonart.com\/it\/#\/schema\/logo\/image\/","url":"https:\/\/www.edonart.com\/cms\/wp-content\/uploads\/2018\/09\/logo-edon-blac.png","contentUrl":"https:\/\/www.edonart.com\/cms\/wp-content\/uploads\/2018\/09\/logo-edon-blac.png","width":156,"height":155,"caption":"Edonart"},"image":{"@id":"https:\/\/www.edonart.com\/it\/#\/schema\/logo\/image\/"}}]}},"_links":{"self":[{"href":"https:\/\/www.edonart.com\/it\/wp-json\/wp\/v2\/product\/8416"}],"collection":[{"href":"https:\/\/www.edonart.com\/it\/wp-json\/wp\/v2\/product"}],"about":[{"href":"https:\/\/www.edonart.com\/it\/wp-json\/wp\/v2\/types\/product"}],"wp:featuredmedia":[{"embeddable":true,"href":"https:\/\/www.edonart.com\/it\/wp-json\/wp\/v2\/media\/8417"}],"wp:attachment":[{"href":"https:\/\/www.edonart.com\/it\/wp-json\/wp\/v2\/media?parent=8416"}],"wp:term":[{"taxonomy":"product_cat","embeddable":true,"href":"https:\/\/www.edonart.com\/it\/wp-json\/wp\/v2\/product_cat?post=8416"},{"taxonomy":"product_tag","embeddable":true,"href":"https:\/\/www.edonart.com\/it\/wp-json\/wp\/v2\/product_tag?post=8416"}],"curies":[{"name":"wp","href":"https:\/\/api.w.org\/{rel}","templated":true}]}}