{"id":8371,"date":"2020-06-07T15:58:01","date_gmt":"2020-06-07T13:58:01","guid":{"rendered":"https:\/\/www.edonart.com\/?post_type=product&#038;p=8371"},"modified":"2020-06-18T15:44:41","modified_gmt":"2020-06-18T13:44:41","slug":"bardot-tu-nero-verniciato","status":"publish","type":"product","link":"https:\/\/www.edonart.com\/it\/arredamento\/sedie\/bardot-tu-nero-verniciato\/","title":{"rendered":"Bardot Tu Nero Verniciato"},"content":{"rendered":"<p>[vc_row][vc_column][vc_tta_accordion][vc_tta_section title=&#8221;Specifiche&#8221; tab_id=&#8221;specifiche&#8221;][vc_column_text]<\/p>\n<p>[\/vc_column_text][\/vc_tta_section][vc_tta_section title=&#8221;Tempistiche e Spedizione&#8221; tab_id=&#8221;spedizione&#8221;][vc_column_text]<span style=\"font-weight: 400\">Consegna prevista in 10-11 settimane.<\/span><\/p>\n<p>La spedizione si riferisce al peso volumetrico.[\/vc_column_text][\/vc_tta_section][vc_tta_section title=&#8221;Note Generali&#8221; tab_id=&#8221;1591090768140-d3e9def5-6f41&#8243;][vc_column_text]<strong>Conformit\u00e0 colori<\/strong><\/p>\n<p><span>I materiali possono variare di tonalit\u00e0 da una partita all\u2019altra. Edonart non si assume la responsabilit\u00e0 in caso di eventuali differenze di colore n\u00e9 pu\u00f2 garantire la perfetta corrispondenza tra il presente campionario e il materiale utilizzato per la realizzazione del prodotto.<\/span>[\/vc_column_text][\/vc_tta_section][vc_tta_section title=&#8221;note importanti&#8221; tab_id=&#8221;1592487836893-b92df3b0-e552&#8243;][vc_column_text]Questo prodotto \u00e8 &#8220;<strong>realizzato su richiesta<\/strong>&#8221; al momento dell&#8217;ordine.[\/vc_column_text][\/vc_tta_section][\/vc_tta_accordion][\/vc_column][\/vc_row]<\/p>\n","protected":false},"excerpt":{"rendered":"<p>Si distingue per eleganza e lucentezza la versione BARDOT TU che amplifica la sua cifra stilistica con nuove strutture, nuove tonalit\u00e0 pastello e colori vibranti, e finiture raffinate e attuali.\u00a0La struttura si alleggerisce con gambe pulite grazie all\u2019utilizzo del tondino in metallo. Un design piacevolmente morbido e garbato, quello della nuova Bardot Collection, dal sapore anni \u201950, fatto di volumi pieni, linee arrotondate, angoli smussati e nel quale si avverte una singolare armonia d\u2019insieme.\u00a0Con una vasta gamma di rivestimenti, tessuti ignifughi, lane, velluti, pelle o ecopelle, che rendono Bardot adatta sia agli ambienti domestici \u2013 cucina, sala da pranzo, studio \u2013 che a pi\u00f9 ampi contesti contract. <span><a href=\"https:\/\/www.edonart.com\/it\/contatti\/\">Contattaci<\/a> per ricevere la cartella materiali e colori con tutte le varianti possibili per creare la sedia perfetta per il tuo ambiente.<\/span><\/p>\n","protected":false},"featured_media":8373,"template":"","meta":[],"product_cat":[15,21],"product_tag":[1445,105],"acf":[],"yoast_head":"<!-- This site is optimized with the Yoast SEO plugin v19.9 - https:\/\/yoast.com\/wordpress\/plugins\/seo\/ -->\n<title>Bardot Tu Nero Verniciato | TrabA&#039; | Sedie di Design Online | Edonart<\/title>\n<meta name=\"description\" content=\"Bardot con struttura in metallo verniciato e scocca imbottita, disponibile in una vasta gamma di varianti colore. Entra e scopri la collezione TrabA&#039;.\" \/>\n<meta name=\"robots\" content=\"index, follow, max-snippet:-1, max-image-preview:large, max-video-preview:-1\" \/>\n<link rel=\"canonical\" href=\"https:\/\/www.edonart.com\/it\/arredamento\/sedie\/bardot-tu-nero-verniciato\/\" \/>\n<meta property=\"og:locale\" content=\"it_IT\" \/>\n<meta property=\"og:type\" content=\"article\" \/>\n<meta property=\"og:title\" content=\"Bardot Tu Nero Verniciato | TrabA&#039; | Sedie di Design Online | Edonart\" \/>\n<meta property=\"og:description\" content=\"Bardot con struttura in metallo verniciato e scocca imbottita, disponibile in una vasta gamma di varianti colore. Entra e scopri la collezione TrabA&#039;.\" \/>\n<meta property=\"og:url\" content=\"https:\/\/www.edonart.com\/it\/arredamento\/sedie\/bardot-tu-nero-verniciato\/\" \/>\n<meta property=\"og:site_name\" content=\"Edonart\" \/>\n<meta property=\"article:modified_time\" content=\"2020-06-18T13:44:41+00:00\" \/>\n<meta property=\"og:image\" content=\"https:\/\/www.edonart.com\/cms\/wp-content\/uploads\/2020\/06\/0033-MET-TU_1.png\" \/>\n\t<meta property=\"og:image:width\" content=\"1000\" \/>\n\t<meta property=\"og:image:height\" content=\"1000\" \/>\n\t<meta property=\"og:image:type\" content=\"image\/png\" \/>\n<meta name=\"twitter:card\" content=\"summary_large_image\" \/>\n<meta name=\"twitter:label1\" content=\"Tempo di lettura stimato\" \/>\n\t<meta name=\"twitter:data1\" content=\"1 minuto\" \/>\n<script type=\"application\/ld+json\" class=\"yoast-schema-graph\">{\"@context\":\"https:\/\/schema.org\",\"@graph\":[{\"@type\":\"WebPage\",\"@id\":\"https:\/\/www.edonart.com\/it\/arredamento\/sedie\/bardot-tu-nero-verniciato\/\",\"url\":\"https:\/\/www.edonart.com\/it\/arredamento\/sedie\/bardot-tu-nero-verniciato\/\",\"name\":\"Bardot Tu Nero Verniciato | TrabA' | Sedie di Design Online | Edonart\",\"isPartOf\":{\"@id\":\"https:\/\/www.edonart.com\/it\/#website\"},\"datePublished\":\"2020-06-07T13:58:01+00:00\",\"dateModified\":\"2020-06-18T13:44:41+00:00\",\"description\":\"Bardot con struttura in metallo verniciato e scocca imbottita, disponibile in una vasta gamma di varianti colore. Entra e scopri la collezione TrabA'.\",\"breadcrumb\":{\"@id\":\"https:\/\/www.edonart.com\/it\/arredamento\/sedie\/bardot-tu-nero-verniciato\/#breadcrumb\"},\"inLanguage\":\"it-IT\",\"potentialAction\":[{\"@type\":\"ReadAction\",\"target\":[\"https:\/\/www.edonart.com\/it\/arredamento\/sedie\/bardot-tu-nero-verniciato\/\"]}]},{\"@type\":\"BreadcrumbList\",\"@id\":\"https:\/\/www.edonart.com\/it\/arredamento\/sedie\/bardot-tu-nero-verniciato\/#breadcrumb\",\"itemListElement\":[{\"@type\":\"ListItem\",\"position\":1,\"name\":\"Home\",\"item\":\"https:\/\/www.edonart.com\/it\/\"},{\"@type\":\"ListItem\",\"position\":2,\"name\":\"Shop\",\"item\":\"https:\/\/www.edonart.com\/it\/shop\/\"},{\"@type\":\"ListItem\",\"position\":3,\"name\":\"Arredamento\",\"item\":\"https:\/\/www.edonart.com\/it\/arredamento\/\"},{\"@type\":\"ListItem\",\"position\":4,\"name\":\"Sedie\",\"item\":\"https:\/\/www.edonart.com\/it\/arredamento\/sedie\/\"},{\"@type\":\"ListItem\",\"position\":5,\"name\":\"Bardot Tu Nero Verniciato\"}]},{\"@type\":\"WebSite\",\"@id\":\"https:\/\/www.edonart.com\/it\/#website\",\"url\":\"https:\/\/www.edonart.com\/it\/\",\"name\":\"Edonart\",\"description\":\"Design Is An Attitude\",\"publisher\":{\"@id\":\"https:\/\/www.edonart.com\/it\/#organization\"},\"potentialAction\":[{\"@type\":\"SearchAction\",\"target\":{\"@type\":\"EntryPoint\",\"urlTemplate\":\"https:\/\/www.edonart.com\/it\/?s={search_term_string}\"},\"query-input\":\"required name=search_term_string\"}],\"inLanguage\":\"it-IT\"},{\"@type\":\"Organization\",\"@id\":\"https:\/\/www.edonart.com\/it\/#organization\",\"name\":\"Edonart\",\"url\":\"https:\/\/www.edonart.com\/it\/\",\"logo\":{\"@type\":\"ImageObject\",\"inLanguage\":\"it-IT\",\"@id\":\"https:\/\/www.edonart.com\/it\/#\/schema\/logo\/image\/\",\"url\":\"https:\/\/www.edonart.com\/cms\/wp-content\/uploads\/2018\/09\/logo-edon-blac.png\",\"contentUrl\":\"https:\/\/www.edonart.com\/cms\/wp-content\/uploads\/2018\/09\/logo-edon-blac.png\",\"width\":156,\"height\":155,\"caption\":\"Edonart\"},\"image\":{\"@id\":\"https:\/\/www.edonart.com\/it\/#\/schema\/logo\/image\/\"}}]}<\/script>\n<!-- \/ Yoast SEO plugin. -->","yoast_head_json":{"title":"Bardot Tu Nero Verniciato | TrabA' | Sedie di Design Online | Edonart","description":"Bardot con struttura in metallo verniciato e scocca imbottita, disponibile in una vasta gamma di varianti colore. Entra e scopri la collezione TrabA'.","robots":{"index":"index","follow":"follow","max-snippet":"max-snippet:-1","max-image-preview":"max-image-preview:large","max-video-preview":"max-video-preview:-1"},"canonical":"https:\/\/www.edonart.com\/it\/arredamento\/sedie\/bardot-tu-nero-verniciato\/","og_locale":"it_IT","og_type":"article","og_title":"Bardot Tu Nero Verniciato | TrabA' | Sedie di Design Online | Edonart","og_description":"Bardot con struttura in metallo verniciato e scocca imbottita, disponibile in una vasta gamma di varianti colore. Entra e scopri la collezione TrabA'.","og_url":"https:\/\/www.edonart.com\/it\/arredamento\/sedie\/bardot-tu-nero-verniciato\/","og_site_name":"Edonart","article_modified_time":"2020-06-18T13:44:41+00:00","og_image":[{"width":1000,"height":1000,"url":"https:\/\/www.edonart.com\/cms\/wp-content\/uploads\/2020\/06\/0033-MET-TU_1.png","type":"image\/png"}],"twitter_card":"summary_large_image","twitter_misc":{"Tempo di lettura stimato":"1 minuto"},"schema":{"@context":"https:\/\/schema.org","@graph":[{"@type":"WebPage","@id":"https:\/\/www.edonart.com\/it\/arredamento\/sedie\/bardot-tu-nero-verniciato\/","url":"https:\/\/www.edonart.com\/it\/arredamento\/sedie\/bardot-tu-nero-verniciato\/","name":"Bardot Tu Nero Verniciato | TrabA' | Sedie di Design Online | Edonart","isPartOf":{"@id":"https:\/\/www.edonart.com\/it\/#website"},"datePublished":"2020-06-07T13:58:01+00:00","dateModified":"2020-06-18T13:44:41+00:00","description":"Bardot con struttura in metallo verniciato e scocca imbottita, disponibile in una vasta gamma di varianti colore. Entra e scopri la collezione TrabA'.","breadcrumb":{"@id":"https:\/\/www.edonart.com\/it\/arredamento\/sedie\/bardot-tu-nero-verniciato\/#breadcrumb"},"inLanguage":"it-IT","potentialAction":[{"@type":"ReadAction","target":["https:\/\/www.edonart.com\/it\/arredamento\/sedie\/bardot-tu-nero-verniciato\/"]}]},{"@type":"BreadcrumbList","@id":"https:\/\/www.edonart.com\/it\/arredamento\/sedie\/bardot-tu-nero-verniciato\/#breadcrumb","itemListElement":[{"@type":"ListItem","position":1,"name":"Home","item":"https:\/\/www.edonart.com\/it\/"},{"@type":"ListItem","position":2,"name":"Shop","item":"https:\/\/www.edonart.com\/it\/shop\/"},{"@type":"ListItem","position":3,"name":"Arredamento","item":"https:\/\/www.edonart.com\/it\/arredamento\/"},{"@type":"ListItem","position":4,"name":"Sedie","item":"https:\/\/www.edonart.com\/it\/arredamento\/sedie\/"},{"@type":"ListItem","position":5,"name":"Bardot Tu Nero Verniciato"}]},{"@type":"WebSite","@id":"https:\/\/www.edonart.com\/it\/#website","url":"https:\/\/www.edonart.com\/it\/","name":"Edonart","description":"Design Is An Attitude","publisher":{"@id":"https:\/\/www.edonart.com\/it\/#organization"},"potentialAction":[{"@type":"SearchAction","target":{"@type":"EntryPoint","urlTemplate":"https:\/\/www.edonart.com\/it\/?s={search_term_string}"},"query-input":"required name=search_term_string"}],"inLanguage":"it-IT"},{"@type":"Organization","@id":"https:\/\/www.edonart.com\/it\/#organization","name":"Edonart","url":"https:\/\/www.edonart.com\/it\/","logo":{"@type":"ImageObject","inLanguage":"it-IT","@id":"https:\/\/www.edonart.com\/it\/#\/schema\/logo\/image\/","url":"https:\/\/www.edonart.com\/cms\/wp-content\/uploads\/2018\/09\/logo-edon-blac.png","contentUrl":"https:\/\/www.edonart.com\/cms\/wp-content\/uploads\/2018\/09\/logo-edon-blac.png","width":156,"height":155,"caption":"Edonart"},"image":{"@id":"https:\/\/www.edonart.com\/it\/#\/schema\/logo\/image\/"}}]}},"_links":{"self":[{"href":"https:\/\/www.edonart.com\/it\/wp-json\/wp\/v2\/product\/8371"}],"collection":[{"href":"https:\/\/www.edonart.com\/it\/wp-json\/wp\/v2\/product"}],"about":[{"href":"https:\/\/www.edonart.com\/it\/wp-json\/wp\/v2\/types\/product"}],"wp:featuredmedia":[{"embeddable":true,"href":"https:\/\/www.edonart.com\/it\/wp-json\/wp\/v2\/media\/8373"}],"wp:attachment":[{"href":"https:\/\/www.edonart.com\/it\/wp-json\/wp\/v2\/media?parent=8371"}],"wp:term":[{"taxonomy":"product_cat","embeddable":true,"href":"https:\/\/www.edonart.com\/it\/wp-json\/wp\/v2\/product_cat?post=8371"},{"taxonomy":"product_tag","embeddable":true,"href":"https:\/\/www.edonart.com\/it\/wp-json\/wp\/v2\/product_tag?post=8371"}],"curies":[{"name":"wp","href":"https:\/\/api.w.org\/{rel}","templated":true}]}}