{"id":4778,"date":"2020-03-01T17:15:24","date_gmt":"2020-03-01T16:15:24","guid":{"rendered":"https:\/\/www.edonart.com\/?post_type=product&#038;p=4778"},"modified":"2024-08-21T16:57:17","modified_gmt":"2024-08-21T14:57:17","slug":"giraffe-in-love-m","status":"publish","type":"product","link":"https:\/\/www.edonart.com\/it\/illuminazione\/giraffe-in-love-m\/","title":{"rendered":"Giraffe in Love M Indoor"},"content":{"rendered":"<p>[vc_row][vc_column][vc_tta_accordion][vc_tta_section title=&#8221;Specifiche&#8221; tab_id=&#8221;specifiche&#8221;][vc_column_text]<\/p>\n<p>[\/vc_column_text][\/vc_tta_section][vc_tta_section title=&#8221;Tempistiche e Spedizione&#8221; tab_id=&#8221;spedizione&#8221;][vc_column_text]<span style=\"font-weight: 400\">Consegna prevista in 5 settimane.<\/span><\/p>\n<p>La spedizione si riferisce al peso volumetrico.[\/vc_column_text][\/vc_tta_section][vc_tta_section title=&#8221;Dati Tecnici&#8221; tab_id=&#8221;dati_tecnici&#8221;][vc_column_text]<i>Light Source<\/i><span>: 12x E14x8W MAX 230V~50Hz (NOT INCLUDED)<\/span><\/p>\n<p>Lampadario Dimmerabile[\/vc_column_text][\/vc_tta_section][\/vc_tta_accordion][\/vc_column][\/vc_row]<\/p>\n","protected":false},"excerpt":{"rendered":"<p>Giraffe in Love M \u00e8 la nuova proposta di Qeeboo nata dalla collaborazione con il designer Marcantonio. La giraffa \u00e8 stata proposta con la dimensione di 2,65 metri che le permette di entrare in tutte le case e cos\u00ec chiunque pu\u00f2 esporla nella propria abitazione.<br \/>\n<span class=\"s1\">L\u2019iconica giraffa, prodotta in rotazionale nella versione alta 2.65m, \u00e8 zavorrata nelle gambe posteriori per massimizzarne la stabilit\u00e0 ed \u00e8 provvista di un dimmer che permette di regolare l\u2019intensit\u00e0 luminosa della lampada.<\/span><\/p>\n<p><a href=\"https:\/\/www.edonart.com\/it\/contatti\/\">Su richiesta<\/a> disponibile anche la versione XL da 4 metri sia Indoor che Outdoor.<\/p>\n","protected":false},"featured_media":14750,"template":"","meta":[],"product_cat":[117,20,29],"product_tag":[1445,1098],"acf":[],"yoast_head":"<!-- This site is optimized with the Yoast SEO plugin v19.9 - https:\/\/yoast.com\/wordpress\/plugins\/seo\/ -->\n<title>Giraffe in Love M Indoor | Rivenditore Ufficiale Qeeboo | Edonart<\/title>\n<meta name=\"description\" content=\"Acquista subito Giraffe in Love M Indoor di Qeeboo su Edonart. Spedizione Gratuita. Iscriviti alla newsletter per accedere agli sconti.\" \/>\n<meta name=\"robots\" content=\"index, follow, max-snippet:-1, max-image-preview:large, max-video-preview:-1\" \/>\n<link rel=\"canonical\" href=\"https:\/\/www.edonart.com\/it\/illuminazione\/giraffe-in-love-m\/\" \/>\n<meta property=\"og:locale\" content=\"it_IT\" \/>\n<meta property=\"og:type\" content=\"article\" \/>\n<meta property=\"og:title\" content=\"Giraffe in Love M Indoor | Rivenditore Ufficiale Qeeboo | Edonart\" \/>\n<meta property=\"og:description\" content=\"Acquista subito Giraffe in Love M Indoor di Qeeboo su Edonart. Spedizione Gratuita. Iscriviti alla newsletter per accedere agli sconti.\" \/>\n<meta property=\"og:url\" content=\"https:\/\/www.edonart.com\/it\/illuminazione\/giraffe-in-love-m\/\" \/>\n<meta property=\"og:site_name\" content=\"Edonart\" \/>\n<meta property=\"article:modified_time\" content=\"2024-08-21T14:57:17+00:00\" \/>\n<meta property=\"og:image\" content=\"https:\/\/www.edonart.com\/cms\/wp-content\/uploads\/2020\/03\/giraffa-M.jpg\" \/>\n\t<meta property=\"og:image:width\" content=\"1000\" \/>\n\t<meta property=\"og:image:height\" content=\"1000\" \/>\n\t<meta property=\"og:image:type\" content=\"image\/jpeg\" \/>\n<meta name=\"twitter:card\" content=\"summary_large_image\" \/>\n<meta name=\"twitter:label1\" content=\"Tempo di lettura stimato\" \/>\n\t<meta name=\"twitter:data1\" content=\"1 minuto\" \/>\n<script type=\"application\/ld+json\" class=\"yoast-schema-graph\">{\"@context\":\"https:\/\/schema.org\",\"@graph\":[{\"@type\":\"WebPage\",\"@id\":\"https:\/\/www.edonart.com\/it\/illuminazione\/giraffe-in-love-m\/\",\"url\":\"https:\/\/www.edonart.com\/it\/illuminazione\/giraffe-in-love-m\/\",\"name\":\"Giraffe in Love M Indoor | Rivenditore Ufficiale Qeeboo | Edonart\",\"isPartOf\":{\"@id\":\"https:\/\/www.edonart.com\/it\/#website\"},\"datePublished\":\"2020-03-01T16:15:24+00:00\",\"dateModified\":\"2024-08-21T14:57:17+00:00\",\"description\":\"Acquista subito Giraffe in Love M Indoor di Qeeboo su Edonart. Spedizione Gratuita. Iscriviti alla newsletter per accedere agli sconti.\",\"breadcrumb\":{\"@id\":\"https:\/\/www.edonart.com\/it\/illuminazione\/giraffe-in-love-m\/#breadcrumb\"},\"inLanguage\":\"it-IT\",\"potentialAction\":[{\"@type\":\"ReadAction\",\"target\":[\"https:\/\/www.edonart.com\/it\/illuminazione\/giraffe-in-love-m\/\"]}]},{\"@type\":\"BreadcrumbList\",\"@id\":\"https:\/\/www.edonart.com\/it\/illuminazione\/giraffe-in-love-m\/#breadcrumb\",\"itemListElement\":[{\"@type\":\"ListItem\",\"position\":1,\"name\":\"Home\",\"item\":\"https:\/\/www.edonart.com\/it\/\"},{\"@type\":\"ListItem\",\"position\":2,\"name\":\"Shop\",\"item\":\"https:\/\/www.edonart.com\/it\/shop\/\"},{\"@type\":\"ListItem\",\"position\":3,\"name\":\"Illuminazione\",\"item\":\"https:\/\/www.edonart.com\/it\/illuminazione\/\"},{\"@type\":\"ListItem\",\"position\":4,\"name\":\"Giraffe in Love M Indoor\"}]},{\"@type\":\"WebSite\",\"@id\":\"https:\/\/www.edonart.com\/it\/#website\",\"url\":\"https:\/\/www.edonart.com\/it\/\",\"name\":\"Edonart\",\"description\":\"Design Is An Attitude\",\"publisher\":{\"@id\":\"https:\/\/www.edonart.com\/it\/#organization\"},\"potentialAction\":[{\"@type\":\"SearchAction\",\"target\":{\"@type\":\"EntryPoint\",\"urlTemplate\":\"https:\/\/www.edonart.com\/it\/?s={search_term_string}\"},\"query-input\":\"required name=search_term_string\"}],\"inLanguage\":\"it-IT\"},{\"@type\":\"Organization\",\"@id\":\"https:\/\/www.edonart.com\/it\/#organization\",\"name\":\"Edonart\",\"url\":\"https:\/\/www.edonart.com\/it\/\",\"logo\":{\"@type\":\"ImageObject\",\"inLanguage\":\"it-IT\",\"@id\":\"https:\/\/www.edonart.com\/it\/#\/schema\/logo\/image\/\",\"url\":\"https:\/\/www.edonart.com\/cms\/wp-content\/uploads\/2018\/09\/logo-edon-blac.png\",\"contentUrl\":\"https:\/\/www.edonart.com\/cms\/wp-content\/uploads\/2018\/09\/logo-edon-blac.png\",\"width\":156,\"height\":155,\"caption\":\"Edonart\"},\"image\":{\"@id\":\"https:\/\/www.edonart.com\/it\/#\/schema\/logo\/image\/\"}}]}<\/script>\n<!-- \/ Yoast SEO plugin. -->","yoast_head_json":{"title":"Giraffe in Love M Indoor | Rivenditore Ufficiale Qeeboo | Edonart","description":"Acquista subito Giraffe in Love M Indoor di Qeeboo su Edonart. Spedizione Gratuita. Iscriviti alla newsletter per accedere agli sconti.","robots":{"index":"index","follow":"follow","max-snippet":"max-snippet:-1","max-image-preview":"max-image-preview:large","max-video-preview":"max-video-preview:-1"},"canonical":"https:\/\/www.edonart.com\/it\/illuminazione\/giraffe-in-love-m\/","og_locale":"it_IT","og_type":"article","og_title":"Giraffe in Love M Indoor | Rivenditore Ufficiale Qeeboo | Edonart","og_description":"Acquista subito Giraffe in Love M Indoor di Qeeboo su Edonart. Spedizione Gratuita. Iscriviti alla newsletter per accedere agli sconti.","og_url":"https:\/\/www.edonart.com\/it\/illuminazione\/giraffe-in-love-m\/","og_site_name":"Edonart","article_modified_time":"2024-08-21T14:57:17+00:00","og_image":[{"width":1000,"height":1000,"url":"https:\/\/www.edonart.com\/cms\/wp-content\/uploads\/2020\/03\/giraffa-M.jpg","type":"image\/jpeg"}],"twitter_card":"summary_large_image","twitter_misc":{"Tempo di lettura stimato":"1 minuto"},"schema":{"@context":"https:\/\/schema.org","@graph":[{"@type":"WebPage","@id":"https:\/\/www.edonart.com\/it\/illuminazione\/giraffe-in-love-m\/","url":"https:\/\/www.edonart.com\/it\/illuminazione\/giraffe-in-love-m\/","name":"Giraffe in Love M Indoor | Rivenditore Ufficiale Qeeboo | Edonart","isPartOf":{"@id":"https:\/\/www.edonart.com\/it\/#website"},"datePublished":"2020-03-01T16:15:24+00:00","dateModified":"2024-08-21T14:57:17+00:00","description":"Acquista subito Giraffe in Love M Indoor di Qeeboo su Edonart. Spedizione Gratuita. Iscriviti alla newsletter per accedere agli sconti.","breadcrumb":{"@id":"https:\/\/www.edonart.com\/it\/illuminazione\/giraffe-in-love-m\/#breadcrumb"},"inLanguage":"it-IT","potentialAction":[{"@type":"ReadAction","target":["https:\/\/www.edonart.com\/it\/illuminazione\/giraffe-in-love-m\/"]}]},{"@type":"BreadcrumbList","@id":"https:\/\/www.edonart.com\/it\/illuminazione\/giraffe-in-love-m\/#breadcrumb","itemListElement":[{"@type":"ListItem","position":1,"name":"Home","item":"https:\/\/www.edonart.com\/it\/"},{"@type":"ListItem","position":2,"name":"Shop","item":"https:\/\/www.edonart.com\/it\/shop\/"},{"@type":"ListItem","position":3,"name":"Illuminazione","item":"https:\/\/www.edonart.com\/it\/illuminazione\/"},{"@type":"ListItem","position":4,"name":"Giraffe in Love M Indoor"}]},{"@type":"WebSite","@id":"https:\/\/www.edonart.com\/it\/#website","url":"https:\/\/www.edonart.com\/it\/","name":"Edonart","description":"Design Is An Attitude","publisher":{"@id":"https:\/\/www.edonart.com\/it\/#organization"},"potentialAction":[{"@type":"SearchAction","target":{"@type":"EntryPoint","urlTemplate":"https:\/\/www.edonart.com\/it\/?s={search_term_string}"},"query-input":"required name=search_term_string"}],"inLanguage":"it-IT"},{"@type":"Organization","@id":"https:\/\/www.edonart.com\/it\/#organization","name":"Edonart","url":"https:\/\/www.edonart.com\/it\/","logo":{"@type":"ImageObject","inLanguage":"it-IT","@id":"https:\/\/www.edonart.com\/it\/#\/schema\/logo\/image\/","url":"https:\/\/www.edonart.com\/cms\/wp-content\/uploads\/2018\/09\/logo-edon-blac.png","contentUrl":"https:\/\/www.edonart.com\/cms\/wp-content\/uploads\/2018\/09\/logo-edon-blac.png","width":156,"height":155,"caption":"Edonart"},"image":{"@id":"https:\/\/www.edonart.com\/it\/#\/schema\/logo\/image\/"}}]}},"_links":{"self":[{"href":"https:\/\/www.edonart.com\/it\/wp-json\/wp\/v2\/product\/4778"}],"collection":[{"href":"https:\/\/www.edonart.com\/it\/wp-json\/wp\/v2\/product"}],"about":[{"href":"https:\/\/www.edonart.com\/it\/wp-json\/wp\/v2\/types\/product"}],"wp:featuredmedia":[{"embeddable":true,"href":"https:\/\/www.edonart.com\/it\/wp-json\/wp\/v2\/media\/14750"}],"wp:attachment":[{"href":"https:\/\/www.edonart.com\/it\/wp-json\/wp\/v2\/media?parent=4778"}],"wp:term":[{"taxonomy":"product_cat","embeddable":true,"href":"https:\/\/www.edonart.com\/it\/wp-json\/wp\/v2\/product_cat?post=4778"},{"taxonomy":"product_tag","embeddable":true,"href":"https:\/\/www.edonart.com\/it\/wp-json\/wp\/v2\/product_tag?post=4778"}],"curies":[{"name":"wp","href":"https:\/\/api.w.org\/{rel}","templated":true}]}}