{"id":4336,"date":"2020-02-16T15:09:05","date_gmt":"2020-02-16T14:09:05","guid":{"rendered":"https:\/\/www.edonart.com\/?post_type=product&#038;p=4336"},"modified":"2020-06-18T18:08:18","modified_gmt":"2020-06-18T16:08:18","slug":"blitz-1969","status":"publish","type":"product","link":"https:\/\/www.edonart.com\/it\/illuminazione\/lampade\/da-tavolo\/blitz-1969\/","title":{"rendered":"Blitz 1969"},"content":{"rendered":"<p>[vc_row][vc_column][vc_tta_accordion][vc_tta_section title=&#8221;Specifiche&#8221; tab_id=&#8221;specifiche&#8221;][vc_column_text]<\/p>\n<p>[\/vc_column_text][\/vc_tta_section][vc_tta_section title=&#8221;Tempistiche e Spedizione&#8221; tab_id=&#8221;spedizione&#8221;][vc_column_text]<span style=\"font-weight: 400\">Consegna prevista in 5 settimane.<\/span><\/p>\n<p>La spedizione si riferisce al peso volumetrico.[\/vc_column_text][\/vc_tta_section][vc_tta_section title=&#8221;Specifiche Tecniche&#8221; tab_id=&#8221;1581864241324-1304a495-8b25&#8243;][vc_column_text]220-250V \u00a0&#8211; 50\/60 Hz<\/p>\n<p>1x Max 20W E27 LED[\/vc_column_text][\/vc_tta_section][vc_tta_section title=&#8221;note importanti&#8221; tab_id=&#8221;1592496477585-54c93e7f-232c&#8221;][vc_column_text]Questo prodotto \u00e8 &#8220;<strong>realizzato su richiesta<\/strong>&#8221; al momento dell&#8217;ordine.[\/vc_column_text][\/vc_tta_section][\/vc_tta_accordion][\/vc_column][\/vc_row]<\/p>\n","protected":false},"excerpt":{"rendered":"<p>Blitz 1969 \u00e8 la rivisitazione della fantastica e omonima lampada da tavolo nata dalla collaborazione tra l&#8217;architetto Francesco Trabucco e l&#8217;amico ingegnere Marcello Vecchi nel 1969. Blitz 1969 \u00e8 una lampada che determina la semplicit\u00e0 delle linee d&#8217;insieme. Nasce dall&#8217;idea di sprecare il meno possibile, infatti \u00e8 composta da un unico pezzo di lamiera lavorato e piegato per formare una lampada che diviene nel tempo in icona di design. Codiceicona nel 2018 riedita Blitz proponendo l&#8217;appeal del design senza tempo. Questa pezzo \u00e8 la lampada immancabile nella collezione di ogni designer.<\/p>\n","protected":false},"featured_media":4346,"template":"","meta":[],"product_cat":[89,20,30],"product_tag":[1445],"acf":[],"yoast_head":"<!-- This site is optimized with the Yoast SEO plugin v19.9 - https:\/\/yoast.com\/wordpress\/plugins\/seo\/ -->\n<title>Blitz 1969 | Codiceicona | Lampada da Tavolo Design Online | Edonart<\/title>\n<meta name=\"description\" content=\"Blitz, la lampada da tavolo in icona di design firmata Francesco Trabucco. Entra nel nostro sito e scopri la collezione firmata Codiceicona.\" \/>\n<meta name=\"robots\" content=\"index, follow, max-snippet:-1, max-image-preview:large, max-video-preview:-1\" \/>\n<link rel=\"canonical\" href=\"https:\/\/www.edonart.com\/it\/illuminazione\/lampade\/da-tavolo\/blitz-1969\/\" \/>\n<meta property=\"og:locale\" content=\"it_IT\" \/>\n<meta property=\"og:type\" content=\"article\" \/>\n<meta property=\"og:title\" content=\"Blitz 1969 | Codiceicona | Lampada da Tavolo Design Online | Edonart\" \/>\n<meta property=\"og:description\" content=\"Blitz, la lampada da tavolo in icona di design firmata Francesco Trabucco. Entra nel nostro sito e scopri la collezione firmata Codiceicona.\" \/>\n<meta property=\"og:url\" content=\"https:\/\/www.edonart.com\/it\/illuminazione\/lampade\/da-tavolo\/blitz-1969\/\" \/>\n<meta property=\"og:site_name\" content=\"Edonart\" \/>\n<meta property=\"article:modified_time\" content=\"2020-06-18T16:08:18+00:00\" \/>\n<meta property=\"og:image\" content=\"https:\/\/www.edonart.com\/cms\/wp-content\/uploads\/2020\/02\/Blitz-rosso.png\" \/>\n\t<meta property=\"og:image:width\" content=\"1000\" \/>\n\t<meta property=\"og:image:height\" content=\"1000\" \/>\n\t<meta property=\"og:image:type\" content=\"image\/png\" \/>\n<meta name=\"twitter:card\" content=\"summary_large_image\" \/>\n<meta name=\"twitter:label1\" content=\"Tempo di lettura stimato\" \/>\n\t<meta name=\"twitter:data1\" content=\"1 minuto\" \/>\n<script type=\"application\/ld+json\" class=\"yoast-schema-graph\">{\"@context\":\"https:\/\/schema.org\",\"@graph\":[{\"@type\":\"WebPage\",\"@id\":\"https:\/\/www.edonart.com\/it\/illuminazione\/lampade\/da-tavolo\/blitz-1969\/\",\"url\":\"https:\/\/www.edonart.com\/it\/illuminazione\/lampade\/da-tavolo\/blitz-1969\/\",\"name\":\"Blitz 1969 | Codiceicona | Lampada da Tavolo Design Online | Edonart\",\"isPartOf\":{\"@id\":\"https:\/\/www.edonart.com\/it\/#website\"},\"datePublished\":\"2020-02-16T14:09:05+00:00\",\"dateModified\":\"2020-06-18T16:08:18+00:00\",\"description\":\"Blitz, la lampada da tavolo in icona di design firmata Francesco Trabucco. Entra nel nostro sito e scopri la collezione firmata Codiceicona.\",\"breadcrumb\":{\"@id\":\"https:\/\/www.edonart.com\/it\/illuminazione\/lampade\/da-tavolo\/blitz-1969\/#breadcrumb\"},\"inLanguage\":\"it-IT\",\"potentialAction\":[{\"@type\":\"ReadAction\",\"target\":[\"https:\/\/www.edonart.com\/it\/illuminazione\/lampade\/da-tavolo\/blitz-1969\/\"]}]},{\"@type\":\"BreadcrumbList\",\"@id\":\"https:\/\/www.edonart.com\/it\/illuminazione\/lampade\/da-tavolo\/blitz-1969\/#breadcrumb\",\"itemListElement\":[{\"@type\":\"ListItem\",\"position\":1,\"name\":\"Home\",\"item\":\"https:\/\/www.edonart.com\/it\/\"},{\"@type\":\"ListItem\",\"position\":2,\"name\":\"Shop\",\"item\":\"https:\/\/www.edonart.com\/it\/shop\/\"},{\"@type\":\"ListItem\",\"position\":3,\"name\":\"Illuminazione\",\"item\":\"https:\/\/www.edonart.com\/it\/illuminazione\/\"},{\"@type\":\"ListItem\",\"position\":4,\"name\":\"Lampade\",\"item\":\"https:\/\/www.edonart.com\/it\/illuminazione\/lampade\/\"},{\"@type\":\"ListItem\",\"position\":5,\"name\":\"Da tavolo\",\"item\":\"https:\/\/www.edonart.com\/it\/illuminazione\/lampade\/da-tavolo\/\"},{\"@type\":\"ListItem\",\"position\":6,\"name\":\"Blitz 1969\"}]},{\"@type\":\"WebSite\",\"@id\":\"https:\/\/www.edonart.com\/it\/#website\",\"url\":\"https:\/\/www.edonart.com\/it\/\",\"name\":\"Edonart\",\"description\":\"Design Is An Attitude\",\"publisher\":{\"@id\":\"https:\/\/www.edonart.com\/it\/#organization\"},\"potentialAction\":[{\"@type\":\"SearchAction\",\"target\":{\"@type\":\"EntryPoint\",\"urlTemplate\":\"https:\/\/www.edonart.com\/it\/?s={search_term_string}\"},\"query-input\":\"required name=search_term_string\"}],\"inLanguage\":\"it-IT\"},{\"@type\":\"Organization\",\"@id\":\"https:\/\/www.edonart.com\/it\/#organization\",\"name\":\"Edonart\",\"url\":\"https:\/\/www.edonart.com\/it\/\",\"logo\":{\"@type\":\"ImageObject\",\"inLanguage\":\"it-IT\",\"@id\":\"https:\/\/www.edonart.com\/it\/#\/schema\/logo\/image\/\",\"url\":\"https:\/\/www.edonart.com\/cms\/wp-content\/uploads\/2018\/09\/logo-edon-blac.png\",\"contentUrl\":\"https:\/\/www.edonart.com\/cms\/wp-content\/uploads\/2018\/09\/logo-edon-blac.png\",\"width\":156,\"height\":155,\"caption\":\"Edonart\"},\"image\":{\"@id\":\"https:\/\/www.edonart.com\/it\/#\/schema\/logo\/image\/\"}}]}<\/script>\n<!-- \/ Yoast SEO plugin. -->","yoast_head_json":{"title":"Blitz 1969 | Codiceicona | Lampada da Tavolo Design Online | Edonart","description":"Blitz, la lampada da tavolo in icona di design firmata Francesco Trabucco. Entra nel nostro sito e scopri la collezione firmata Codiceicona.","robots":{"index":"index","follow":"follow","max-snippet":"max-snippet:-1","max-image-preview":"max-image-preview:large","max-video-preview":"max-video-preview:-1"},"canonical":"https:\/\/www.edonart.com\/it\/illuminazione\/lampade\/da-tavolo\/blitz-1969\/","og_locale":"it_IT","og_type":"article","og_title":"Blitz 1969 | Codiceicona | Lampada da Tavolo Design Online | Edonart","og_description":"Blitz, la lampada da tavolo in icona di design firmata Francesco Trabucco. Entra nel nostro sito e scopri la collezione firmata Codiceicona.","og_url":"https:\/\/www.edonart.com\/it\/illuminazione\/lampade\/da-tavolo\/blitz-1969\/","og_site_name":"Edonart","article_modified_time":"2020-06-18T16:08:18+00:00","og_image":[{"width":1000,"height":1000,"url":"https:\/\/www.edonart.com\/cms\/wp-content\/uploads\/2020\/02\/Blitz-rosso.png","type":"image\/png"}],"twitter_card":"summary_large_image","twitter_misc":{"Tempo di lettura stimato":"1 minuto"},"schema":{"@context":"https:\/\/schema.org","@graph":[{"@type":"WebPage","@id":"https:\/\/www.edonart.com\/it\/illuminazione\/lampade\/da-tavolo\/blitz-1969\/","url":"https:\/\/www.edonart.com\/it\/illuminazione\/lampade\/da-tavolo\/blitz-1969\/","name":"Blitz 1969 | Codiceicona | Lampada da Tavolo Design Online | Edonart","isPartOf":{"@id":"https:\/\/www.edonart.com\/it\/#website"},"datePublished":"2020-02-16T14:09:05+00:00","dateModified":"2020-06-18T16:08:18+00:00","description":"Blitz, la lampada da tavolo in icona di design firmata Francesco Trabucco. Entra nel nostro sito e scopri la collezione firmata Codiceicona.","breadcrumb":{"@id":"https:\/\/www.edonart.com\/it\/illuminazione\/lampade\/da-tavolo\/blitz-1969\/#breadcrumb"},"inLanguage":"it-IT","potentialAction":[{"@type":"ReadAction","target":["https:\/\/www.edonart.com\/it\/illuminazione\/lampade\/da-tavolo\/blitz-1969\/"]}]},{"@type":"BreadcrumbList","@id":"https:\/\/www.edonart.com\/it\/illuminazione\/lampade\/da-tavolo\/blitz-1969\/#breadcrumb","itemListElement":[{"@type":"ListItem","position":1,"name":"Home","item":"https:\/\/www.edonart.com\/it\/"},{"@type":"ListItem","position":2,"name":"Shop","item":"https:\/\/www.edonart.com\/it\/shop\/"},{"@type":"ListItem","position":3,"name":"Illuminazione","item":"https:\/\/www.edonart.com\/it\/illuminazione\/"},{"@type":"ListItem","position":4,"name":"Lampade","item":"https:\/\/www.edonart.com\/it\/illuminazione\/lampade\/"},{"@type":"ListItem","position":5,"name":"Da tavolo","item":"https:\/\/www.edonart.com\/it\/illuminazione\/lampade\/da-tavolo\/"},{"@type":"ListItem","position":6,"name":"Blitz 1969"}]},{"@type":"WebSite","@id":"https:\/\/www.edonart.com\/it\/#website","url":"https:\/\/www.edonart.com\/it\/","name":"Edonart","description":"Design Is An Attitude","publisher":{"@id":"https:\/\/www.edonart.com\/it\/#organization"},"potentialAction":[{"@type":"SearchAction","target":{"@type":"EntryPoint","urlTemplate":"https:\/\/www.edonart.com\/it\/?s={search_term_string}"},"query-input":"required name=search_term_string"}],"inLanguage":"it-IT"},{"@type":"Organization","@id":"https:\/\/www.edonart.com\/it\/#organization","name":"Edonart","url":"https:\/\/www.edonart.com\/it\/","logo":{"@type":"ImageObject","inLanguage":"it-IT","@id":"https:\/\/www.edonart.com\/it\/#\/schema\/logo\/image\/","url":"https:\/\/www.edonart.com\/cms\/wp-content\/uploads\/2018\/09\/logo-edon-blac.png","contentUrl":"https:\/\/www.edonart.com\/cms\/wp-content\/uploads\/2018\/09\/logo-edon-blac.png","width":156,"height":155,"caption":"Edonart"},"image":{"@id":"https:\/\/www.edonart.com\/it\/#\/schema\/logo\/image\/"}}]}},"_links":{"self":[{"href":"https:\/\/www.edonart.com\/it\/wp-json\/wp\/v2\/product\/4336"}],"collection":[{"href":"https:\/\/www.edonart.com\/it\/wp-json\/wp\/v2\/product"}],"about":[{"href":"https:\/\/www.edonart.com\/it\/wp-json\/wp\/v2\/types\/product"}],"wp:featuredmedia":[{"embeddable":true,"href":"https:\/\/www.edonart.com\/it\/wp-json\/wp\/v2\/media\/4346"}],"wp:attachment":[{"href":"https:\/\/www.edonart.com\/it\/wp-json\/wp\/v2\/media?parent=4336"}],"wp:term":[{"taxonomy":"product_cat","embeddable":true,"href":"https:\/\/www.edonart.com\/it\/wp-json\/wp\/v2\/product_cat?post=4336"},{"taxonomy":"product_tag","embeddable":true,"href":"https:\/\/www.edonart.com\/it\/wp-json\/wp\/v2\/product_tag?post=4336"}],"curies":[{"name":"wp","href":"https:\/\/api.w.org\/{rel}","templated":true}]}}