{"id":29111,"date":"2025-04-18T16:11:45","date_gmt":"2025-04-18T14:11:45","guid":{"rendered":"https:\/\/www.edonart.com\/?post_type=product&#038;p=29111"},"modified":"2025-04-18T16:23:45","modified_gmt":"2025-04-18T14:23:45","slug":"arturo-statue-lacquered","status":"publish","type":"product","link":"https:\/\/www.edonart.com\/it\/oggettistica\/accessori\/arturo-statue-lacquered\/","title":{"rendered":"Arturo Statue Lacquered"},"content":{"rendered":"<p>[vc_row][vc_column][vc_tta_accordion][vc_tta_section title=&#8221;Specifiche&#8221; tab_id=&#8221;specifiche&#8221;][vc_column_text]<\/p>\n<p>[\/vc_column_text][\/vc_tta_section][vc_tta_section title=&#8221;Tempistiche e Spedizione&#8221; tab_id=&#8221;spedizione&#8221;][vc_column_text]<strong>Arturo Nero: Disponibile in pronta consegna.<\/strong><\/p>\n<p>Disponibile in 2 settimane.<\/p>\n<p>La spedizione si riferisce al peso volumetrico.[\/vc_column_text][\/vc_tta_section][\/vc_tta_accordion][\/vc_column][\/vc_row]<\/p>\n","protected":false},"excerpt":{"rendered":"<p>Arturo Statue Lacquered \u00e8 il nuovo complemento d\u2019arredo di design che conquister\u00e0 gli amanti dei cani e del design. Questa statua a forma di cagnolino \u00e8 perfetto per aggiungere un tocco di personalit\u00e0 anche agli spazi pi\u00f9 piccoli. Le linee eleganti e la finitura laccata rendono questa statua di design a forma di cagnolino un oggetto di tendenza, ideale per chi cerca un dettaglio originale e sofisticato per il proprio arredamento. Arturo \u00e8 pensato per i doglovers e per chi ama circondarsi di complementi unici e dal carattere deciso. Dona carattere al tuo spazio con un cagnolino che non passa inosservato!<\/p>\n<p><strong>Arturo Nero: Disponibile in pronta consegna<\/strong><\/p>\n","protected":false},"featured_media":29131,"template":"","meta":[],"product_cat":[115,2238,18,1599],"product_tag":[],"acf":[],"yoast_head":"<!-- This site is optimized with the Yoast SEO plugin v19.9 - https:\/\/yoast.com\/wordpress\/plugins\/seo\/ -->\n<title>Arturo Statue Lacquered | Rivenditore Ufficiale Candyslab | Edonart<\/title>\n<meta name=\"description\" content=\"Arturo \u00e8 il cagnolino firmato Candyslab. Acquista Scopri Arturo su Edonart. Rivenditore ufficiale online. Spedizione gratis. Check out sicuro.\" \/>\n<meta name=\"robots\" content=\"index, follow, max-snippet:-1, max-image-preview:large, max-video-preview:-1\" \/>\n<link rel=\"canonical\" href=\"https:\/\/www.edonart.com\/it\/oggettistica\/accessori\/arturo-statue-lacquered\/\" \/>\n<meta property=\"og:locale\" content=\"it_IT\" \/>\n<meta property=\"og:type\" content=\"article\" \/>\n<meta property=\"og:title\" content=\"Arturo Statue Lacquered | Rivenditore Ufficiale Candyslab | Edonart\" \/>\n<meta property=\"og:description\" content=\"Arturo \u00e8 il cagnolino firmato Candyslab. Acquista Scopri Arturo su Edonart. Rivenditore ufficiale online. Spedizione gratis. Check out sicuro.\" \/>\n<meta property=\"og:url\" content=\"https:\/\/www.edonart.com\/it\/oggettistica\/accessori\/arturo-statue-lacquered\/\" \/>\n<meta property=\"og:site_name\" content=\"Edonart\" \/>\n<meta property=\"article:modified_time\" content=\"2025-04-18T14:23:45+00:00\" \/>\n<meta property=\"og:image\" content=\"https:\/\/www.edonart.com\/cms\/wp-content\/uploads\/2025\/04\/Arturo-nero.jpg\" \/>\n\t<meta property=\"og:image:width\" content=\"1000\" \/>\n\t<meta property=\"og:image:height\" content=\"1000\" \/>\n\t<meta property=\"og:image:type\" content=\"image\/jpeg\" \/>\n<meta name=\"twitter:card\" content=\"summary_large_image\" \/>\n<meta name=\"twitter:label1\" content=\"Tempo di lettura stimato\" \/>\n\t<meta name=\"twitter:data1\" content=\"1 minuto\" \/>\n<script type=\"application\/ld+json\" class=\"yoast-schema-graph\">{\"@context\":\"https:\/\/schema.org\",\"@graph\":[{\"@type\":\"WebPage\",\"@id\":\"https:\/\/www.edonart.com\/it\/oggettistica\/accessori\/arturo-statue-lacquered\/\",\"url\":\"https:\/\/www.edonart.com\/it\/oggettistica\/accessori\/arturo-statue-lacquered\/\",\"name\":\"Arturo Statue Lacquered | Rivenditore Ufficiale Candyslab | Edonart\",\"isPartOf\":{\"@id\":\"https:\/\/www.edonart.com\/it\/#website\"},\"datePublished\":\"2025-04-18T14:11:45+00:00\",\"dateModified\":\"2025-04-18T14:23:45+00:00\",\"description\":\"Arturo \u00e8 il cagnolino firmato Candyslab. Acquista Scopri Arturo su Edonart. Rivenditore ufficiale online. Spedizione gratis. Check out sicuro.\",\"breadcrumb\":{\"@id\":\"https:\/\/www.edonart.com\/it\/oggettistica\/accessori\/arturo-statue-lacquered\/#breadcrumb\"},\"inLanguage\":\"it-IT\",\"potentialAction\":[{\"@type\":\"ReadAction\",\"target\":[\"https:\/\/www.edonart.com\/it\/oggettistica\/accessori\/arturo-statue-lacquered\/\"]}]},{\"@type\":\"BreadcrumbList\",\"@id\":\"https:\/\/www.edonart.com\/it\/oggettistica\/accessori\/arturo-statue-lacquered\/#breadcrumb\",\"itemListElement\":[{\"@type\":\"ListItem\",\"position\":1,\"name\":\"Home\",\"item\":\"https:\/\/www.edonart.com\/it\/\"},{\"@type\":\"ListItem\",\"position\":2,\"name\":\"Shop\",\"item\":\"https:\/\/www.edonart.com\/it\/shop\/\"},{\"@type\":\"ListItem\",\"position\":3,\"name\":\"Oggettistica\",\"item\":\"https:\/\/www.edonart.com\/it\/oggettistica\/\"},{\"@type\":\"ListItem\",\"position\":4,\"name\":\"Accessori\",\"item\":\"https:\/\/www.edonart.com\/it\/oggettistica\/accessori\/\"},{\"@type\":\"ListItem\",\"position\":5,\"name\":\"Arturo Statue Lacquered\"}]},{\"@type\":\"WebSite\",\"@id\":\"https:\/\/www.edonart.com\/it\/#website\",\"url\":\"https:\/\/www.edonart.com\/it\/\",\"name\":\"Edonart\",\"description\":\"Design Is An Attitude\",\"publisher\":{\"@id\":\"https:\/\/www.edonart.com\/it\/#organization\"},\"potentialAction\":[{\"@type\":\"SearchAction\",\"target\":{\"@type\":\"EntryPoint\",\"urlTemplate\":\"https:\/\/www.edonart.com\/it\/?s={search_term_string}\"},\"query-input\":\"required name=search_term_string\"}],\"inLanguage\":\"it-IT\"},{\"@type\":\"Organization\",\"@id\":\"https:\/\/www.edonart.com\/it\/#organization\",\"name\":\"Edonart\",\"url\":\"https:\/\/www.edonart.com\/it\/\",\"logo\":{\"@type\":\"ImageObject\",\"inLanguage\":\"it-IT\",\"@id\":\"https:\/\/www.edonart.com\/it\/#\/schema\/logo\/image\/\",\"url\":\"https:\/\/www.edonart.com\/cms\/wp-content\/uploads\/2018\/09\/logo-edon-blac.png\",\"contentUrl\":\"https:\/\/www.edonart.com\/cms\/wp-content\/uploads\/2018\/09\/logo-edon-blac.png\",\"width\":156,\"height\":155,\"caption\":\"Edonart\"},\"image\":{\"@id\":\"https:\/\/www.edonart.com\/it\/#\/schema\/logo\/image\/\"}}]}<\/script>\n<!-- \/ Yoast SEO plugin. -->","yoast_head_json":{"title":"Arturo Statue Lacquered | Rivenditore Ufficiale Candyslab | Edonart","description":"Arturo \u00e8 il cagnolino firmato Candyslab. Acquista Scopri Arturo su Edonart. Rivenditore ufficiale online. Spedizione gratis. Check out sicuro.","robots":{"index":"index","follow":"follow","max-snippet":"max-snippet:-1","max-image-preview":"max-image-preview:large","max-video-preview":"max-video-preview:-1"},"canonical":"https:\/\/www.edonart.com\/it\/oggettistica\/accessori\/arturo-statue-lacquered\/","og_locale":"it_IT","og_type":"article","og_title":"Arturo Statue Lacquered | Rivenditore Ufficiale Candyslab | Edonart","og_description":"Arturo \u00e8 il cagnolino firmato Candyslab. Acquista Scopri Arturo su Edonart. Rivenditore ufficiale online. Spedizione gratis. Check out sicuro.","og_url":"https:\/\/www.edonart.com\/it\/oggettistica\/accessori\/arturo-statue-lacquered\/","og_site_name":"Edonart","article_modified_time":"2025-04-18T14:23:45+00:00","og_image":[{"width":1000,"height":1000,"url":"https:\/\/www.edonart.com\/cms\/wp-content\/uploads\/2025\/04\/Arturo-nero.jpg","type":"image\/jpeg"}],"twitter_card":"summary_large_image","twitter_misc":{"Tempo di lettura stimato":"1 minuto"},"schema":{"@context":"https:\/\/schema.org","@graph":[{"@type":"WebPage","@id":"https:\/\/www.edonart.com\/it\/oggettistica\/accessori\/arturo-statue-lacquered\/","url":"https:\/\/www.edonart.com\/it\/oggettistica\/accessori\/arturo-statue-lacquered\/","name":"Arturo Statue Lacquered | Rivenditore Ufficiale Candyslab | Edonart","isPartOf":{"@id":"https:\/\/www.edonart.com\/it\/#website"},"datePublished":"2025-04-18T14:11:45+00:00","dateModified":"2025-04-18T14:23:45+00:00","description":"Arturo \u00e8 il cagnolino firmato Candyslab. Acquista Scopri Arturo su Edonart. Rivenditore ufficiale online. Spedizione gratis. Check out sicuro.","breadcrumb":{"@id":"https:\/\/www.edonart.com\/it\/oggettistica\/accessori\/arturo-statue-lacquered\/#breadcrumb"},"inLanguage":"it-IT","potentialAction":[{"@type":"ReadAction","target":["https:\/\/www.edonart.com\/it\/oggettistica\/accessori\/arturo-statue-lacquered\/"]}]},{"@type":"BreadcrumbList","@id":"https:\/\/www.edonart.com\/it\/oggettistica\/accessori\/arturo-statue-lacquered\/#breadcrumb","itemListElement":[{"@type":"ListItem","position":1,"name":"Home","item":"https:\/\/www.edonart.com\/it\/"},{"@type":"ListItem","position":2,"name":"Shop","item":"https:\/\/www.edonart.com\/it\/shop\/"},{"@type":"ListItem","position":3,"name":"Oggettistica","item":"https:\/\/www.edonart.com\/it\/oggettistica\/"},{"@type":"ListItem","position":4,"name":"Accessori","item":"https:\/\/www.edonart.com\/it\/oggettistica\/accessori\/"},{"@type":"ListItem","position":5,"name":"Arturo Statue Lacquered"}]},{"@type":"WebSite","@id":"https:\/\/www.edonart.com\/it\/#website","url":"https:\/\/www.edonart.com\/it\/","name":"Edonart","description":"Design Is An Attitude","publisher":{"@id":"https:\/\/www.edonart.com\/it\/#organization"},"potentialAction":[{"@type":"SearchAction","target":{"@type":"EntryPoint","urlTemplate":"https:\/\/www.edonart.com\/it\/?s={search_term_string}"},"query-input":"required name=search_term_string"}],"inLanguage":"it-IT"},{"@type":"Organization","@id":"https:\/\/www.edonart.com\/it\/#organization","name":"Edonart","url":"https:\/\/www.edonart.com\/it\/","logo":{"@type":"ImageObject","inLanguage":"it-IT","@id":"https:\/\/www.edonart.com\/it\/#\/schema\/logo\/image\/","url":"https:\/\/www.edonart.com\/cms\/wp-content\/uploads\/2018\/09\/logo-edon-blac.png","contentUrl":"https:\/\/www.edonart.com\/cms\/wp-content\/uploads\/2018\/09\/logo-edon-blac.png","width":156,"height":155,"caption":"Edonart"},"image":{"@id":"https:\/\/www.edonart.com\/it\/#\/schema\/logo\/image\/"}}]}},"_links":{"self":[{"href":"https:\/\/www.edonart.com\/it\/wp-json\/wp\/v2\/product\/29111"}],"collection":[{"href":"https:\/\/www.edonart.com\/it\/wp-json\/wp\/v2\/product"}],"about":[{"href":"https:\/\/www.edonart.com\/it\/wp-json\/wp\/v2\/types\/product"}],"wp:featuredmedia":[{"embeddable":true,"href":"https:\/\/www.edonart.com\/it\/wp-json\/wp\/v2\/media\/29131"}],"wp:attachment":[{"href":"https:\/\/www.edonart.com\/it\/wp-json\/wp\/v2\/media?parent=29111"}],"wp:term":[{"taxonomy":"product_cat","embeddable":true,"href":"https:\/\/www.edonart.com\/it\/wp-json\/wp\/v2\/product_cat?post=29111"},{"taxonomy":"product_tag","embeddable":true,"href":"https:\/\/www.edonart.com\/it\/wp-json\/wp\/v2\/product_tag?post=29111"}],"curies":[{"name":"wp","href":"https:\/\/api.w.org\/{rel}","templated":true}]}}