{"id":22910,"date":"2023-09-05T16:18:12","date_gmt":"2023-09-05T14:18:12","guid":{"rendered":"https:\/\/www.edonart.com\/?post_type=product&#038;p=22910"},"modified":"2024-11-16T16:52:36","modified_gmt":"2024-11-16T15:52:36","slug":"koibuchi-bookcase","status":"publish","type":"product","link":"https:\/\/www.edonart.com\/it\/arredamento\/accessori-casa\/koibuchi-bookcase\/","title":{"rendered":"Koibuchi Bookcase"},"content":{"rendered":"<p>[vc_row][vc_column][vc_tta_accordion][vc_tta_section title=&#8221;Specifiche&#8221; tab_id=&#8221;specifiche&#8221;][vc_column_text]<\/p>\n<p>[\/vc_column_text][\/vc_tta_section][vc_tta_section title=&#8221;Tempistiche e Spedizione&#8221; tab_id=&#8221;spedizione&#8221;][vc_column_text]<strong>Koibuchi Bookcase Avorio: disponibile in pronta consegna.<\/strong><\/p>\n<p>Altre varianti colore: Disponibili in 5 settimane.<\/p>\n<p>La spedizione si riferisce al peso volumetrico.[\/vc_column_text][\/vc_tta_section][\/vc_tta_accordion][\/vc_column][\/vc_row]<\/p>\n","protected":false},"excerpt":{"rendered":"<p>Qeeboo introduce una versatile e divertente libreria che prende il nome di Koibuchi disegnata da Stefano Giovannoni. Concepito come un muro di pietre, i buchi di questa libreira sono pensati per essere una serie di spazi irregolari che possono essere usati per riporre libri, piante o altri oggetti. Una delle caratteristiche principali \u00e8 che questa libreria pu\u00f2 essere posizionata sia in modo verticale che orizzontale e pu\u00f2 essere utilizzata come libreria a casa o in ufficio o come divisorio.<\/p>\n<p><strong>Koibuchi Bookcase Avorio: disponibile in pronta consegna.<\/strong><\/p>\n","protected":false},"featured_media":22979,"template":"","meta":[],"product_cat":[15,26,2238,2212],"product_tag":[],"acf":[],"yoast_head":"<!-- This site is optimized with the Yoast SEO plugin v19.9 - https:\/\/yoast.com\/wordpress\/plugins\/seo\/ -->\n<title>Koibuchi Bookcase | Rivenditore Qeeboo | Edonart<\/title>\n<meta name=\"description\" content=\"Koibuchi Bookcase \u00e8 la nuova libreria versatile firmata da Stefano Giovannoni per Qeeboo. Ideale per ogni spazio e luogo. Spedizione gratuita in Italia.\" \/>\n<meta name=\"robots\" content=\"index, follow, max-snippet:-1, max-image-preview:large, max-video-preview:-1\" \/>\n<link rel=\"canonical\" href=\"https:\/\/www.edonart.com\/it\/arredamento\/accessori-casa\/koibuchi-bookcase\/\" \/>\n<meta property=\"og:locale\" content=\"it_IT\" \/>\n<meta property=\"og:type\" content=\"article\" \/>\n<meta property=\"og:title\" content=\"Koibuchi Bookcase | Rivenditore Qeeboo | Edonart\" \/>\n<meta property=\"og:description\" content=\"Koibuchi Bookcase \u00e8 la nuova libreria versatile firmata da Stefano Giovannoni per Qeeboo. Ideale per ogni spazio e luogo. Spedizione gratuita in Italia.\" \/>\n<meta property=\"og:url\" content=\"https:\/\/www.edonart.com\/it\/arredamento\/accessori-casa\/koibuchi-bookcase\/\" \/>\n<meta property=\"og:site_name\" content=\"Edonart\" \/>\n<meta property=\"article:modified_time\" content=\"2024-11-16T15:52:36+00:00\" \/>\n<meta property=\"og:image\" content=\"https:\/\/www.edonart.com\/cms\/wp-content\/uploads\/2023\/09\/koibuchi-design-qeeboo.jpg\" \/>\n\t<meta property=\"og:image:width\" content=\"1000\" \/>\n\t<meta property=\"og:image:height\" content=\"1000\" \/>\n\t<meta property=\"og:image:type\" content=\"image\/jpeg\" \/>\n<meta name=\"twitter:card\" content=\"summary_large_image\" \/>\n<meta name=\"twitter:label1\" content=\"Tempo di lettura stimato\" \/>\n\t<meta name=\"twitter:data1\" content=\"1 minuto\" \/>\n<script type=\"application\/ld+json\" class=\"yoast-schema-graph\">{\"@context\":\"https:\/\/schema.org\",\"@graph\":[{\"@type\":\"WebPage\",\"@id\":\"https:\/\/www.edonart.com\/it\/arredamento\/accessori-casa\/koibuchi-bookcase\/\",\"url\":\"https:\/\/www.edonart.com\/it\/arredamento\/accessori-casa\/koibuchi-bookcase\/\",\"name\":\"Koibuchi Bookcase | Rivenditore Qeeboo | Edonart\",\"isPartOf\":{\"@id\":\"https:\/\/www.edonart.com\/it\/#website\"},\"datePublished\":\"2023-09-05T14:18:12+00:00\",\"dateModified\":\"2024-11-16T15:52:36+00:00\",\"description\":\"Koibuchi Bookcase \u00e8 la nuova libreria versatile firmata da Stefano Giovannoni per Qeeboo. Ideale per ogni spazio e luogo. Spedizione gratuita in Italia.\",\"breadcrumb\":{\"@id\":\"https:\/\/www.edonart.com\/it\/arredamento\/accessori-casa\/koibuchi-bookcase\/#breadcrumb\"},\"inLanguage\":\"it-IT\",\"potentialAction\":[{\"@type\":\"ReadAction\",\"target\":[\"https:\/\/www.edonart.com\/it\/arredamento\/accessori-casa\/koibuchi-bookcase\/\"]}]},{\"@type\":\"BreadcrumbList\",\"@id\":\"https:\/\/www.edonart.com\/it\/arredamento\/accessori-casa\/koibuchi-bookcase\/#breadcrumb\",\"itemListElement\":[{\"@type\":\"ListItem\",\"position\":1,\"name\":\"Home\",\"item\":\"https:\/\/www.edonart.com\/it\/\"},{\"@type\":\"ListItem\",\"position\":2,\"name\":\"Shop\",\"item\":\"https:\/\/www.edonart.com\/it\/shop\/\"},{\"@type\":\"ListItem\",\"position\":3,\"name\":\"Arredamento\",\"item\":\"https:\/\/www.edonart.com\/it\/arredamento\/\"},{\"@type\":\"ListItem\",\"position\":4,\"name\":\"Accessori Casa\",\"item\":\"https:\/\/www.edonart.com\/it\/arredamento\/accessori-casa\/\"},{\"@type\":\"ListItem\",\"position\":5,\"name\":\"Koibuchi Bookcase\"}]},{\"@type\":\"WebSite\",\"@id\":\"https:\/\/www.edonart.com\/it\/#website\",\"url\":\"https:\/\/www.edonart.com\/it\/\",\"name\":\"Edonart\",\"description\":\"Design Is An Attitude\",\"publisher\":{\"@id\":\"https:\/\/www.edonart.com\/it\/#organization\"},\"potentialAction\":[{\"@type\":\"SearchAction\",\"target\":{\"@type\":\"EntryPoint\",\"urlTemplate\":\"https:\/\/www.edonart.com\/it\/?s={search_term_string}\"},\"query-input\":\"required name=search_term_string\"}],\"inLanguage\":\"it-IT\"},{\"@type\":\"Organization\",\"@id\":\"https:\/\/www.edonart.com\/it\/#organization\",\"name\":\"Edonart\",\"url\":\"https:\/\/www.edonart.com\/it\/\",\"logo\":{\"@type\":\"ImageObject\",\"inLanguage\":\"it-IT\",\"@id\":\"https:\/\/www.edonart.com\/it\/#\/schema\/logo\/image\/\",\"url\":\"https:\/\/www.edonart.com\/cms\/wp-content\/uploads\/2018\/09\/logo-edon-blac.png\",\"contentUrl\":\"https:\/\/www.edonart.com\/cms\/wp-content\/uploads\/2018\/09\/logo-edon-blac.png\",\"width\":156,\"height\":155,\"caption\":\"Edonart\"},\"image\":{\"@id\":\"https:\/\/www.edonart.com\/it\/#\/schema\/logo\/image\/\"}}]}<\/script>\n<!-- \/ Yoast SEO plugin. -->","yoast_head_json":{"title":"Koibuchi Bookcase | Rivenditore Qeeboo | Edonart","description":"Koibuchi Bookcase \u00e8 la nuova libreria versatile firmata da Stefano Giovannoni per Qeeboo. Ideale per ogni spazio e luogo. Spedizione gratuita in Italia.","robots":{"index":"index","follow":"follow","max-snippet":"max-snippet:-1","max-image-preview":"max-image-preview:large","max-video-preview":"max-video-preview:-1"},"canonical":"https:\/\/www.edonart.com\/it\/arredamento\/accessori-casa\/koibuchi-bookcase\/","og_locale":"it_IT","og_type":"article","og_title":"Koibuchi Bookcase | Rivenditore Qeeboo | Edonart","og_description":"Koibuchi Bookcase \u00e8 la nuova libreria versatile firmata da Stefano Giovannoni per Qeeboo. Ideale per ogni spazio e luogo. Spedizione gratuita in Italia.","og_url":"https:\/\/www.edonart.com\/it\/arredamento\/accessori-casa\/koibuchi-bookcase\/","og_site_name":"Edonart","article_modified_time":"2024-11-16T15:52:36+00:00","og_image":[{"width":1000,"height":1000,"url":"https:\/\/www.edonart.com\/cms\/wp-content\/uploads\/2023\/09\/koibuchi-design-qeeboo.jpg","type":"image\/jpeg"}],"twitter_card":"summary_large_image","twitter_misc":{"Tempo di lettura stimato":"1 minuto"},"schema":{"@context":"https:\/\/schema.org","@graph":[{"@type":"WebPage","@id":"https:\/\/www.edonart.com\/it\/arredamento\/accessori-casa\/koibuchi-bookcase\/","url":"https:\/\/www.edonart.com\/it\/arredamento\/accessori-casa\/koibuchi-bookcase\/","name":"Koibuchi Bookcase | Rivenditore Qeeboo | Edonart","isPartOf":{"@id":"https:\/\/www.edonart.com\/it\/#website"},"datePublished":"2023-09-05T14:18:12+00:00","dateModified":"2024-11-16T15:52:36+00:00","description":"Koibuchi Bookcase \u00e8 la nuova libreria versatile firmata da Stefano Giovannoni per Qeeboo. Ideale per ogni spazio e luogo. Spedizione gratuita in Italia.","breadcrumb":{"@id":"https:\/\/www.edonart.com\/it\/arredamento\/accessori-casa\/koibuchi-bookcase\/#breadcrumb"},"inLanguage":"it-IT","potentialAction":[{"@type":"ReadAction","target":["https:\/\/www.edonart.com\/it\/arredamento\/accessori-casa\/koibuchi-bookcase\/"]}]},{"@type":"BreadcrumbList","@id":"https:\/\/www.edonart.com\/it\/arredamento\/accessori-casa\/koibuchi-bookcase\/#breadcrumb","itemListElement":[{"@type":"ListItem","position":1,"name":"Home","item":"https:\/\/www.edonart.com\/it\/"},{"@type":"ListItem","position":2,"name":"Shop","item":"https:\/\/www.edonart.com\/it\/shop\/"},{"@type":"ListItem","position":3,"name":"Arredamento","item":"https:\/\/www.edonart.com\/it\/arredamento\/"},{"@type":"ListItem","position":4,"name":"Accessori Casa","item":"https:\/\/www.edonart.com\/it\/arredamento\/accessori-casa\/"},{"@type":"ListItem","position":5,"name":"Koibuchi Bookcase"}]},{"@type":"WebSite","@id":"https:\/\/www.edonart.com\/it\/#website","url":"https:\/\/www.edonart.com\/it\/","name":"Edonart","description":"Design Is An Attitude","publisher":{"@id":"https:\/\/www.edonart.com\/it\/#organization"},"potentialAction":[{"@type":"SearchAction","target":{"@type":"EntryPoint","urlTemplate":"https:\/\/www.edonart.com\/it\/?s={search_term_string}"},"query-input":"required name=search_term_string"}],"inLanguage":"it-IT"},{"@type":"Organization","@id":"https:\/\/www.edonart.com\/it\/#organization","name":"Edonart","url":"https:\/\/www.edonart.com\/it\/","logo":{"@type":"ImageObject","inLanguage":"it-IT","@id":"https:\/\/www.edonart.com\/it\/#\/schema\/logo\/image\/","url":"https:\/\/www.edonart.com\/cms\/wp-content\/uploads\/2018\/09\/logo-edon-blac.png","contentUrl":"https:\/\/www.edonart.com\/cms\/wp-content\/uploads\/2018\/09\/logo-edon-blac.png","width":156,"height":155,"caption":"Edonart"},"image":{"@id":"https:\/\/www.edonart.com\/it\/#\/schema\/logo\/image\/"}}]}},"_links":{"self":[{"href":"https:\/\/www.edonart.com\/it\/wp-json\/wp\/v2\/product\/22910"}],"collection":[{"href":"https:\/\/www.edonart.com\/it\/wp-json\/wp\/v2\/product"}],"about":[{"href":"https:\/\/www.edonart.com\/it\/wp-json\/wp\/v2\/types\/product"}],"wp:featuredmedia":[{"embeddable":true,"href":"https:\/\/www.edonart.com\/it\/wp-json\/wp\/v2\/media\/22979"}],"wp:attachment":[{"href":"https:\/\/www.edonart.com\/it\/wp-json\/wp\/v2\/media?parent=22910"}],"wp:term":[{"taxonomy":"product_cat","embeddable":true,"href":"https:\/\/www.edonart.com\/it\/wp-json\/wp\/v2\/product_cat?post=22910"},{"taxonomy":"product_tag","embeddable":true,"href":"https:\/\/www.edonart.com\/it\/wp-json\/wp\/v2\/product_tag?post=22910"}],"curies":[{"name":"wp","href":"https:\/\/api.w.org\/{rel}","templated":true}]}}