{"id":20075,"date":"2022-10-10T16:15:39","date_gmt":"2022-10-10T14:15:39","guid":{"rendered":"https:\/\/www.edonart.com\/?post_type=product&#038;p=20075"},"modified":"2024-08-05T09:47:07","modified_gmt":"2024-08-05T07:47:07","slug":"edison-the-petit","status":"publish","type":"product","link":"https:\/\/www.edonart.com\/it\/illuminazione\/edison-the-petit\/","title":{"rendered":"Edison &#8211; The Petit"},"content":{"rendered":"<p>[vc_row][vc_column][vc_tta_accordion][vc_tta_section title=&#8221;Specifiche&#8221; tab_id=&#8221;specifiche&#8221;][vc_column_text]<\/p>\n<p>[\/vc_column_text][\/vc_tta_section][vc_tta_section title=&#8221;Tempistiche e Spedizione&#8221; tab_id=&#8221;spedizione&#8221;][vc_column_text]La spedizione si riferisce al peso volumetrico.[\/vc_column_text][\/vc_tta_section][\/vc_tta_accordion][\/vc_column][\/vc_row]<\/p>\n","protected":false},"excerpt":{"rendered":"<p>Fatboy Edison the Petit \u00e8 la lampada da tavolo senza fili che stavi aspettando. Adatta e adattabile per qualsiasi momento. Questa lampada da tavolo bianca porta la giusta quantit\u00e0 di luce nell\u2019oscurit\u00e0, ovunque e in qualsiasi momento, grazie alle diverse intensit\u00e0 di luce e alla durata di ricarica garantita fino a 20 ore. Questa piccola lampada da tavolo \u00e8 completamente illuminata mediante l\u2019esclusiva tecnologia a LED. Ideale sia all\u2019interno che all\u2019esterno. Completamente personalizzabile acquistando i diversi paralumi Cooper Cappie di Fatboy.<\/p>\n","protected":false},"featured_media":20097,"template":"","meta":[],"product_cat":[89,20,30,1599],"product_tag":[3239,3238],"acf":[],"yoast_head":"<!-- This site is optimized with the Yoast SEO plugin v19.9 - https:\/\/yoast.com\/wordpress\/plugins\/seo\/ -->\n<title>Edison - The Petit | Rivenditore Ufficiale FatBoy | Edonart<\/title>\n<meta name=\"description\" content=\"Acquista Edison The Petit, la lampada da tavolo ricaricabile firmata Fatboy su Edonart. Acquista Ora. Spedizione gratutita. Checkout Sicuro.\" \/>\n<meta name=\"robots\" content=\"index, follow, max-snippet:-1, max-image-preview:large, max-video-preview:-1\" \/>\n<link rel=\"canonical\" href=\"https:\/\/www.edonart.com\/it\/illuminazione\/edison-the-petit\/\" \/>\n<meta property=\"og:locale\" content=\"it_IT\" \/>\n<meta property=\"og:type\" content=\"article\" \/>\n<meta property=\"og:title\" content=\"Edison - The Petit | Rivenditore Ufficiale FatBoy | Edonart\" \/>\n<meta property=\"og:description\" content=\"Acquista Edison The Petit, la lampada da tavolo ricaricabile firmata Fatboy su Edonart. Acquista Ora. Spedizione gratutita. Checkout Sicuro.\" \/>\n<meta property=\"og:url\" content=\"https:\/\/www.edonart.com\/it\/illuminazione\/edison-the-petit\/\" \/>\n<meta property=\"og:site_name\" content=\"Edonart\" \/>\n<meta property=\"article:modified_time\" content=\"2024-08-05T07:47:07+00:00\" \/>\n<meta property=\"og:image\" content=\"https:\/\/www.edonart.com\/cms\/wp-content\/uploads\/2022\/10\/edison-the-petit-fatboy.jpg\" \/>\n\t<meta property=\"og:image:width\" content=\"1000\" \/>\n\t<meta property=\"og:image:height\" content=\"1000\" \/>\n\t<meta property=\"og:image:type\" content=\"image\/jpeg\" \/>\n<meta name=\"twitter:card\" content=\"summary_large_image\" \/>\n<meta name=\"twitter:label1\" content=\"Tempo di lettura stimato\" \/>\n\t<meta name=\"twitter:data1\" content=\"1 minuto\" \/>\n<script type=\"application\/ld+json\" class=\"yoast-schema-graph\">{\"@context\":\"https:\/\/schema.org\",\"@graph\":[{\"@type\":\"WebPage\",\"@id\":\"https:\/\/www.edonart.com\/it\/illuminazione\/edison-the-petit\/\",\"url\":\"https:\/\/www.edonart.com\/it\/illuminazione\/edison-the-petit\/\",\"name\":\"Edison - The Petit | Rivenditore Ufficiale FatBoy | Edonart\",\"isPartOf\":{\"@id\":\"https:\/\/www.edonart.com\/it\/#website\"},\"datePublished\":\"2022-10-10T14:15:39+00:00\",\"dateModified\":\"2024-08-05T07:47:07+00:00\",\"description\":\"Acquista Edison The Petit, la lampada da tavolo ricaricabile firmata Fatboy su Edonart. Acquista Ora. Spedizione gratutita. Checkout Sicuro.\",\"breadcrumb\":{\"@id\":\"https:\/\/www.edonart.com\/it\/illuminazione\/edison-the-petit\/#breadcrumb\"},\"inLanguage\":\"it-IT\",\"potentialAction\":[{\"@type\":\"ReadAction\",\"target\":[\"https:\/\/www.edonart.com\/it\/illuminazione\/edison-the-petit\/\"]}]},{\"@type\":\"BreadcrumbList\",\"@id\":\"https:\/\/www.edonart.com\/it\/illuminazione\/edison-the-petit\/#breadcrumb\",\"itemListElement\":[{\"@type\":\"ListItem\",\"position\":1,\"name\":\"Home\",\"item\":\"https:\/\/www.edonart.com\/it\/\"},{\"@type\":\"ListItem\",\"position\":2,\"name\":\"Shop\",\"item\":\"https:\/\/www.edonart.com\/it\/shop\/\"},{\"@type\":\"ListItem\",\"position\":3,\"name\":\"Illuminazione\",\"item\":\"https:\/\/www.edonart.com\/it\/illuminazione\/\"},{\"@type\":\"ListItem\",\"position\":4,\"name\":\"Edison &#8211; The Petit\"}]},{\"@type\":\"WebSite\",\"@id\":\"https:\/\/www.edonart.com\/it\/#website\",\"url\":\"https:\/\/www.edonart.com\/it\/\",\"name\":\"Edonart\",\"description\":\"Design Is An Attitude\",\"publisher\":{\"@id\":\"https:\/\/www.edonart.com\/it\/#organization\"},\"potentialAction\":[{\"@type\":\"SearchAction\",\"target\":{\"@type\":\"EntryPoint\",\"urlTemplate\":\"https:\/\/www.edonart.com\/it\/?s={search_term_string}\"},\"query-input\":\"required name=search_term_string\"}],\"inLanguage\":\"it-IT\"},{\"@type\":\"Organization\",\"@id\":\"https:\/\/www.edonart.com\/it\/#organization\",\"name\":\"Edonart\",\"url\":\"https:\/\/www.edonart.com\/it\/\",\"logo\":{\"@type\":\"ImageObject\",\"inLanguage\":\"it-IT\",\"@id\":\"https:\/\/www.edonart.com\/it\/#\/schema\/logo\/image\/\",\"url\":\"https:\/\/www.edonart.com\/cms\/wp-content\/uploads\/2018\/09\/logo-edon-blac.png\",\"contentUrl\":\"https:\/\/www.edonart.com\/cms\/wp-content\/uploads\/2018\/09\/logo-edon-blac.png\",\"width\":156,\"height\":155,\"caption\":\"Edonart\"},\"image\":{\"@id\":\"https:\/\/www.edonart.com\/it\/#\/schema\/logo\/image\/\"}}]}<\/script>\n<!-- \/ Yoast SEO plugin. -->","yoast_head_json":{"title":"Edison - The Petit | Rivenditore Ufficiale FatBoy | Edonart","description":"Acquista Edison The Petit, la lampada da tavolo ricaricabile firmata Fatboy su Edonart. Acquista Ora. Spedizione gratutita. Checkout Sicuro.","robots":{"index":"index","follow":"follow","max-snippet":"max-snippet:-1","max-image-preview":"max-image-preview:large","max-video-preview":"max-video-preview:-1"},"canonical":"https:\/\/www.edonart.com\/it\/illuminazione\/edison-the-petit\/","og_locale":"it_IT","og_type":"article","og_title":"Edison - The Petit | Rivenditore Ufficiale FatBoy | Edonart","og_description":"Acquista Edison The Petit, la lampada da tavolo ricaricabile firmata Fatboy su Edonart. Acquista Ora. Spedizione gratutita. Checkout Sicuro.","og_url":"https:\/\/www.edonart.com\/it\/illuminazione\/edison-the-petit\/","og_site_name":"Edonart","article_modified_time":"2024-08-05T07:47:07+00:00","og_image":[{"width":1000,"height":1000,"url":"https:\/\/www.edonart.com\/cms\/wp-content\/uploads\/2022\/10\/edison-the-petit-fatboy.jpg","type":"image\/jpeg"}],"twitter_card":"summary_large_image","twitter_misc":{"Tempo di lettura stimato":"1 minuto"},"schema":{"@context":"https:\/\/schema.org","@graph":[{"@type":"WebPage","@id":"https:\/\/www.edonart.com\/it\/illuminazione\/edison-the-petit\/","url":"https:\/\/www.edonart.com\/it\/illuminazione\/edison-the-petit\/","name":"Edison - The Petit | Rivenditore Ufficiale FatBoy | Edonart","isPartOf":{"@id":"https:\/\/www.edonart.com\/it\/#website"},"datePublished":"2022-10-10T14:15:39+00:00","dateModified":"2024-08-05T07:47:07+00:00","description":"Acquista Edison The Petit, la lampada da tavolo ricaricabile firmata Fatboy su Edonart. Acquista Ora. Spedizione gratutita. Checkout Sicuro.","breadcrumb":{"@id":"https:\/\/www.edonart.com\/it\/illuminazione\/edison-the-petit\/#breadcrumb"},"inLanguage":"it-IT","potentialAction":[{"@type":"ReadAction","target":["https:\/\/www.edonart.com\/it\/illuminazione\/edison-the-petit\/"]}]},{"@type":"BreadcrumbList","@id":"https:\/\/www.edonart.com\/it\/illuminazione\/edison-the-petit\/#breadcrumb","itemListElement":[{"@type":"ListItem","position":1,"name":"Home","item":"https:\/\/www.edonart.com\/it\/"},{"@type":"ListItem","position":2,"name":"Shop","item":"https:\/\/www.edonart.com\/it\/shop\/"},{"@type":"ListItem","position":3,"name":"Illuminazione","item":"https:\/\/www.edonart.com\/it\/illuminazione\/"},{"@type":"ListItem","position":4,"name":"Edison &#8211; The Petit"}]},{"@type":"WebSite","@id":"https:\/\/www.edonart.com\/it\/#website","url":"https:\/\/www.edonart.com\/it\/","name":"Edonart","description":"Design Is An Attitude","publisher":{"@id":"https:\/\/www.edonart.com\/it\/#organization"},"potentialAction":[{"@type":"SearchAction","target":{"@type":"EntryPoint","urlTemplate":"https:\/\/www.edonart.com\/it\/?s={search_term_string}"},"query-input":"required name=search_term_string"}],"inLanguage":"it-IT"},{"@type":"Organization","@id":"https:\/\/www.edonart.com\/it\/#organization","name":"Edonart","url":"https:\/\/www.edonart.com\/it\/","logo":{"@type":"ImageObject","inLanguage":"it-IT","@id":"https:\/\/www.edonart.com\/it\/#\/schema\/logo\/image\/","url":"https:\/\/www.edonart.com\/cms\/wp-content\/uploads\/2018\/09\/logo-edon-blac.png","contentUrl":"https:\/\/www.edonart.com\/cms\/wp-content\/uploads\/2018\/09\/logo-edon-blac.png","width":156,"height":155,"caption":"Edonart"},"image":{"@id":"https:\/\/www.edonart.com\/it\/#\/schema\/logo\/image\/"}}]}},"_links":{"self":[{"href":"https:\/\/www.edonart.com\/it\/wp-json\/wp\/v2\/product\/20075"}],"collection":[{"href":"https:\/\/www.edonart.com\/it\/wp-json\/wp\/v2\/product"}],"about":[{"href":"https:\/\/www.edonart.com\/it\/wp-json\/wp\/v2\/types\/product"}],"wp:featuredmedia":[{"embeddable":true,"href":"https:\/\/www.edonart.com\/it\/wp-json\/wp\/v2\/media\/20097"}],"wp:attachment":[{"href":"https:\/\/www.edonart.com\/it\/wp-json\/wp\/v2\/media?parent=20075"}],"wp:term":[{"taxonomy":"product_cat","embeddable":true,"href":"https:\/\/www.edonart.com\/it\/wp-json\/wp\/v2\/product_cat?post=20075"},{"taxonomy":"product_tag","embeddable":true,"href":"https:\/\/www.edonart.com\/it\/wp-json\/wp\/v2\/product_tag?post=20075"}],"curies":[{"name":"wp","href":"https:\/\/api.w.org\/{rel}","templated":true}]}}