{"id":20039,"date":"2022-10-10T13:35:44","date_gmt":"2022-10-10T11:35:44","guid":{"rendered":"https:\/\/www.edonart.com\/?post_type=product&#038;p=20039"},"modified":"2024-02-13T16:56:05","modified_gmt":"2024-02-13T15:56:05","slug":"point-large-mingle","status":"publish","type":"product","link":"https:\/\/www.edonart.com\/it\/arredamento\/pouf\/point-large-mingle\/","title":{"rendered":"Point Large Mingle"},"content":{"rendered":"<p>[vc_row][vc_column][vc_tta_accordion][vc_tta_section title=&#8221;Specifiche&#8221; tab_id=&#8221;specifiche&#8221;][vc_column_text]<\/p>\n<p>[\/vc_column_text][\/vc_tta_section][vc_tta_section title=&#8221;Tempistiche e Spedizione&#8221; tab_id=&#8221;spedizione&#8221;][vc_column_text]Disponibile in 4 settimane.<\/p>\n<p>La spedizione si riferisce al peso volumetrico.[\/vc_column_text][\/vc_tta_section][vc_tta_section title=&#8221;Note Importanti&#8221; tab_id=&#8221;1662282087785-1faa430e-fb15&#8243;][vc_column_text]Solo per uso interno.<br \/>\nNon posizionare questo prodotto dentro, sopra, contro o vicino a una fonte di calore come il riscaldamento, una facciata di vetro (finestra o porta scorrevole) o una parete che possa essere riscaldata dal sole.[\/vc_column_text][\/vc_tta_section][\/vc_tta_accordion][\/vc_column][\/vc_row]<\/p>\n","protected":false},"excerpt":{"rendered":"<p>Point Large Mingle \u00e8 il pouf ideale e inaspettato dei tuoi interni. Questo pouf oversize \u00e8 sorprendentemente comodo. Inoltre, \u00e8 sempre l\u00ec pronto ad accoglierti per uno snack o un drink con gli amici e, cosa molto importante, per poggiare i tuoi piedi. La versione boucl\u00e9 conferisce al Point Large Mingle una certa eleganza, con un tacito accordo. Il tessuto a trama da un tocco elegante ed \u00e8 super resistente.<br \/>\nDisponibile in diversi colori.<\/p>\n","protected":false},"featured_media":20064,"template":"","meta":[],"product_cat":[1049,1599],"product_tag":[],"acf":[],"yoast_head":"<!-- This site is optimized with the Yoast SEO plugin v19.9 - https:\/\/yoast.com\/wordpress\/plugins\/seo\/ -->\n<title>Point Large Mingle | Rivenditore Ufficiale FatBoy | Edonart<\/title>\n<meta name=\"description\" content=\"Acquista Point Large Mingle su Edonart. Il nuovissimo pouf per arredare i tuoi spazi firmato FatBoy. Acquista Ora. Spedizione Gratis.\" \/>\n<meta name=\"robots\" content=\"index, follow, max-snippet:-1, max-image-preview:large, max-video-preview:-1\" \/>\n<link rel=\"canonical\" href=\"https:\/\/www.edonart.com\/it\/arredamento\/pouf\/point-large-mingle\/\" \/>\n<meta property=\"og:locale\" content=\"it_IT\" \/>\n<meta property=\"og:type\" content=\"article\" \/>\n<meta property=\"og:title\" content=\"Point Large Mingle | Rivenditore Ufficiale FatBoy | Edonart\" \/>\n<meta property=\"og:description\" content=\"Acquista Point Large Mingle su Edonart. Il nuovissimo pouf per arredare i tuoi spazi firmato FatBoy. Acquista Ora. Spedizione Gratis.\" \/>\n<meta property=\"og:url\" content=\"https:\/\/www.edonart.com\/it\/arredamento\/pouf\/point-large-mingle\/\" \/>\n<meta property=\"og:site_name\" content=\"Edonart\" \/>\n<meta property=\"article:modified_time\" content=\"2024-02-13T15:56:05+00:00\" \/>\n<meta property=\"og:image\" content=\"https:\/\/www.edonart.com\/cms\/wp-content\/uploads\/2022\/10\/fatboy-point-large-grid-stone-1920x1280-packshot-01-105697.jpg\" \/>\n\t<meta property=\"og:image:width\" content=\"1000\" \/>\n\t<meta property=\"og:image:height\" content=\"1000\" \/>\n\t<meta property=\"og:image:type\" content=\"image\/jpeg\" \/>\n<meta name=\"twitter:card\" content=\"summary_large_image\" \/>\n<meta name=\"twitter:label1\" content=\"Tempo di lettura stimato\" \/>\n\t<meta name=\"twitter:data1\" content=\"1 minuto\" \/>\n<script type=\"application\/ld+json\" class=\"yoast-schema-graph\">{\"@context\":\"https:\/\/schema.org\",\"@graph\":[{\"@type\":\"WebPage\",\"@id\":\"https:\/\/www.edonart.com\/it\/arredamento\/pouf\/point-large-mingle\/\",\"url\":\"https:\/\/www.edonart.com\/it\/arredamento\/pouf\/point-large-mingle\/\",\"name\":\"Point Large Mingle | Rivenditore Ufficiale FatBoy | Edonart\",\"isPartOf\":{\"@id\":\"https:\/\/www.edonart.com\/it\/#website\"},\"datePublished\":\"2022-10-10T11:35:44+00:00\",\"dateModified\":\"2024-02-13T15:56:05+00:00\",\"description\":\"Acquista Point Large Mingle su Edonart. Il nuovissimo pouf per arredare i tuoi spazi firmato FatBoy. Acquista Ora. Spedizione Gratis.\",\"breadcrumb\":{\"@id\":\"https:\/\/www.edonart.com\/it\/arredamento\/pouf\/point-large-mingle\/#breadcrumb\"},\"inLanguage\":\"it-IT\",\"potentialAction\":[{\"@type\":\"ReadAction\",\"target\":[\"https:\/\/www.edonart.com\/it\/arredamento\/pouf\/point-large-mingle\/\"]}]},{\"@type\":\"BreadcrumbList\",\"@id\":\"https:\/\/www.edonart.com\/it\/arredamento\/pouf\/point-large-mingle\/#breadcrumb\",\"itemListElement\":[{\"@type\":\"ListItem\",\"position\":1,\"name\":\"Home\",\"item\":\"https:\/\/www.edonart.com\/it\/\"},{\"@type\":\"ListItem\",\"position\":2,\"name\":\"Shop\",\"item\":\"https:\/\/www.edonart.com\/it\/shop\/\"},{\"@type\":\"ListItem\",\"position\":3,\"name\":\"Arredamento\",\"item\":\"https:\/\/www.edonart.com\/it\/arredamento\/\"},{\"@type\":\"ListItem\",\"position\":4,\"name\":\"Pouf\",\"item\":\"https:\/\/www.edonart.com\/it\/arredamento\/pouf\/\"},{\"@type\":\"ListItem\",\"position\":5,\"name\":\"Point Large Mingle\"}]},{\"@type\":\"WebSite\",\"@id\":\"https:\/\/www.edonart.com\/it\/#website\",\"url\":\"https:\/\/www.edonart.com\/it\/\",\"name\":\"Edonart\",\"description\":\"Design Is An Attitude\",\"publisher\":{\"@id\":\"https:\/\/www.edonart.com\/it\/#organization\"},\"potentialAction\":[{\"@type\":\"SearchAction\",\"target\":{\"@type\":\"EntryPoint\",\"urlTemplate\":\"https:\/\/www.edonart.com\/it\/?s={search_term_string}\"},\"query-input\":\"required name=search_term_string\"}],\"inLanguage\":\"it-IT\"},{\"@type\":\"Organization\",\"@id\":\"https:\/\/www.edonart.com\/it\/#organization\",\"name\":\"Edonart\",\"url\":\"https:\/\/www.edonart.com\/it\/\",\"logo\":{\"@type\":\"ImageObject\",\"inLanguage\":\"it-IT\",\"@id\":\"https:\/\/www.edonart.com\/it\/#\/schema\/logo\/image\/\",\"url\":\"https:\/\/www.edonart.com\/cms\/wp-content\/uploads\/2018\/09\/logo-edon-blac.png\",\"contentUrl\":\"https:\/\/www.edonart.com\/cms\/wp-content\/uploads\/2018\/09\/logo-edon-blac.png\",\"width\":156,\"height\":155,\"caption\":\"Edonart\"},\"image\":{\"@id\":\"https:\/\/www.edonart.com\/it\/#\/schema\/logo\/image\/\"}}]}<\/script>\n<!-- \/ Yoast SEO plugin. -->","yoast_head_json":{"title":"Point Large Mingle | Rivenditore Ufficiale FatBoy | Edonart","description":"Acquista Point Large Mingle su Edonart. Il nuovissimo pouf per arredare i tuoi spazi firmato FatBoy. Acquista Ora. Spedizione Gratis.","robots":{"index":"index","follow":"follow","max-snippet":"max-snippet:-1","max-image-preview":"max-image-preview:large","max-video-preview":"max-video-preview:-1"},"canonical":"https:\/\/www.edonart.com\/it\/arredamento\/pouf\/point-large-mingle\/","og_locale":"it_IT","og_type":"article","og_title":"Point Large Mingle | Rivenditore Ufficiale FatBoy | Edonart","og_description":"Acquista Point Large Mingle su Edonart. Il nuovissimo pouf per arredare i tuoi spazi firmato FatBoy. Acquista Ora. Spedizione Gratis.","og_url":"https:\/\/www.edonart.com\/it\/arredamento\/pouf\/point-large-mingle\/","og_site_name":"Edonart","article_modified_time":"2024-02-13T15:56:05+00:00","og_image":[{"width":1000,"height":1000,"url":"https:\/\/www.edonart.com\/cms\/wp-content\/uploads\/2022\/10\/fatboy-point-large-grid-stone-1920x1280-packshot-01-105697.jpg","type":"image\/jpeg"}],"twitter_card":"summary_large_image","twitter_misc":{"Tempo di lettura stimato":"1 minuto"},"schema":{"@context":"https:\/\/schema.org","@graph":[{"@type":"WebPage","@id":"https:\/\/www.edonart.com\/it\/arredamento\/pouf\/point-large-mingle\/","url":"https:\/\/www.edonart.com\/it\/arredamento\/pouf\/point-large-mingle\/","name":"Point Large Mingle | Rivenditore Ufficiale FatBoy | Edonart","isPartOf":{"@id":"https:\/\/www.edonart.com\/it\/#website"},"datePublished":"2022-10-10T11:35:44+00:00","dateModified":"2024-02-13T15:56:05+00:00","description":"Acquista Point Large Mingle su Edonart. Il nuovissimo pouf per arredare i tuoi spazi firmato FatBoy. Acquista Ora. Spedizione Gratis.","breadcrumb":{"@id":"https:\/\/www.edonart.com\/it\/arredamento\/pouf\/point-large-mingle\/#breadcrumb"},"inLanguage":"it-IT","potentialAction":[{"@type":"ReadAction","target":["https:\/\/www.edonart.com\/it\/arredamento\/pouf\/point-large-mingle\/"]}]},{"@type":"BreadcrumbList","@id":"https:\/\/www.edonart.com\/it\/arredamento\/pouf\/point-large-mingle\/#breadcrumb","itemListElement":[{"@type":"ListItem","position":1,"name":"Home","item":"https:\/\/www.edonart.com\/it\/"},{"@type":"ListItem","position":2,"name":"Shop","item":"https:\/\/www.edonart.com\/it\/shop\/"},{"@type":"ListItem","position":3,"name":"Arredamento","item":"https:\/\/www.edonart.com\/it\/arredamento\/"},{"@type":"ListItem","position":4,"name":"Pouf","item":"https:\/\/www.edonart.com\/it\/arredamento\/pouf\/"},{"@type":"ListItem","position":5,"name":"Point Large Mingle"}]},{"@type":"WebSite","@id":"https:\/\/www.edonart.com\/it\/#website","url":"https:\/\/www.edonart.com\/it\/","name":"Edonart","description":"Design Is An Attitude","publisher":{"@id":"https:\/\/www.edonart.com\/it\/#organization"},"potentialAction":[{"@type":"SearchAction","target":{"@type":"EntryPoint","urlTemplate":"https:\/\/www.edonart.com\/it\/?s={search_term_string}"},"query-input":"required name=search_term_string"}],"inLanguage":"it-IT"},{"@type":"Organization","@id":"https:\/\/www.edonart.com\/it\/#organization","name":"Edonart","url":"https:\/\/www.edonart.com\/it\/","logo":{"@type":"ImageObject","inLanguage":"it-IT","@id":"https:\/\/www.edonart.com\/it\/#\/schema\/logo\/image\/","url":"https:\/\/www.edonart.com\/cms\/wp-content\/uploads\/2018\/09\/logo-edon-blac.png","contentUrl":"https:\/\/www.edonart.com\/cms\/wp-content\/uploads\/2018\/09\/logo-edon-blac.png","width":156,"height":155,"caption":"Edonart"},"image":{"@id":"https:\/\/www.edonart.com\/it\/#\/schema\/logo\/image\/"}}]}},"_links":{"self":[{"href":"https:\/\/www.edonart.com\/it\/wp-json\/wp\/v2\/product\/20039"}],"collection":[{"href":"https:\/\/www.edonart.com\/it\/wp-json\/wp\/v2\/product"}],"about":[{"href":"https:\/\/www.edonart.com\/it\/wp-json\/wp\/v2\/types\/product"}],"wp:featuredmedia":[{"embeddable":true,"href":"https:\/\/www.edonart.com\/it\/wp-json\/wp\/v2\/media\/20064"}],"wp:attachment":[{"href":"https:\/\/www.edonart.com\/it\/wp-json\/wp\/v2\/media?parent=20039"}],"wp:term":[{"taxonomy":"product_cat","embeddable":true,"href":"https:\/\/www.edonart.com\/it\/wp-json\/wp\/v2\/product_cat?post=20039"},{"taxonomy":"product_tag","embeddable":true,"href":"https:\/\/www.edonart.com\/it\/wp-json\/wp\/v2\/product_tag?post=20039"}],"curies":[{"name":"wp","href":"https:\/\/api.w.org\/{rel}","templated":true}]}}