{"id":17537,"date":"2022-04-20T22:37:14","date_gmt":"2022-04-20T20:37:14","guid":{"rendered":"https:\/\/www.edonart.com\/?post_type=product&#038;p=17537"},"modified":"2026-04-01T12:08:20","modified_gmt":"2026-04-01T10:08:20","slug":"ambrogio","status":"publish","type":"product","link":"https:\/\/www.edonart.com\/it\/outdoor\/ambrogio\/","title":{"rendered":"Ambrogio"},"content":{"rendered":"<p>[vc_row][vc_column][vc_tta_accordion][vc_tta_section title=&#8221;Specifiche&#8221; tab_id=&#8221;specifiche&#8221;][vc_column_text]<\/p>\n<p>[\/vc_column_text][\/vc_tta_section][vc_tta_section title=&#8221;Tempistiche e Spedizione&#8221; tab_id=&#8221;spedizione&#8221;][vc_column_text]<strong>Ambrogio Grigio: Disponibile in pronta consegna.<br \/>\nAmbrogio Blu: Disponibile in pronta consegna.<br \/>\nAmbrogio Giallo:\u00a0<b>Disponibile in pronta consegna.<\/b><\/strong><\/p>\n<p>Altre varianti colore Ambrogio: Disponibile in 4\/5 settimane.<\/p>\n<p>La spedizione si riferisce al peso volumetrico.[\/vc_column_text][\/vc_tta_section][\/vc_tta_accordion][\/vc_column][\/vc_row]<\/p>\n","protected":false},"excerpt":{"rendered":"<p><span style=\"font-weight: 400\">Ambrogio \u00e8 il maggiordomo pi\u00f9 versatile, colorato e attento all&#8217;ambiente che ci sia: un tavolo di servizio ideale in progetti residenziali, vetrine, negozi e in tutte le ambientazioni a cui serve un aiuto per servire. Ambrogio \u00e8 un prodotto dall&#8217;aria familiare, tanto che Francesco Favaretto si \u00e8 ispirato ai baffi di suo padre per crearlo. Ambrogio ama l&#8217;ambiente: per la prima volta abbiamo usato una nuova miscela di plastica in cui \u00e8 presente anche EcoAllene, che fino ad ora non era mai stata usata nel mondo del design. EcoAllene \u00e8 composta al 100% da materiale riciclato dai cartoni del Tetrapack, donando cos\u00ec una seconda vita alla plastica altrimenti destinata alle discariche o agli inceneritori. Ambrogio \u00e8 la combinazione perfetta tra un design fumettistico e un prodotto serio, ed \u00e8 anche etico: ci siamo spinti a creare un design sostenibile per le persone e per l&#8217;ambiente che ci circonda, entrando sempre di pi\u00f9 nel percorso virtuoso dell&#8217;economia circolare.<\/span><\/p>\n<p><strong>Ambrogio Grigio: Disponibile in pronta consegna.<br \/>\nAmbrogio Blu: Disponibile in pronta consegna.<br \/>\nAmbrogio Giallo:\u00a0<\/strong><b>Disponibile in pronta consegna.<\/b><\/p>\n","protected":false},"featured_media":17634,"template":"","meta":[],"product_cat":[15,2238,2590,2916,841],"product_tag":[3263,3238],"acf":[],"yoast_head":"<!-- This site is optimized with the Yoast SEO plugin v19.9 - https:\/\/yoast.com\/wordpress\/plugins\/seo\/ -->\n<title>Ambrogio Tavolino | Rivenditore Ufficiale Slide | Edonart Shop<\/title>\n<meta name=\"description\" content=\"Acquista Ambrogio Tavolino su Edonart. Arreda la tua zona outdoor con Slide. Ambrogio Tavolino \u00e8 disponibile su Edonart. Spedizione gratis.\" \/>\n<meta name=\"robots\" content=\"index, follow, max-snippet:-1, max-image-preview:large, max-video-preview:-1\" \/>\n<link rel=\"canonical\" href=\"https:\/\/www.edonart.com\/it\/outdoor\/ambrogio\/\" \/>\n<meta property=\"og:locale\" content=\"it_IT\" \/>\n<meta property=\"og:type\" content=\"article\" \/>\n<meta property=\"og:title\" content=\"Ambrogio Tavolino | Rivenditore Ufficiale Slide | Edonart Shop\" \/>\n<meta property=\"og:description\" content=\"Acquista Ambrogio Tavolino su Edonart. Arreda la tua zona outdoor con Slide. Ambrogio Tavolino \u00e8 disponibile su Edonart. Spedizione gratis.\" \/>\n<meta property=\"og:url\" content=\"https:\/\/www.edonart.com\/it\/outdoor\/ambrogio\/\" \/>\n<meta property=\"og:site_name\" content=\"Edonart\" \/>\n<meta property=\"article:modified_time\" content=\"2026-04-01T10:08:20+00:00\" \/>\n<meta property=\"og:image\" content=\"https:\/\/www.edonart.com\/cms\/wp-content\/uploads\/2022\/04\/SLIDE_ambrogio-front_powder-blue.jpg\" \/>\n\t<meta property=\"og:image:width\" content=\"1000\" \/>\n\t<meta property=\"og:image:height\" content=\"1000\" \/>\n\t<meta property=\"og:image:type\" content=\"image\/jpeg\" \/>\n<meta name=\"twitter:card\" content=\"summary_large_image\" \/>\n<meta name=\"twitter:label1\" content=\"Tempo di lettura stimato\" \/>\n\t<meta name=\"twitter:data1\" content=\"1 minuto\" \/>\n<script type=\"application\/ld+json\" class=\"yoast-schema-graph\">{\"@context\":\"https:\/\/schema.org\",\"@graph\":[{\"@type\":\"WebPage\",\"@id\":\"https:\/\/www.edonart.com\/it\/outdoor\/ambrogio\/\",\"url\":\"https:\/\/www.edonart.com\/it\/outdoor\/ambrogio\/\",\"name\":\"Ambrogio Tavolino | Rivenditore Ufficiale Slide | Edonart Shop\",\"isPartOf\":{\"@id\":\"https:\/\/www.edonart.com\/it\/#website\"},\"datePublished\":\"2022-04-20T20:37:14+00:00\",\"dateModified\":\"2026-04-01T10:08:20+00:00\",\"description\":\"Acquista Ambrogio Tavolino su Edonart. Arreda la tua zona outdoor con Slide. Ambrogio Tavolino \u00e8 disponibile su Edonart. Spedizione gratis.\",\"breadcrumb\":{\"@id\":\"https:\/\/www.edonart.com\/it\/outdoor\/ambrogio\/#breadcrumb\"},\"inLanguage\":\"it-IT\",\"potentialAction\":[{\"@type\":\"ReadAction\",\"target\":[\"https:\/\/www.edonart.com\/it\/outdoor\/ambrogio\/\"]}]},{\"@type\":\"BreadcrumbList\",\"@id\":\"https:\/\/www.edonart.com\/it\/outdoor\/ambrogio\/#breadcrumb\",\"itemListElement\":[{\"@type\":\"ListItem\",\"position\":1,\"name\":\"Home\",\"item\":\"https:\/\/www.edonart.com\/it\/\"},{\"@type\":\"ListItem\",\"position\":2,\"name\":\"Shop\",\"item\":\"https:\/\/www.edonart.com\/it\/shop\/\"},{\"@type\":\"ListItem\",\"position\":3,\"name\":\"Outdoor\",\"item\":\"https:\/\/www.edonart.com\/it\/outdoor\/\"},{\"@type\":\"ListItem\",\"position\":4,\"name\":\"Ambrogio\"}]},{\"@type\":\"WebSite\",\"@id\":\"https:\/\/www.edonart.com\/it\/#website\",\"url\":\"https:\/\/www.edonart.com\/it\/\",\"name\":\"Edonart\",\"description\":\"Design Is An Attitude\",\"publisher\":{\"@id\":\"https:\/\/www.edonart.com\/it\/#organization\"},\"potentialAction\":[{\"@type\":\"SearchAction\",\"target\":{\"@type\":\"EntryPoint\",\"urlTemplate\":\"https:\/\/www.edonart.com\/it\/?s={search_term_string}\"},\"query-input\":\"required name=search_term_string\"}],\"inLanguage\":\"it-IT\"},{\"@type\":\"Organization\",\"@id\":\"https:\/\/www.edonart.com\/it\/#organization\",\"name\":\"Edonart\",\"url\":\"https:\/\/www.edonart.com\/it\/\",\"logo\":{\"@type\":\"ImageObject\",\"inLanguage\":\"it-IT\",\"@id\":\"https:\/\/www.edonart.com\/it\/#\/schema\/logo\/image\/\",\"url\":\"https:\/\/www.edonart.com\/cms\/wp-content\/uploads\/2018\/09\/logo-edon-blac.png\",\"contentUrl\":\"https:\/\/www.edonart.com\/cms\/wp-content\/uploads\/2018\/09\/logo-edon-blac.png\",\"width\":156,\"height\":155,\"caption\":\"Edonart\"},\"image\":{\"@id\":\"https:\/\/www.edonart.com\/it\/#\/schema\/logo\/image\/\"}}]}<\/script>\n<!-- \/ Yoast SEO plugin. -->","yoast_head_json":{"title":"Ambrogio Tavolino | Rivenditore Ufficiale Slide | Edonart Shop","description":"Acquista Ambrogio Tavolino su Edonart. Arreda la tua zona outdoor con Slide. Ambrogio Tavolino \u00e8 disponibile su Edonart. Spedizione gratis.","robots":{"index":"index","follow":"follow","max-snippet":"max-snippet:-1","max-image-preview":"max-image-preview:large","max-video-preview":"max-video-preview:-1"},"canonical":"https:\/\/www.edonart.com\/it\/outdoor\/ambrogio\/","og_locale":"it_IT","og_type":"article","og_title":"Ambrogio Tavolino | Rivenditore Ufficiale Slide | Edonart Shop","og_description":"Acquista Ambrogio Tavolino su Edonart. Arreda la tua zona outdoor con Slide. Ambrogio Tavolino \u00e8 disponibile su Edonart. Spedizione gratis.","og_url":"https:\/\/www.edonart.com\/it\/outdoor\/ambrogio\/","og_site_name":"Edonart","article_modified_time":"2026-04-01T10:08:20+00:00","og_image":[{"width":1000,"height":1000,"url":"https:\/\/www.edonart.com\/cms\/wp-content\/uploads\/2022\/04\/SLIDE_ambrogio-front_powder-blue.jpg","type":"image\/jpeg"}],"twitter_card":"summary_large_image","twitter_misc":{"Tempo di lettura stimato":"1 minuto"},"schema":{"@context":"https:\/\/schema.org","@graph":[{"@type":"WebPage","@id":"https:\/\/www.edonart.com\/it\/outdoor\/ambrogio\/","url":"https:\/\/www.edonart.com\/it\/outdoor\/ambrogio\/","name":"Ambrogio Tavolino | Rivenditore Ufficiale Slide | Edonart Shop","isPartOf":{"@id":"https:\/\/www.edonart.com\/it\/#website"},"datePublished":"2022-04-20T20:37:14+00:00","dateModified":"2026-04-01T10:08:20+00:00","description":"Acquista Ambrogio Tavolino su Edonart. Arreda la tua zona outdoor con Slide. Ambrogio Tavolino \u00e8 disponibile su Edonart. Spedizione gratis.","breadcrumb":{"@id":"https:\/\/www.edonart.com\/it\/outdoor\/ambrogio\/#breadcrumb"},"inLanguage":"it-IT","potentialAction":[{"@type":"ReadAction","target":["https:\/\/www.edonart.com\/it\/outdoor\/ambrogio\/"]}]},{"@type":"BreadcrumbList","@id":"https:\/\/www.edonart.com\/it\/outdoor\/ambrogio\/#breadcrumb","itemListElement":[{"@type":"ListItem","position":1,"name":"Home","item":"https:\/\/www.edonart.com\/it\/"},{"@type":"ListItem","position":2,"name":"Shop","item":"https:\/\/www.edonart.com\/it\/shop\/"},{"@type":"ListItem","position":3,"name":"Outdoor","item":"https:\/\/www.edonart.com\/it\/outdoor\/"},{"@type":"ListItem","position":4,"name":"Ambrogio"}]},{"@type":"WebSite","@id":"https:\/\/www.edonart.com\/it\/#website","url":"https:\/\/www.edonart.com\/it\/","name":"Edonart","description":"Design Is An Attitude","publisher":{"@id":"https:\/\/www.edonart.com\/it\/#organization"},"potentialAction":[{"@type":"SearchAction","target":{"@type":"EntryPoint","urlTemplate":"https:\/\/www.edonart.com\/it\/?s={search_term_string}"},"query-input":"required name=search_term_string"}],"inLanguage":"it-IT"},{"@type":"Organization","@id":"https:\/\/www.edonart.com\/it\/#organization","name":"Edonart","url":"https:\/\/www.edonart.com\/it\/","logo":{"@type":"ImageObject","inLanguage":"it-IT","@id":"https:\/\/www.edonart.com\/it\/#\/schema\/logo\/image\/","url":"https:\/\/www.edonart.com\/cms\/wp-content\/uploads\/2018\/09\/logo-edon-blac.png","contentUrl":"https:\/\/www.edonart.com\/cms\/wp-content\/uploads\/2018\/09\/logo-edon-blac.png","width":156,"height":155,"caption":"Edonart"},"image":{"@id":"https:\/\/www.edonart.com\/it\/#\/schema\/logo\/image\/"}}]}},"_links":{"self":[{"href":"https:\/\/www.edonart.com\/it\/wp-json\/wp\/v2\/product\/17537"}],"collection":[{"href":"https:\/\/www.edonart.com\/it\/wp-json\/wp\/v2\/product"}],"about":[{"href":"https:\/\/www.edonart.com\/it\/wp-json\/wp\/v2\/types\/product"}],"wp:featuredmedia":[{"embeddable":true,"href":"https:\/\/www.edonart.com\/it\/wp-json\/wp\/v2\/media\/17634"}],"wp:attachment":[{"href":"https:\/\/www.edonart.com\/it\/wp-json\/wp\/v2\/media?parent=17537"}],"wp:term":[{"taxonomy":"product_cat","embeddable":true,"href":"https:\/\/www.edonart.com\/it\/wp-json\/wp\/v2\/product_cat?post=17537"},{"taxonomy":"product_tag","embeddable":true,"href":"https:\/\/www.edonart.com\/it\/wp-json\/wp\/v2\/product_tag?post=17537"}],"curies":[{"name":"wp","href":"https:\/\/api.w.org\/{rel}","templated":true}]}}