{"id":17072,"date":"2022-04-03T18:37:57","date_gmt":"2022-04-03T16:37:57","guid":{"rendered":"https:\/\/www.edonart.com\/?post_type=product&#038;p=17072"},"modified":"2023-02-21T16:47:56","modified_gmt":"2023-02-21T15:47:56","slug":"cruise-teak-tavolo-da-caffe-45-x-90","status":"publish","type":"product","link":"https:\/\/www.edonart.com\/it\/arredamento\/tavolini\/cruise-teak-tavolo-da-caffe-45-x-90\/","title":{"rendered":"Cruise \/\/ Teak tavolo da caff\u00e8 45 x 90"},"content":{"rendered":"<p>[vc_row][vc_column][vc_tta_accordion][vc_tta_section title=&#8221;Specifiche&#8221; tab_id=&#8221;specifiche&#8221;][vc_column_text]<\/p>\n<p>[\/vc_column_text][\/vc_tta_section][vc_tta_section title=&#8221;Tempistiche e Spedizione&#8221; tab_id=&#8221;spedizione&#8221;][vc_column_text]Disponibile in 3\/4 settimane.<\/p>\n<p>La spedizione si riferisce al peso volumetrico.[\/vc_column_text][\/vc_tta_section][\/vc_tta_accordion][\/vc_column][\/vc_row]<\/p>\n","protected":false},"excerpt":{"rendered":"<p>Il Tavolino da Caff\u00e8 45\u00d790 della collezione Cruise Teak \u00e8 semplice ma particolare allo stesso tempo. Versatile nelle sue applicazioni, il prodotto pu\u00f2 essere anche utilizzato all\u2019interno del Divano Modulare Cruise Teak, distanziando, con stile, un modulo dall\u2019altro. Il piano \u00e8 realizzato in gress mentre la base \u00e8 in legno.<br \/>\nDisegnato da Ludovica + Roberto Palomba.<\/p>\n","protected":false},"featured_media":17074,"template":"","meta":[],"product_cat":[2590,2916,841],"product_tag":[],"acf":[],"yoast_head":"<!-- This site is optimized with the Yoast SEO plugin v19.9 - https:\/\/yoast.com\/wordpress\/plugins\/seo\/ -->\n<title>Talenti Outdoor | Arredamento da esterno di design | Acquista ora Edonart<\/title>\n<meta name=\"description\" content=\"Acquista online Talenti Outdoor, il fantastico brand per l&#039;arredamento da esterno di design. Scopri ora il catalogo e rendi unico il tuo spazio all&#039;aperto. La spedizione \u00e8 gratuita.\" \/>\n<meta name=\"robots\" content=\"index, follow, max-snippet:-1, max-image-preview:large, max-video-preview:-1\" \/>\n<link rel=\"canonical\" href=\"https:\/\/www.edonart.com\/it\/arredamento\/tavolini\/cruise-teak-tavolo-da-caffe-45-x-90\/\" \/>\n<meta property=\"og:locale\" content=\"it_IT\" \/>\n<meta property=\"og:type\" content=\"article\" \/>\n<meta property=\"og:title\" content=\"Talenti Outdoor | Arredamento da esterno di design | Acquista ora Edonart\" \/>\n<meta property=\"og:description\" content=\"Acquista online Talenti Outdoor, il fantastico brand per l&#039;arredamento da esterno di design. Scopri ora il catalogo e rendi unico il tuo spazio all&#039;aperto. La spedizione \u00e8 gratuita.\" \/>\n<meta property=\"og:url\" content=\"https:\/\/www.edonart.com\/it\/arredamento\/tavolini\/cruise-teak-tavolo-da-caffe-45-x-90\/\" \/>\n<meta property=\"og:site_name\" content=\"Edonart\" \/>\n<meta property=\"article:modified_time\" content=\"2023-02-21T15:47:56+00:00\" \/>\n<meta property=\"og:image\" content=\"https:\/\/www.edonart.com\/cms\/wp-content\/uploads\/2022\/04\/CRULTC45-1-1160x620-1.jpg\" \/>\n\t<meta property=\"og:image:width\" content=\"1000\" \/>\n\t<meta property=\"og:image:height\" content=\"1000\" \/>\n\t<meta property=\"og:image:type\" content=\"image\/jpeg\" \/>\n<meta name=\"twitter:card\" content=\"summary_large_image\" \/>\n<meta name=\"twitter:label1\" content=\"Tempo di lettura stimato\" \/>\n\t<meta name=\"twitter:data1\" content=\"1 minuto\" \/>\n<script type=\"application\/ld+json\" class=\"yoast-schema-graph\">{\"@context\":\"https:\/\/schema.org\",\"@graph\":[{\"@type\":\"WebPage\",\"@id\":\"https:\/\/www.edonart.com\/it\/arredamento\/tavolini\/cruise-teak-tavolo-da-caffe-45-x-90\/\",\"url\":\"https:\/\/www.edonart.com\/it\/arredamento\/tavolini\/cruise-teak-tavolo-da-caffe-45-x-90\/\",\"name\":\"Talenti Outdoor | Arredamento da esterno di design | Acquista ora Edonart\",\"isPartOf\":{\"@id\":\"https:\/\/www.edonart.com\/it\/#website\"},\"datePublished\":\"2022-04-03T16:37:57+00:00\",\"dateModified\":\"2023-02-21T15:47:56+00:00\",\"description\":\"Acquista online Talenti Outdoor, il fantastico brand per l'arredamento da esterno di design. Scopri ora il catalogo e rendi unico il tuo spazio all'aperto. La spedizione \u00e8 gratuita.\",\"breadcrumb\":{\"@id\":\"https:\/\/www.edonart.com\/it\/arredamento\/tavolini\/cruise-teak-tavolo-da-caffe-45-x-90\/#breadcrumb\"},\"inLanguage\":\"it-IT\",\"potentialAction\":[{\"@type\":\"ReadAction\",\"target\":[\"https:\/\/www.edonart.com\/it\/arredamento\/tavolini\/cruise-teak-tavolo-da-caffe-45-x-90\/\"]}]},{\"@type\":\"BreadcrumbList\",\"@id\":\"https:\/\/www.edonart.com\/it\/arredamento\/tavolini\/cruise-teak-tavolo-da-caffe-45-x-90\/#breadcrumb\",\"itemListElement\":[{\"@type\":\"ListItem\",\"position\":1,\"name\":\"Home\",\"item\":\"https:\/\/www.edonart.com\/it\/\"},{\"@type\":\"ListItem\",\"position\":2,\"name\":\"Shop\",\"item\":\"https:\/\/www.edonart.com\/it\/shop\/\"},{\"@type\":\"ListItem\",\"position\":3,\"name\":\"Arredamento\",\"item\":\"https:\/\/www.edonart.com\/it\/arredamento\/\"},{\"@type\":\"ListItem\",\"position\":4,\"name\":\"Tavolini\",\"item\":\"https:\/\/www.edonart.com\/it\/arredamento\/tavolini\/\"},{\"@type\":\"ListItem\",\"position\":5,\"name\":\"Cruise \/\/ Teak tavolo da caff\u00e8 45 x 90\"}]},{\"@type\":\"WebSite\",\"@id\":\"https:\/\/www.edonart.com\/it\/#website\",\"url\":\"https:\/\/www.edonart.com\/it\/\",\"name\":\"Edonart\",\"description\":\"Design Is An Attitude\",\"publisher\":{\"@id\":\"https:\/\/www.edonart.com\/it\/#organization\"},\"potentialAction\":[{\"@type\":\"SearchAction\",\"target\":{\"@type\":\"EntryPoint\",\"urlTemplate\":\"https:\/\/www.edonart.com\/it\/?s={search_term_string}\"},\"query-input\":\"required name=search_term_string\"}],\"inLanguage\":\"it-IT\"},{\"@type\":\"Organization\",\"@id\":\"https:\/\/www.edonart.com\/it\/#organization\",\"name\":\"Edonart\",\"url\":\"https:\/\/www.edonart.com\/it\/\",\"logo\":{\"@type\":\"ImageObject\",\"inLanguage\":\"it-IT\",\"@id\":\"https:\/\/www.edonart.com\/it\/#\/schema\/logo\/image\/\",\"url\":\"https:\/\/www.edonart.com\/cms\/wp-content\/uploads\/2018\/09\/logo-edon-blac.png\",\"contentUrl\":\"https:\/\/www.edonart.com\/cms\/wp-content\/uploads\/2018\/09\/logo-edon-blac.png\",\"width\":156,\"height\":155,\"caption\":\"Edonart\"},\"image\":{\"@id\":\"https:\/\/www.edonart.com\/it\/#\/schema\/logo\/image\/\"}}]}<\/script>\n<!-- \/ Yoast SEO plugin. -->","yoast_head_json":{"title":"Talenti Outdoor | Arredamento da esterno di design | Acquista ora Edonart","description":"Acquista online Talenti Outdoor, il fantastico brand per l'arredamento da esterno di design. Scopri ora il catalogo e rendi unico il tuo spazio all'aperto. La spedizione \u00e8 gratuita.","robots":{"index":"index","follow":"follow","max-snippet":"max-snippet:-1","max-image-preview":"max-image-preview:large","max-video-preview":"max-video-preview:-1"},"canonical":"https:\/\/www.edonart.com\/it\/arredamento\/tavolini\/cruise-teak-tavolo-da-caffe-45-x-90\/","og_locale":"it_IT","og_type":"article","og_title":"Talenti Outdoor | Arredamento da esterno di design | Acquista ora Edonart","og_description":"Acquista online Talenti Outdoor, il fantastico brand per l'arredamento da esterno di design. Scopri ora il catalogo e rendi unico il tuo spazio all'aperto. La spedizione \u00e8 gratuita.","og_url":"https:\/\/www.edonart.com\/it\/arredamento\/tavolini\/cruise-teak-tavolo-da-caffe-45-x-90\/","og_site_name":"Edonart","article_modified_time":"2023-02-21T15:47:56+00:00","og_image":[{"width":1000,"height":1000,"url":"https:\/\/www.edonart.com\/cms\/wp-content\/uploads\/2022\/04\/CRULTC45-1-1160x620-1.jpg","type":"image\/jpeg"}],"twitter_card":"summary_large_image","twitter_misc":{"Tempo di lettura stimato":"1 minuto"},"schema":{"@context":"https:\/\/schema.org","@graph":[{"@type":"WebPage","@id":"https:\/\/www.edonart.com\/it\/arredamento\/tavolini\/cruise-teak-tavolo-da-caffe-45-x-90\/","url":"https:\/\/www.edonart.com\/it\/arredamento\/tavolini\/cruise-teak-tavolo-da-caffe-45-x-90\/","name":"Talenti Outdoor | Arredamento da esterno di design | Acquista ora Edonart","isPartOf":{"@id":"https:\/\/www.edonart.com\/it\/#website"},"datePublished":"2022-04-03T16:37:57+00:00","dateModified":"2023-02-21T15:47:56+00:00","description":"Acquista online Talenti Outdoor, il fantastico brand per l'arredamento da esterno di design. Scopri ora il catalogo e rendi unico il tuo spazio all'aperto. La spedizione \u00e8 gratuita.","breadcrumb":{"@id":"https:\/\/www.edonart.com\/it\/arredamento\/tavolini\/cruise-teak-tavolo-da-caffe-45-x-90\/#breadcrumb"},"inLanguage":"it-IT","potentialAction":[{"@type":"ReadAction","target":["https:\/\/www.edonart.com\/it\/arredamento\/tavolini\/cruise-teak-tavolo-da-caffe-45-x-90\/"]}]},{"@type":"BreadcrumbList","@id":"https:\/\/www.edonart.com\/it\/arredamento\/tavolini\/cruise-teak-tavolo-da-caffe-45-x-90\/#breadcrumb","itemListElement":[{"@type":"ListItem","position":1,"name":"Home","item":"https:\/\/www.edonart.com\/it\/"},{"@type":"ListItem","position":2,"name":"Shop","item":"https:\/\/www.edonart.com\/it\/shop\/"},{"@type":"ListItem","position":3,"name":"Arredamento","item":"https:\/\/www.edonart.com\/it\/arredamento\/"},{"@type":"ListItem","position":4,"name":"Tavolini","item":"https:\/\/www.edonart.com\/it\/arredamento\/tavolini\/"},{"@type":"ListItem","position":5,"name":"Cruise \/\/ Teak tavolo da caff\u00e8 45 x 90"}]},{"@type":"WebSite","@id":"https:\/\/www.edonart.com\/it\/#website","url":"https:\/\/www.edonart.com\/it\/","name":"Edonart","description":"Design Is An Attitude","publisher":{"@id":"https:\/\/www.edonart.com\/it\/#organization"},"potentialAction":[{"@type":"SearchAction","target":{"@type":"EntryPoint","urlTemplate":"https:\/\/www.edonart.com\/it\/?s={search_term_string}"},"query-input":"required name=search_term_string"}],"inLanguage":"it-IT"},{"@type":"Organization","@id":"https:\/\/www.edonart.com\/it\/#organization","name":"Edonart","url":"https:\/\/www.edonart.com\/it\/","logo":{"@type":"ImageObject","inLanguage":"it-IT","@id":"https:\/\/www.edonart.com\/it\/#\/schema\/logo\/image\/","url":"https:\/\/www.edonart.com\/cms\/wp-content\/uploads\/2018\/09\/logo-edon-blac.png","contentUrl":"https:\/\/www.edonart.com\/cms\/wp-content\/uploads\/2018\/09\/logo-edon-blac.png","width":156,"height":155,"caption":"Edonart"},"image":{"@id":"https:\/\/www.edonart.com\/it\/#\/schema\/logo\/image\/"}}]}},"_links":{"self":[{"href":"https:\/\/www.edonart.com\/it\/wp-json\/wp\/v2\/product\/17072"}],"collection":[{"href":"https:\/\/www.edonart.com\/it\/wp-json\/wp\/v2\/product"}],"about":[{"href":"https:\/\/www.edonart.com\/it\/wp-json\/wp\/v2\/types\/product"}],"wp:featuredmedia":[{"embeddable":true,"href":"https:\/\/www.edonart.com\/it\/wp-json\/wp\/v2\/media\/17074"}],"wp:attachment":[{"href":"https:\/\/www.edonart.com\/it\/wp-json\/wp\/v2\/media?parent=17072"}],"wp:term":[{"taxonomy":"product_cat","embeddable":true,"href":"https:\/\/www.edonart.com\/it\/wp-json\/wp\/v2\/product_cat?post=17072"},{"taxonomy":"product_tag","embeddable":true,"href":"https:\/\/www.edonart.com\/it\/wp-json\/wp\/v2\/product_tag?post=17072"}],"curies":[{"name":"wp","href":"https:\/\/api.w.org\/{rel}","templated":true}]}}