{"id":13087,"date":"2021-03-27T15:35:24","date_gmt":"2021-03-27T14:35:24","guid":{"rendered":"https:\/\/www.edonart.com\/?post_type=product&#038;p=13087"},"modified":"2025-12-02T15:50:17","modified_gmt":"2025-12-02T14:50:17","slug":"pirce-micro-led-sospensione","status":"publish","type":"product","link":"https:\/\/www.edonart.com\/it\/illuminazione\/lampadari\/pirce-micro-led-sospensione\/","title":{"rendered":"Pirce Micro Led Sospensione"},"content":{"rendered":"<p>[vc_row][vc_column][vc_tta_accordion][vc_tta_section title=&#8221;Specifiche&#8221; tab_id=&#8221;specifiche&#8221;][vc_column_text]<\/p>\n<p>[\/vc_column_text][\/vc_tta_section][vc_tta_section title=&#8221;Tempistiche e Spedizione&#8221; tab_id=&#8221;spedizione&#8221;][vc_column_text]<span style=\"font-weight: 400\">Consegna prevista:\u00a0<\/span><br \/>\nVariante Bianco: 3\/4 settimane<br \/>\nVariante Oro: 3\/4 settimane<\/p>\n<p>La spedizione si riferisce al peso volumetrico.[\/vc_column_text][\/vc_tta_section][vc_tta_section title=&#8221;Note Generali&#8221; tab_id=&#8221;1603917305082-0e832a67-ae38&#8243;][vc_column_text]Lampadario a soffitto con luce LED 3000K.[\/vc_column_text][\/vc_tta_section][\/vc_tta_accordion][\/vc_column][\/vc_row]<\/p>\n","protected":false},"excerpt":{"rendered":"<p>Il design pluripremiato di Pirce \u00e8 uno dei pi\u00f9 venduti da Artemide. Originariamente rilasciata in versione alogena, la sua sorgente luminosa \u00e8 stata ripensata per incorporare un LED di alta qualit\u00e0 ed efficienza energetica. Pirce non \u00e8 solo un&#8217;elegante lampada, ma anche una decorazione seducente con un forte senso di presenza sia accesa che spenta. Il suo disco sottile si fonde dolcemente in vortici fluenti che scorrono a spirale verso il basso per creare effetti di luce seducenti. Versione Micro.<\/p>\n","protected":false},"featured_media":11160,"template":"","meta":[],"product_cat":[88,2206,20,29,30],"product_tag":[2297],"acf":[],"yoast_head":"<!-- This site is optimized with the Yoast SEO plugin v19.9 - https:\/\/yoast.com\/wordpress\/plugins\/seo\/ -->\n<title>Pirce Micro Led Sospensione | Rivenditore Artemide | Edonart<\/title>\n<meta name=\"description\" content=\"Compra Pirce Micro Led Sospensione di Artemide. Spedizione gratuita e prezzi scontati. Acquista subito Pirce Micro online su Edonart.\" \/>\n<meta name=\"robots\" content=\"index, follow, max-snippet:-1, max-image-preview:large, max-video-preview:-1\" \/>\n<link rel=\"canonical\" href=\"https:\/\/www.edonart.com\/it\/illuminazione\/lampadari\/pirce-micro-led-sospensione\/\" \/>\n<meta property=\"og:locale\" content=\"it_IT\" \/>\n<meta property=\"og:type\" content=\"article\" \/>\n<meta property=\"og:title\" content=\"Pirce Micro Led Sospensione | Rivenditore Artemide | Edonart\" \/>\n<meta property=\"og:description\" content=\"Compra Pirce Micro Led Sospensione di Artemide. Spedizione gratuita e prezzi scontati. Acquista subito Pirce Micro online su Edonart.\" \/>\n<meta property=\"og:url\" content=\"https:\/\/www.edonart.com\/it\/illuminazione\/lampadari\/pirce-micro-led-sospensione\/\" \/>\n<meta property=\"og:site_name\" content=\"Edonart\" \/>\n<meta property=\"article:modified_time\" content=\"2025-12-02T14:50:17+00:00\" \/>\n<meta property=\"og:image\" content=\"https:\/\/www.edonart.com\/cms\/wp-content\/uploads\/2020\/11\/pirce-sospension-white-led-s-new.jpg\" \/>\n\t<meta property=\"og:image:width\" content=\"1000\" \/>\n\t<meta property=\"og:image:height\" content=\"1000\" \/>\n\t<meta property=\"og:image:type\" content=\"image\/jpeg\" \/>\n<meta name=\"twitter:card\" content=\"summary_large_image\" \/>\n<meta name=\"twitter:label1\" content=\"Tempo di lettura stimato\" \/>\n\t<meta name=\"twitter:data1\" content=\"1 minuto\" \/>\n<script type=\"application\/ld+json\" class=\"yoast-schema-graph\">{\"@context\":\"https:\/\/schema.org\",\"@graph\":[{\"@type\":\"WebPage\",\"@id\":\"https:\/\/www.edonart.com\/it\/illuminazione\/lampadari\/pirce-micro-led-sospensione\/\",\"url\":\"https:\/\/www.edonart.com\/it\/illuminazione\/lampadari\/pirce-micro-led-sospensione\/\",\"name\":\"Pirce Micro Led Sospensione | Rivenditore Artemide | Edonart\",\"isPartOf\":{\"@id\":\"https:\/\/www.edonart.com\/it\/#website\"},\"datePublished\":\"2021-03-27T14:35:24+00:00\",\"dateModified\":\"2025-12-02T14:50:17+00:00\",\"description\":\"Compra Pirce Micro Led Sospensione di Artemide. Spedizione gratuita e prezzi scontati. Acquista subito Pirce Micro online su Edonart.\",\"breadcrumb\":{\"@id\":\"https:\/\/www.edonart.com\/it\/illuminazione\/lampadari\/pirce-micro-led-sospensione\/#breadcrumb\"},\"inLanguage\":\"it-IT\",\"potentialAction\":[{\"@type\":\"ReadAction\",\"target\":[\"https:\/\/www.edonart.com\/it\/illuminazione\/lampadari\/pirce-micro-led-sospensione\/\"]}]},{\"@type\":\"BreadcrumbList\",\"@id\":\"https:\/\/www.edonart.com\/it\/illuminazione\/lampadari\/pirce-micro-led-sospensione\/#breadcrumb\",\"itemListElement\":[{\"@type\":\"ListItem\",\"position\":1,\"name\":\"Home\",\"item\":\"https:\/\/www.edonart.com\/it\/\"},{\"@type\":\"ListItem\",\"position\":2,\"name\":\"Shop\",\"item\":\"https:\/\/www.edonart.com\/it\/shop\/\"},{\"@type\":\"ListItem\",\"position\":3,\"name\":\"Illuminazione\",\"item\":\"https:\/\/www.edonart.com\/it\/illuminazione\/\"},{\"@type\":\"ListItem\",\"position\":4,\"name\":\"Lampadari\",\"item\":\"https:\/\/www.edonart.com\/it\/illuminazione\/lampadari\/\"},{\"@type\":\"ListItem\",\"position\":5,\"name\":\"Pirce Micro Led Sospensione\"}]},{\"@type\":\"WebSite\",\"@id\":\"https:\/\/www.edonart.com\/it\/#website\",\"url\":\"https:\/\/www.edonart.com\/it\/\",\"name\":\"Edonart\",\"description\":\"Design Is An Attitude\",\"publisher\":{\"@id\":\"https:\/\/www.edonart.com\/it\/#organization\"},\"potentialAction\":[{\"@type\":\"SearchAction\",\"target\":{\"@type\":\"EntryPoint\",\"urlTemplate\":\"https:\/\/www.edonart.com\/it\/?s={search_term_string}\"},\"query-input\":\"required name=search_term_string\"}],\"inLanguage\":\"it-IT\"},{\"@type\":\"Organization\",\"@id\":\"https:\/\/www.edonart.com\/it\/#organization\",\"name\":\"Edonart\",\"url\":\"https:\/\/www.edonart.com\/it\/\",\"logo\":{\"@type\":\"ImageObject\",\"inLanguage\":\"it-IT\",\"@id\":\"https:\/\/www.edonart.com\/it\/#\/schema\/logo\/image\/\",\"url\":\"https:\/\/www.edonart.com\/cms\/wp-content\/uploads\/2018\/09\/logo-edon-blac.png\",\"contentUrl\":\"https:\/\/www.edonart.com\/cms\/wp-content\/uploads\/2018\/09\/logo-edon-blac.png\",\"width\":156,\"height\":155,\"caption\":\"Edonart\"},\"image\":{\"@id\":\"https:\/\/www.edonart.com\/it\/#\/schema\/logo\/image\/\"}}]}<\/script>\n<!-- \/ Yoast SEO plugin. -->","yoast_head_json":{"title":"Pirce Micro Led Sospensione | Rivenditore Artemide | Edonart","description":"Compra Pirce Micro Led Sospensione di Artemide. Spedizione gratuita e prezzi scontati. Acquista subito Pirce Micro online su Edonart.","robots":{"index":"index","follow":"follow","max-snippet":"max-snippet:-1","max-image-preview":"max-image-preview:large","max-video-preview":"max-video-preview:-1"},"canonical":"https:\/\/www.edonart.com\/it\/illuminazione\/lampadari\/pirce-micro-led-sospensione\/","og_locale":"it_IT","og_type":"article","og_title":"Pirce Micro Led Sospensione | Rivenditore Artemide | Edonart","og_description":"Compra Pirce Micro Led Sospensione di Artemide. Spedizione gratuita e prezzi scontati. Acquista subito Pirce Micro online su Edonart.","og_url":"https:\/\/www.edonart.com\/it\/illuminazione\/lampadari\/pirce-micro-led-sospensione\/","og_site_name":"Edonart","article_modified_time":"2025-12-02T14:50:17+00:00","og_image":[{"width":1000,"height":1000,"url":"https:\/\/www.edonart.com\/cms\/wp-content\/uploads\/2020\/11\/pirce-sospension-white-led-s-new.jpg","type":"image\/jpeg"}],"twitter_card":"summary_large_image","twitter_misc":{"Tempo di lettura stimato":"1 minuto"},"schema":{"@context":"https:\/\/schema.org","@graph":[{"@type":"WebPage","@id":"https:\/\/www.edonart.com\/it\/illuminazione\/lampadari\/pirce-micro-led-sospensione\/","url":"https:\/\/www.edonart.com\/it\/illuminazione\/lampadari\/pirce-micro-led-sospensione\/","name":"Pirce Micro Led Sospensione | Rivenditore Artemide | Edonart","isPartOf":{"@id":"https:\/\/www.edonart.com\/it\/#website"},"datePublished":"2021-03-27T14:35:24+00:00","dateModified":"2025-12-02T14:50:17+00:00","description":"Compra Pirce Micro Led Sospensione di Artemide. Spedizione gratuita e prezzi scontati. Acquista subito Pirce Micro online su Edonart.","breadcrumb":{"@id":"https:\/\/www.edonart.com\/it\/illuminazione\/lampadari\/pirce-micro-led-sospensione\/#breadcrumb"},"inLanguage":"it-IT","potentialAction":[{"@type":"ReadAction","target":["https:\/\/www.edonart.com\/it\/illuminazione\/lampadari\/pirce-micro-led-sospensione\/"]}]},{"@type":"BreadcrumbList","@id":"https:\/\/www.edonart.com\/it\/illuminazione\/lampadari\/pirce-micro-led-sospensione\/#breadcrumb","itemListElement":[{"@type":"ListItem","position":1,"name":"Home","item":"https:\/\/www.edonart.com\/it\/"},{"@type":"ListItem","position":2,"name":"Shop","item":"https:\/\/www.edonart.com\/it\/shop\/"},{"@type":"ListItem","position":3,"name":"Illuminazione","item":"https:\/\/www.edonart.com\/it\/illuminazione\/"},{"@type":"ListItem","position":4,"name":"Lampadari","item":"https:\/\/www.edonart.com\/it\/illuminazione\/lampadari\/"},{"@type":"ListItem","position":5,"name":"Pirce Micro Led Sospensione"}]},{"@type":"WebSite","@id":"https:\/\/www.edonart.com\/it\/#website","url":"https:\/\/www.edonart.com\/it\/","name":"Edonart","description":"Design Is An Attitude","publisher":{"@id":"https:\/\/www.edonart.com\/it\/#organization"},"potentialAction":[{"@type":"SearchAction","target":{"@type":"EntryPoint","urlTemplate":"https:\/\/www.edonart.com\/it\/?s={search_term_string}"},"query-input":"required name=search_term_string"}],"inLanguage":"it-IT"},{"@type":"Organization","@id":"https:\/\/www.edonart.com\/it\/#organization","name":"Edonart","url":"https:\/\/www.edonart.com\/it\/","logo":{"@type":"ImageObject","inLanguage":"it-IT","@id":"https:\/\/www.edonart.com\/it\/#\/schema\/logo\/image\/","url":"https:\/\/www.edonart.com\/cms\/wp-content\/uploads\/2018\/09\/logo-edon-blac.png","contentUrl":"https:\/\/www.edonart.com\/cms\/wp-content\/uploads\/2018\/09\/logo-edon-blac.png","width":156,"height":155,"caption":"Edonart"},"image":{"@id":"https:\/\/www.edonart.com\/it\/#\/schema\/logo\/image\/"}}]}},"_links":{"self":[{"href":"https:\/\/www.edonart.com\/it\/wp-json\/wp\/v2\/product\/13087"}],"collection":[{"href":"https:\/\/www.edonart.com\/it\/wp-json\/wp\/v2\/product"}],"about":[{"href":"https:\/\/www.edonart.com\/it\/wp-json\/wp\/v2\/types\/product"}],"wp:featuredmedia":[{"embeddable":true,"href":"https:\/\/www.edonart.com\/it\/wp-json\/wp\/v2\/media\/11160"}],"wp:attachment":[{"href":"https:\/\/www.edonart.com\/it\/wp-json\/wp\/v2\/media?parent=13087"}],"wp:term":[{"taxonomy":"product_cat","embeddable":true,"href":"https:\/\/www.edonart.com\/it\/wp-json\/wp\/v2\/product_cat?post=13087"},{"taxonomy":"product_tag","embeddable":true,"href":"https:\/\/www.edonart.com\/it\/wp-json\/wp\/v2\/product_tag?post=13087"}],"curies":[{"name":"wp","href":"https:\/\/api.w.org\/{rel}","templated":true}]}}