{"id":13077,"date":"2021-03-27T15:15:30","date_gmt":"2021-03-27T14:15:30","guid":{"rendered":"https:\/\/www.edonart.com\/?post_type=product&#038;p=13077"},"modified":"2025-12-02T15:49:11","modified_gmt":"2025-12-02T14:49:11","slug":"pirce-sospensione","status":"publish","type":"product","link":"https:\/\/www.edonart.com\/it\/illuminazione\/lampadari\/pirce-sospensione\/","title":{"rendered":"Pirce Sospensione Halo"},"content":{"rendered":"<p>[vc_row][vc_column][vc_tta_accordion][vc_tta_section title=&#8221;Specifiche&#8221; tab_id=&#8221;specifiche&#8221;][vc_column_text]<\/p>\n<p>[\/vc_column_text][\/vc_tta_section][vc_tta_section title=&#8221;Tempistiche e Spedizione&#8221; tab_id=&#8221;spedizione&#8221;][vc_column_text]<strong>Disponibile in 3\/4 settimane<\/strong><\/p>\n<p>La spedizione si riferisce al peso volumetrico.[\/vc_column_text][\/vc_tta_section][vc_tta_section title=&#8221;Note Generali&#8221; tab_id=&#8221;1603917305082-0e832a67-ae38&#8243;][vc_column_text]<\/p>\n<div class=\"page\" title=\"Page 51\">\n<div class=\"layoutArea\">\n<div class=\"column\">\n<p><span>LED DIM 1x11W o Halo 1x330W (R7s)<br \/>\n<\/span><span>Dimmerabile<br \/>\nEnergy Label (30): A++ &#8211;&gt;<\/span><span>\u00a0<\/span><span>E<\/span><\/p>\n<\/div>\n<\/div>\n<\/div>\n<p>[\/vc_column_text][\/vc_tta_section][\/vc_tta_accordion][\/vc_column][\/vc_row]<\/p>\n","protected":false},"excerpt":{"rendered":"<p>Il design pluripremiato di Pirce \u00e8 uno dei pi\u00f9 venduti da Artemide. Pirce non \u00e8 solo un&#8217;elegante lampada, ma anche una decorazione seducente con un forte senso di presenza sia accesa che spenta. Il suo disco sottile si fonde dolcemente in vortici fluenti che scorrono a spirale verso il basso per creare effetti di luce seducenti.<\/p>\n","protected":false},"featured_media":11160,"template":"","meta":[],"product_cat":[2206,20,29,30],"product_tag":[2297],"acf":[],"yoast_head":"<!-- This site is optimized with the Yoast SEO plugin v19.9 - https:\/\/yoast.com\/wordpress\/plugins\/seo\/ -->\n<title>Pirce Halo Sospensione | Rivenditore Ufficiale Artemide | Edonart<\/title>\n<meta name=\"description\" content=\"Acquista Pirce Sospensione di Artemide a prezzi scontati su Edonart. Ricevi Pirce a casa tua senza spese di spedizione. Compra ora su Edonart\" \/>\n<meta name=\"robots\" content=\"index, follow, max-snippet:-1, max-image-preview:large, max-video-preview:-1\" \/>\n<link rel=\"canonical\" href=\"https:\/\/www.edonart.com\/it\/illuminazione\/lampadari\/pirce-sospensione\/\" \/>\n<meta property=\"og:locale\" content=\"it_IT\" \/>\n<meta property=\"og:type\" content=\"article\" \/>\n<meta property=\"og:title\" content=\"Pirce Halo Sospensione | Rivenditore Ufficiale Artemide | Edonart\" \/>\n<meta property=\"og:description\" content=\"Acquista Pirce Sospensione di Artemide a prezzi scontati su Edonart. Ricevi Pirce a casa tua senza spese di spedizione. Compra ora su Edonart\" \/>\n<meta property=\"og:url\" content=\"https:\/\/www.edonart.com\/it\/illuminazione\/lampadari\/pirce-sospensione\/\" \/>\n<meta property=\"og:site_name\" content=\"Edonart\" \/>\n<meta property=\"article:modified_time\" content=\"2025-12-02T14:49:11+00:00\" \/>\n<meta property=\"og:image\" content=\"https:\/\/www.edonart.com\/cms\/wp-content\/uploads\/2020\/11\/pirce-sospension-white-led-s-new.jpg\" \/>\n\t<meta property=\"og:image:width\" content=\"1000\" \/>\n\t<meta property=\"og:image:height\" content=\"1000\" \/>\n\t<meta property=\"og:image:type\" content=\"image\/jpeg\" \/>\n<meta name=\"twitter:card\" content=\"summary_large_image\" \/>\n<meta name=\"twitter:label1\" content=\"Tempo di lettura stimato\" \/>\n\t<meta name=\"twitter:data1\" content=\"1 minuto\" \/>\n<script type=\"application\/ld+json\" class=\"yoast-schema-graph\">{\"@context\":\"https:\/\/schema.org\",\"@graph\":[{\"@type\":\"WebPage\",\"@id\":\"https:\/\/www.edonart.com\/it\/illuminazione\/lampadari\/pirce-sospensione\/\",\"url\":\"https:\/\/www.edonart.com\/it\/illuminazione\/lampadari\/pirce-sospensione\/\",\"name\":\"Pirce Halo Sospensione | Rivenditore Ufficiale Artemide | Edonart\",\"isPartOf\":{\"@id\":\"https:\/\/www.edonart.com\/it\/#website\"},\"datePublished\":\"2021-03-27T14:15:30+00:00\",\"dateModified\":\"2025-12-02T14:49:11+00:00\",\"description\":\"Acquista Pirce Sospensione di Artemide a prezzi scontati su Edonart. Ricevi Pirce a casa tua senza spese di spedizione. Compra ora su Edonart\",\"breadcrumb\":{\"@id\":\"https:\/\/www.edonart.com\/it\/illuminazione\/lampadari\/pirce-sospensione\/#breadcrumb\"},\"inLanguage\":\"it-IT\",\"potentialAction\":[{\"@type\":\"ReadAction\",\"target\":[\"https:\/\/www.edonart.com\/it\/illuminazione\/lampadari\/pirce-sospensione\/\"]}]},{\"@type\":\"BreadcrumbList\",\"@id\":\"https:\/\/www.edonart.com\/it\/illuminazione\/lampadari\/pirce-sospensione\/#breadcrumb\",\"itemListElement\":[{\"@type\":\"ListItem\",\"position\":1,\"name\":\"Home\",\"item\":\"https:\/\/www.edonart.com\/it\/\"},{\"@type\":\"ListItem\",\"position\":2,\"name\":\"Shop\",\"item\":\"https:\/\/www.edonart.com\/it\/shop\/\"},{\"@type\":\"ListItem\",\"position\":3,\"name\":\"Illuminazione\",\"item\":\"https:\/\/www.edonart.com\/it\/illuminazione\/\"},{\"@type\":\"ListItem\",\"position\":4,\"name\":\"Lampadari\",\"item\":\"https:\/\/www.edonart.com\/it\/illuminazione\/lampadari\/\"},{\"@type\":\"ListItem\",\"position\":5,\"name\":\"Pirce Sospensione Halo\"}]},{\"@type\":\"WebSite\",\"@id\":\"https:\/\/www.edonart.com\/it\/#website\",\"url\":\"https:\/\/www.edonart.com\/it\/\",\"name\":\"Edonart\",\"description\":\"Design Is An Attitude\",\"publisher\":{\"@id\":\"https:\/\/www.edonart.com\/it\/#organization\"},\"potentialAction\":[{\"@type\":\"SearchAction\",\"target\":{\"@type\":\"EntryPoint\",\"urlTemplate\":\"https:\/\/www.edonart.com\/it\/?s={search_term_string}\"},\"query-input\":\"required name=search_term_string\"}],\"inLanguage\":\"it-IT\"},{\"@type\":\"Organization\",\"@id\":\"https:\/\/www.edonart.com\/it\/#organization\",\"name\":\"Edonart\",\"url\":\"https:\/\/www.edonart.com\/it\/\",\"logo\":{\"@type\":\"ImageObject\",\"inLanguage\":\"it-IT\",\"@id\":\"https:\/\/www.edonart.com\/it\/#\/schema\/logo\/image\/\",\"url\":\"https:\/\/www.edonart.com\/cms\/wp-content\/uploads\/2018\/09\/logo-edon-blac.png\",\"contentUrl\":\"https:\/\/www.edonart.com\/cms\/wp-content\/uploads\/2018\/09\/logo-edon-blac.png\",\"width\":156,\"height\":155,\"caption\":\"Edonart\"},\"image\":{\"@id\":\"https:\/\/www.edonart.com\/it\/#\/schema\/logo\/image\/\"}}]}<\/script>\n<!-- \/ Yoast SEO plugin. -->","yoast_head_json":{"title":"Pirce Halo Sospensione | Rivenditore Ufficiale Artemide | Edonart","description":"Acquista Pirce Sospensione di Artemide a prezzi scontati su Edonart. Ricevi Pirce a casa tua senza spese di spedizione. Compra ora su Edonart","robots":{"index":"index","follow":"follow","max-snippet":"max-snippet:-1","max-image-preview":"max-image-preview:large","max-video-preview":"max-video-preview:-1"},"canonical":"https:\/\/www.edonart.com\/it\/illuminazione\/lampadari\/pirce-sospensione\/","og_locale":"it_IT","og_type":"article","og_title":"Pirce Halo Sospensione | Rivenditore Ufficiale Artemide | Edonart","og_description":"Acquista Pirce Sospensione di Artemide a prezzi scontati su Edonart. Ricevi Pirce a casa tua senza spese di spedizione. Compra ora su Edonart","og_url":"https:\/\/www.edonart.com\/it\/illuminazione\/lampadari\/pirce-sospensione\/","og_site_name":"Edonart","article_modified_time":"2025-12-02T14:49:11+00:00","og_image":[{"width":1000,"height":1000,"url":"https:\/\/www.edonart.com\/cms\/wp-content\/uploads\/2020\/11\/pirce-sospension-white-led-s-new.jpg","type":"image\/jpeg"}],"twitter_card":"summary_large_image","twitter_misc":{"Tempo di lettura stimato":"1 minuto"},"schema":{"@context":"https:\/\/schema.org","@graph":[{"@type":"WebPage","@id":"https:\/\/www.edonart.com\/it\/illuminazione\/lampadari\/pirce-sospensione\/","url":"https:\/\/www.edonart.com\/it\/illuminazione\/lampadari\/pirce-sospensione\/","name":"Pirce Halo Sospensione | Rivenditore Ufficiale Artemide | Edonart","isPartOf":{"@id":"https:\/\/www.edonart.com\/it\/#website"},"datePublished":"2021-03-27T14:15:30+00:00","dateModified":"2025-12-02T14:49:11+00:00","description":"Acquista Pirce Sospensione di Artemide a prezzi scontati su Edonart. Ricevi Pirce a casa tua senza spese di spedizione. Compra ora su Edonart","breadcrumb":{"@id":"https:\/\/www.edonart.com\/it\/illuminazione\/lampadari\/pirce-sospensione\/#breadcrumb"},"inLanguage":"it-IT","potentialAction":[{"@type":"ReadAction","target":["https:\/\/www.edonart.com\/it\/illuminazione\/lampadari\/pirce-sospensione\/"]}]},{"@type":"BreadcrumbList","@id":"https:\/\/www.edonart.com\/it\/illuminazione\/lampadari\/pirce-sospensione\/#breadcrumb","itemListElement":[{"@type":"ListItem","position":1,"name":"Home","item":"https:\/\/www.edonart.com\/it\/"},{"@type":"ListItem","position":2,"name":"Shop","item":"https:\/\/www.edonart.com\/it\/shop\/"},{"@type":"ListItem","position":3,"name":"Illuminazione","item":"https:\/\/www.edonart.com\/it\/illuminazione\/"},{"@type":"ListItem","position":4,"name":"Lampadari","item":"https:\/\/www.edonart.com\/it\/illuminazione\/lampadari\/"},{"@type":"ListItem","position":5,"name":"Pirce Sospensione Halo"}]},{"@type":"WebSite","@id":"https:\/\/www.edonart.com\/it\/#website","url":"https:\/\/www.edonart.com\/it\/","name":"Edonart","description":"Design Is An Attitude","publisher":{"@id":"https:\/\/www.edonart.com\/it\/#organization"},"potentialAction":[{"@type":"SearchAction","target":{"@type":"EntryPoint","urlTemplate":"https:\/\/www.edonart.com\/it\/?s={search_term_string}"},"query-input":"required name=search_term_string"}],"inLanguage":"it-IT"},{"@type":"Organization","@id":"https:\/\/www.edonart.com\/it\/#organization","name":"Edonart","url":"https:\/\/www.edonart.com\/it\/","logo":{"@type":"ImageObject","inLanguage":"it-IT","@id":"https:\/\/www.edonart.com\/it\/#\/schema\/logo\/image\/","url":"https:\/\/www.edonart.com\/cms\/wp-content\/uploads\/2018\/09\/logo-edon-blac.png","contentUrl":"https:\/\/www.edonart.com\/cms\/wp-content\/uploads\/2018\/09\/logo-edon-blac.png","width":156,"height":155,"caption":"Edonart"},"image":{"@id":"https:\/\/www.edonart.com\/it\/#\/schema\/logo\/image\/"}}]}},"_links":{"self":[{"href":"https:\/\/www.edonart.com\/it\/wp-json\/wp\/v2\/product\/13077"}],"collection":[{"href":"https:\/\/www.edonart.com\/it\/wp-json\/wp\/v2\/product"}],"about":[{"href":"https:\/\/www.edonart.com\/it\/wp-json\/wp\/v2\/types\/product"}],"wp:featuredmedia":[{"embeddable":true,"href":"https:\/\/www.edonart.com\/it\/wp-json\/wp\/v2\/media\/11160"}],"wp:attachment":[{"href":"https:\/\/www.edonart.com\/it\/wp-json\/wp\/v2\/media?parent=13077"}],"wp:term":[{"taxonomy":"product_cat","embeddable":true,"href":"https:\/\/www.edonart.com\/it\/wp-json\/wp\/v2\/product_cat?post=13077"},{"taxonomy":"product_tag","embeddable":true,"href":"https:\/\/www.edonart.com\/it\/wp-json\/wp\/v2\/product_tag?post=13077"}],"curies":[{"name":"wp","href":"https:\/\/api.w.org\/{rel}","templated":true}]}}