{"id":11443,"date":"2020-11-14T17:32:40","date_gmt":"2020-11-14T16:32:40","guid":{"rendered":"https:\/\/www.edonart.com\/?post_type=product&#038;p=11443"},"modified":"2025-12-02T15:38:15","modified_gmt":"2025-12-02T14:38:15","slug":"pirce-mini-led-ceiling","status":"publish","type":"product","link":"https:\/\/www.edonart.com\/it\/illuminazione\/lampade\/a-soffitto\/pirce-mini-led-ceiling\/","title":{"rendered":"Pirce Mini Led Soffitto"},"content":{"rendered":"<p>[vc_row][vc_column][vc_tta_accordion][vc_tta_section title=&#8221;Specifiche&#8221; tab_id=&#8221;specifiche&#8221;][vc_column_text]<\/p>\n<p>[\/vc_column_text][\/vc_tta_section][vc_tta_section title=&#8221;Tempistiche e Spedizione&#8221; tab_id=&#8221;spedizione&#8221;][vc_column_text]<span style=\"font-weight: 400\">Consegna prevista:<\/span><\/p>\n<p>Pirce Mini Led Bianco disponibile in 3\/4 settimane.<\/p>\n<p><span style=\"font-weight: 400\">Pirce Mini Led Oro disponibile in 3\/4 settimane<\/span><\/p>\n<p>La spedizione si riferisce al peso volumetrico.[\/vc_column_text][\/vc_tta_section][vc_tta_section title=&#8221;Note Generali&#8221; tab_id=&#8221;1603917305082-0e832a67-ae38&#8243;][vc_column_text]Luce a Led 3000K.[\/vc_column_text][\/vc_tta_section][\/vc_tta_accordion][\/vc_column][\/vc_row]<\/p>\n","protected":false},"excerpt":{"rendered":"<p><span>Il design pluripremiato di Pirce \u00e8 uno dei piu venduti da Artemide. Originariamente rilasciata in versione alogena, la sua sorgente luminosa \u00e8 stata ripensata per incorporare un LED di alta qualit\u00e0 ed efficienza energetica. Pirce non \u00e8 solo un&#8217;elegante lampada, ma anche una decorazione seducente con un forte senso di presenza sia accesa che spenta. Il suo disco sottile si fonde dolcemente in vortici fluenti che scorrono a spirale verso il basso per creare effetti di luce seducenti.<\/span><\/p>\n","protected":false},"featured_media":11781,"template":"","meta":[],"product_cat":[88,2206,20,30],"product_tag":[2297],"acf":[],"yoast_head":"<!-- This site is optimized with the Yoast SEO plugin v19.9 - https:\/\/yoast.com\/wordpress\/plugins\/seo\/ -->\n<title>Pirce Soffitto Mini Led | Rivenditore Ufficiale Artemide | Edonart<\/title>\n<meta name=\"description\" content=\"Compra Pirce Mini Soffitto Led in pronta consegna su Edonart. Spedizione gratuita in un giorno. Acquista online su Edonart a prezzi scontati\" \/>\n<meta name=\"robots\" content=\"index, follow, max-snippet:-1, max-image-preview:large, max-video-preview:-1\" \/>\n<link rel=\"canonical\" href=\"https:\/\/www.edonart.com\/it\/illuminazione\/lampade\/a-soffitto\/pirce-mini-led-ceiling\/\" \/>\n<meta property=\"og:locale\" content=\"it_IT\" \/>\n<meta property=\"og:type\" content=\"article\" \/>\n<meta property=\"og:title\" content=\"Pirce Soffitto Mini Led | Rivenditore Ufficiale Artemide | Edonart\" \/>\n<meta property=\"og:description\" content=\"Compra Pirce Mini Soffitto Led in pronta consegna su Edonart. Spedizione gratuita in un giorno. Acquista online su Edonart a prezzi scontati\" \/>\n<meta property=\"og:url\" content=\"https:\/\/www.edonart.com\/it\/illuminazione\/lampade\/a-soffitto\/pirce-mini-led-ceiling\/\" \/>\n<meta property=\"og:site_name\" content=\"Edonart\" \/>\n<meta property=\"article:modified_time\" content=\"2025-12-02T14:38:15+00:00\" \/>\n<meta property=\"og:image\" content=\"https:\/\/www.edonart.com\/cms\/wp-content\/uploads\/2020\/11\/mini-soffitto-halo-pirce_1.jpg\" \/>\n\t<meta property=\"og:image:width\" content=\"900\" \/>\n\t<meta property=\"og:image:height\" content=\"900\" \/>\n\t<meta property=\"og:image:type\" content=\"image\/jpeg\" \/>\n<meta name=\"twitter:card\" content=\"summary_large_image\" \/>\n<meta name=\"twitter:label1\" content=\"Tempo di lettura stimato\" \/>\n\t<meta name=\"twitter:data1\" content=\"1 minuto\" \/>\n<script type=\"application\/ld+json\" class=\"yoast-schema-graph\">{\"@context\":\"https:\/\/schema.org\",\"@graph\":[{\"@type\":\"WebPage\",\"@id\":\"https:\/\/www.edonart.com\/it\/illuminazione\/lampade\/a-soffitto\/pirce-mini-led-ceiling\/\",\"url\":\"https:\/\/www.edonart.com\/it\/illuminazione\/lampade\/a-soffitto\/pirce-mini-led-ceiling\/\",\"name\":\"Pirce Soffitto Mini Led | Rivenditore Ufficiale Artemide | Edonart\",\"isPartOf\":{\"@id\":\"https:\/\/www.edonart.com\/it\/#website\"},\"datePublished\":\"2020-11-14T16:32:40+00:00\",\"dateModified\":\"2025-12-02T14:38:15+00:00\",\"description\":\"Compra Pirce Mini Soffitto Led in pronta consegna su Edonart. Spedizione gratuita in un giorno. Acquista online su Edonart a prezzi scontati\",\"breadcrumb\":{\"@id\":\"https:\/\/www.edonart.com\/it\/illuminazione\/lampade\/a-soffitto\/pirce-mini-led-ceiling\/#breadcrumb\"},\"inLanguage\":\"it-IT\",\"potentialAction\":[{\"@type\":\"ReadAction\",\"target\":[\"https:\/\/www.edonart.com\/it\/illuminazione\/lampade\/a-soffitto\/pirce-mini-led-ceiling\/\"]}]},{\"@type\":\"BreadcrumbList\",\"@id\":\"https:\/\/www.edonart.com\/it\/illuminazione\/lampade\/a-soffitto\/pirce-mini-led-ceiling\/#breadcrumb\",\"itemListElement\":[{\"@type\":\"ListItem\",\"position\":1,\"name\":\"Home\",\"item\":\"https:\/\/www.edonart.com\/it\/\"},{\"@type\":\"ListItem\",\"position\":2,\"name\":\"Shop\",\"item\":\"https:\/\/www.edonart.com\/it\/shop\/\"},{\"@type\":\"ListItem\",\"position\":3,\"name\":\"Illuminazione\",\"item\":\"https:\/\/www.edonart.com\/it\/illuminazione\/\"},{\"@type\":\"ListItem\",\"position\":4,\"name\":\"Lampade\",\"item\":\"https:\/\/www.edonart.com\/it\/illuminazione\/lampade\/\"},{\"@type\":\"ListItem\",\"position\":5,\"name\":\"A soffitto\",\"item\":\"https:\/\/www.edonart.com\/it\/illuminazione\/lampade\/a-soffitto\/\"},{\"@type\":\"ListItem\",\"position\":6,\"name\":\"Pirce Mini Led Soffitto\"}]},{\"@type\":\"WebSite\",\"@id\":\"https:\/\/www.edonart.com\/it\/#website\",\"url\":\"https:\/\/www.edonart.com\/it\/\",\"name\":\"Edonart\",\"description\":\"Design Is An Attitude\",\"publisher\":{\"@id\":\"https:\/\/www.edonart.com\/it\/#organization\"},\"potentialAction\":[{\"@type\":\"SearchAction\",\"target\":{\"@type\":\"EntryPoint\",\"urlTemplate\":\"https:\/\/www.edonart.com\/it\/?s={search_term_string}\"},\"query-input\":\"required name=search_term_string\"}],\"inLanguage\":\"it-IT\"},{\"@type\":\"Organization\",\"@id\":\"https:\/\/www.edonart.com\/it\/#organization\",\"name\":\"Edonart\",\"url\":\"https:\/\/www.edonart.com\/it\/\",\"logo\":{\"@type\":\"ImageObject\",\"inLanguage\":\"it-IT\",\"@id\":\"https:\/\/www.edonart.com\/it\/#\/schema\/logo\/image\/\",\"url\":\"https:\/\/www.edonart.com\/cms\/wp-content\/uploads\/2018\/09\/logo-edon-blac.png\",\"contentUrl\":\"https:\/\/www.edonart.com\/cms\/wp-content\/uploads\/2018\/09\/logo-edon-blac.png\",\"width\":156,\"height\":155,\"caption\":\"Edonart\"},\"image\":{\"@id\":\"https:\/\/www.edonart.com\/it\/#\/schema\/logo\/image\/\"}}]}<\/script>\n<!-- \/ Yoast SEO plugin. -->","yoast_head_json":{"title":"Pirce Soffitto Mini Led | Rivenditore Ufficiale Artemide | Edonart","description":"Compra Pirce Mini Soffitto Led in pronta consegna su Edonart. Spedizione gratuita in un giorno. Acquista online su Edonart a prezzi scontati","robots":{"index":"index","follow":"follow","max-snippet":"max-snippet:-1","max-image-preview":"max-image-preview:large","max-video-preview":"max-video-preview:-1"},"canonical":"https:\/\/www.edonart.com\/it\/illuminazione\/lampade\/a-soffitto\/pirce-mini-led-ceiling\/","og_locale":"it_IT","og_type":"article","og_title":"Pirce Soffitto Mini Led | Rivenditore Ufficiale Artemide | Edonart","og_description":"Compra Pirce Mini Soffitto Led in pronta consegna su Edonart. Spedizione gratuita in un giorno. Acquista online su Edonart a prezzi scontati","og_url":"https:\/\/www.edonart.com\/it\/illuminazione\/lampade\/a-soffitto\/pirce-mini-led-ceiling\/","og_site_name":"Edonart","article_modified_time":"2025-12-02T14:38:15+00:00","og_image":[{"width":900,"height":900,"url":"https:\/\/www.edonart.com\/cms\/wp-content\/uploads\/2020\/11\/mini-soffitto-halo-pirce_1.jpg","type":"image\/jpeg"}],"twitter_card":"summary_large_image","twitter_misc":{"Tempo di lettura stimato":"1 minuto"},"schema":{"@context":"https:\/\/schema.org","@graph":[{"@type":"WebPage","@id":"https:\/\/www.edonart.com\/it\/illuminazione\/lampade\/a-soffitto\/pirce-mini-led-ceiling\/","url":"https:\/\/www.edonart.com\/it\/illuminazione\/lampade\/a-soffitto\/pirce-mini-led-ceiling\/","name":"Pirce Soffitto Mini Led | Rivenditore Ufficiale Artemide | Edonart","isPartOf":{"@id":"https:\/\/www.edonart.com\/it\/#website"},"datePublished":"2020-11-14T16:32:40+00:00","dateModified":"2025-12-02T14:38:15+00:00","description":"Compra Pirce Mini Soffitto Led in pronta consegna su Edonart. Spedizione gratuita in un giorno. Acquista online su Edonart a prezzi scontati","breadcrumb":{"@id":"https:\/\/www.edonart.com\/it\/illuminazione\/lampade\/a-soffitto\/pirce-mini-led-ceiling\/#breadcrumb"},"inLanguage":"it-IT","potentialAction":[{"@type":"ReadAction","target":["https:\/\/www.edonart.com\/it\/illuminazione\/lampade\/a-soffitto\/pirce-mini-led-ceiling\/"]}]},{"@type":"BreadcrumbList","@id":"https:\/\/www.edonart.com\/it\/illuminazione\/lampade\/a-soffitto\/pirce-mini-led-ceiling\/#breadcrumb","itemListElement":[{"@type":"ListItem","position":1,"name":"Home","item":"https:\/\/www.edonart.com\/it\/"},{"@type":"ListItem","position":2,"name":"Shop","item":"https:\/\/www.edonart.com\/it\/shop\/"},{"@type":"ListItem","position":3,"name":"Illuminazione","item":"https:\/\/www.edonart.com\/it\/illuminazione\/"},{"@type":"ListItem","position":4,"name":"Lampade","item":"https:\/\/www.edonart.com\/it\/illuminazione\/lampade\/"},{"@type":"ListItem","position":5,"name":"A soffitto","item":"https:\/\/www.edonart.com\/it\/illuminazione\/lampade\/a-soffitto\/"},{"@type":"ListItem","position":6,"name":"Pirce Mini Led Soffitto"}]},{"@type":"WebSite","@id":"https:\/\/www.edonart.com\/it\/#website","url":"https:\/\/www.edonart.com\/it\/","name":"Edonart","description":"Design Is An Attitude","publisher":{"@id":"https:\/\/www.edonart.com\/it\/#organization"},"potentialAction":[{"@type":"SearchAction","target":{"@type":"EntryPoint","urlTemplate":"https:\/\/www.edonart.com\/it\/?s={search_term_string}"},"query-input":"required name=search_term_string"}],"inLanguage":"it-IT"},{"@type":"Organization","@id":"https:\/\/www.edonart.com\/it\/#organization","name":"Edonart","url":"https:\/\/www.edonart.com\/it\/","logo":{"@type":"ImageObject","inLanguage":"it-IT","@id":"https:\/\/www.edonart.com\/it\/#\/schema\/logo\/image\/","url":"https:\/\/www.edonart.com\/cms\/wp-content\/uploads\/2018\/09\/logo-edon-blac.png","contentUrl":"https:\/\/www.edonart.com\/cms\/wp-content\/uploads\/2018\/09\/logo-edon-blac.png","width":156,"height":155,"caption":"Edonart"},"image":{"@id":"https:\/\/www.edonart.com\/it\/#\/schema\/logo\/image\/"}}]}},"_links":{"self":[{"href":"https:\/\/www.edonart.com\/it\/wp-json\/wp\/v2\/product\/11443"}],"collection":[{"href":"https:\/\/www.edonart.com\/it\/wp-json\/wp\/v2\/product"}],"about":[{"href":"https:\/\/www.edonart.com\/it\/wp-json\/wp\/v2\/types\/product"}],"wp:featuredmedia":[{"embeddable":true,"href":"https:\/\/www.edonart.com\/it\/wp-json\/wp\/v2\/media\/11781"}],"wp:attachment":[{"href":"https:\/\/www.edonart.com\/it\/wp-json\/wp\/v2\/media?parent=11443"}],"wp:term":[{"taxonomy":"product_cat","embeddable":true,"href":"https:\/\/www.edonart.com\/it\/wp-json\/wp\/v2\/product_cat?post=11443"},{"taxonomy":"product_tag","embeddable":true,"href":"https:\/\/www.edonart.com\/it\/wp-json\/wp\/v2\/product_tag?post=11443"}],"curies":[{"name":"wp","href":"https:\/\/api.w.org\/{rel}","templated":true}]}}