{"id":11027,"date":"2020-11-01T18:33:41","date_gmt":"2020-11-01T17:33:41","guid":{"rendered":"https:\/\/www.edonart.com\/?post_type=product&#038;p=11027"},"modified":"2025-12-02T15:32:14","modified_gmt":"2025-12-02T14:32:14","slug":"yanzi-table","status":"publish","type":"product","link":"https:\/\/www.edonart.com\/it\/illuminazione\/lampade\/da-tavolo\/yanzi-table\/","title":{"rendered":"Yanzi Table"},"content":{"rendered":"<p>[vc_row][vc_column][vc_tta_accordion][vc_tta_section title=&#8221;Specifiche&#8221; tab_id=&#8221;specifiche&#8221;][vc_column_text]<\/p>\n<p>[\/vc_column_text][\/vc_tta_section][vc_tta_section title=&#8221;Tempistiche e Spedizione&#8221; tab_id=&#8221;spedizione&#8221;][vc_column_text]<strong>Yanzi Table: Disponibile in 10\u00a0giorni.<\/strong><\/p>\n<p>La spedizione si riferisce al peso volumetrico.[\/vc_column_text][\/vc_tta_section][vc_tta_section title=&#8221;Note Generali&#8221; tab_id=&#8221;1603917305082-0e832a67-ae38&#8243;][vc_column_text]Lampada da tavolo LED 3000K con dimmer incluso.[\/vc_column_text][\/vc_tta_section][\/vc_tta_accordion][\/vc_column][\/vc_row]<\/p>\n","protected":false},"excerpt":{"rendered":"<p><span>L\u2019attivit\u00e0 di Neri&amp;Hu \u00e8 fondata su una costante ricerca e sul desiderio di lavorare sull\u2019interazione dinamica di esperienza, dettaglio, materiale, forma e luce, anzich\u00e9 adattarsi a formule stereotipate. In una sintesi fra tradizione e innovazione Yanzi \u00e8 una leggera composizione di segni grafici: un equilibrio di strutture come rami o trespoli su cui poggiano pi\u00f9 figure stilizzate per declinare versioni e qualit\u00e0 di luce. Sono iconiche rondini dal corpo in ottone spazzolato, con il capo come una sfera in vetro bianco che racchiude la luce, libere o racchiuse in gabbie di vetro. Una sensibilit\u00e0 straordinaria nell\u2019accostamento di matericit\u00e0 calde e fredde, essenziali ma al tempo stesso ricercate. Yanzi \u00e8 un sistema aperto perfetto per costruire leggere composizioni e paesaggi di luce che animano gli spazi con poesia ed eleganza. Yanzi \u00e8 disponibile anche in versione da terra e a sospensione.<\/span><\/p>\n","protected":false},"featured_media":11153,"template":"","meta":[],"product_cat":[2206,89,20,30,1599],"product_tag":[1967,2621],"acf":[],"yoast_head":"<!-- This site is optimized with the Yoast SEO plugin v19.9 - https:\/\/yoast.com\/wordpress\/plugins\/seo\/ -->\n<title>Yanzi Table | Rivendotore Ufficiale Artemide | Edonart Shop<\/title>\n<meta name=\"description\" content=\"Compra l&#039;elegante Yanzi Table di Artemide su Edonart. Sconto del 20%. Spedizione gratuita in 24 ore. Acquista online su Edonart.\" \/>\n<meta name=\"robots\" content=\"index, follow, max-snippet:-1, max-image-preview:large, max-video-preview:-1\" \/>\n<link rel=\"canonical\" href=\"https:\/\/www.edonart.com\/it\/illuminazione\/lampade\/da-tavolo\/yanzi-table\/\" \/>\n<meta property=\"og:locale\" content=\"it_IT\" \/>\n<meta property=\"og:type\" content=\"article\" \/>\n<meta property=\"og:title\" content=\"Yanzi Table | Rivendotore Ufficiale Artemide | Edonart Shop\" \/>\n<meta property=\"og:description\" content=\"Compra l&#039;elegante Yanzi Table di Artemide su Edonart. Sconto del 20%. Spedizione gratuita in 24 ore. Acquista online su Edonart.\" \/>\n<meta property=\"og:url\" content=\"https:\/\/www.edonart.com\/it\/illuminazione\/lampade\/da-tavolo\/yanzi-table\/\" \/>\n<meta property=\"og:site_name\" content=\"Edonart\" \/>\n<meta property=\"article:modified_time\" content=\"2025-12-02T14:32:14+00:00\" \/>\n<meta property=\"og:image\" content=\"https:\/\/www.edonart.com\/cms\/wp-content\/uploads\/2020\/11\/Yanzi-Table_low_05-copia.jpg\" \/>\n\t<meta property=\"og:image:width\" content=\"900\" \/>\n\t<meta property=\"og:image:height\" content=\"900\" \/>\n\t<meta property=\"og:image:type\" content=\"image\/jpeg\" \/>\n<meta name=\"twitter:card\" content=\"summary_large_image\" \/>\n<meta name=\"twitter:label1\" content=\"Tempo di lettura stimato\" \/>\n\t<meta name=\"twitter:data1\" content=\"1 minuto\" \/>\n<script type=\"application\/ld+json\" class=\"yoast-schema-graph\">{\"@context\":\"https:\/\/schema.org\",\"@graph\":[{\"@type\":\"WebPage\",\"@id\":\"https:\/\/www.edonart.com\/it\/illuminazione\/lampade\/da-tavolo\/yanzi-table\/\",\"url\":\"https:\/\/www.edonart.com\/it\/illuminazione\/lampade\/da-tavolo\/yanzi-table\/\",\"name\":\"Yanzi Table | Rivendotore Ufficiale Artemide | Edonart Shop\",\"isPartOf\":{\"@id\":\"https:\/\/www.edonart.com\/it\/#website\"},\"datePublished\":\"2020-11-01T17:33:41+00:00\",\"dateModified\":\"2025-12-02T14:32:14+00:00\",\"description\":\"Compra l'elegante Yanzi Table di Artemide su Edonart. Sconto del 20%. Spedizione gratuita in 24 ore. Acquista online su Edonart.\",\"breadcrumb\":{\"@id\":\"https:\/\/www.edonart.com\/it\/illuminazione\/lampade\/da-tavolo\/yanzi-table\/#breadcrumb\"},\"inLanguage\":\"it-IT\",\"potentialAction\":[{\"@type\":\"ReadAction\",\"target\":[\"https:\/\/www.edonart.com\/it\/illuminazione\/lampade\/da-tavolo\/yanzi-table\/\"]}]},{\"@type\":\"BreadcrumbList\",\"@id\":\"https:\/\/www.edonart.com\/it\/illuminazione\/lampade\/da-tavolo\/yanzi-table\/#breadcrumb\",\"itemListElement\":[{\"@type\":\"ListItem\",\"position\":1,\"name\":\"Home\",\"item\":\"https:\/\/www.edonart.com\/it\/\"},{\"@type\":\"ListItem\",\"position\":2,\"name\":\"Shop\",\"item\":\"https:\/\/www.edonart.com\/it\/shop\/\"},{\"@type\":\"ListItem\",\"position\":3,\"name\":\"Illuminazione\",\"item\":\"https:\/\/www.edonart.com\/it\/illuminazione\/\"},{\"@type\":\"ListItem\",\"position\":4,\"name\":\"Lampade\",\"item\":\"https:\/\/www.edonart.com\/it\/illuminazione\/lampade\/\"},{\"@type\":\"ListItem\",\"position\":5,\"name\":\"Da tavolo\",\"item\":\"https:\/\/www.edonart.com\/it\/illuminazione\/lampade\/da-tavolo\/\"},{\"@type\":\"ListItem\",\"position\":6,\"name\":\"Yanzi Table\"}]},{\"@type\":\"WebSite\",\"@id\":\"https:\/\/www.edonart.com\/it\/#website\",\"url\":\"https:\/\/www.edonart.com\/it\/\",\"name\":\"Edonart\",\"description\":\"Design Is An Attitude\",\"publisher\":{\"@id\":\"https:\/\/www.edonart.com\/it\/#organization\"},\"potentialAction\":[{\"@type\":\"SearchAction\",\"target\":{\"@type\":\"EntryPoint\",\"urlTemplate\":\"https:\/\/www.edonart.com\/it\/?s={search_term_string}\"},\"query-input\":\"required name=search_term_string\"}],\"inLanguage\":\"it-IT\"},{\"@type\":\"Organization\",\"@id\":\"https:\/\/www.edonart.com\/it\/#organization\",\"name\":\"Edonart\",\"url\":\"https:\/\/www.edonart.com\/it\/\",\"logo\":{\"@type\":\"ImageObject\",\"inLanguage\":\"it-IT\",\"@id\":\"https:\/\/www.edonart.com\/it\/#\/schema\/logo\/image\/\",\"url\":\"https:\/\/www.edonart.com\/cms\/wp-content\/uploads\/2018\/09\/logo-edon-blac.png\",\"contentUrl\":\"https:\/\/www.edonart.com\/cms\/wp-content\/uploads\/2018\/09\/logo-edon-blac.png\",\"width\":156,\"height\":155,\"caption\":\"Edonart\"},\"image\":{\"@id\":\"https:\/\/www.edonart.com\/it\/#\/schema\/logo\/image\/\"}}]}<\/script>\n<!-- \/ Yoast SEO plugin. -->","yoast_head_json":{"title":"Yanzi Table | Rivendotore Ufficiale Artemide | Edonart Shop","description":"Compra l'elegante Yanzi Table di Artemide su Edonart. Sconto del 20%. Spedizione gratuita in 24 ore. Acquista online su Edonart.","robots":{"index":"index","follow":"follow","max-snippet":"max-snippet:-1","max-image-preview":"max-image-preview:large","max-video-preview":"max-video-preview:-1"},"canonical":"https:\/\/www.edonart.com\/it\/illuminazione\/lampade\/da-tavolo\/yanzi-table\/","og_locale":"it_IT","og_type":"article","og_title":"Yanzi Table | Rivendotore Ufficiale Artemide | Edonart Shop","og_description":"Compra l'elegante Yanzi Table di Artemide su Edonart. Sconto del 20%. Spedizione gratuita in 24 ore. Acquista online su Edonart.","og_url":"https:\/\/www.edonart.com\/it\/illuminazione\/lampade\/da-tavolo\/yanzi-table\/","og_site_name":"Edonart","article_modified_time":"2025-12-02T14:32:14+00:00","og_image":[{"width":900,"height":900,"url":"https:\/\/www.edonart.com\/cms\/wp-content\/uploads\/2020\/11\/Yanzi-Table_low_05-copia.jpg","type":"image\/jpeg"}],"twitter_card":"summary_large_image","twitter_misc":{"Tempo di lettura stimato":"1 minuto"},"schema":{"@context":"https:\/\/schema.org","@graph":[{"@type":"WebPage","@id":"https:\/\/www.edonart.com\/it\/illuminazione\/lampade\/da-tavolo\/yanzi-table\/","url":"https:\/\/www.edonart.com\/it\/illuminazione\/lampade\/da-tavolo\/yanzi-table\/","name":"Yanzi Table | Rivendotore Ufficiale Artemide | Edonart Shop","isPartOf":{"@id":"https:\/\/www.edonart.com\/it\/#website"},"datePublished":"2020-11-01T17:33:41+00:00","dateModified":"2025-12-02T14:32:14+00:00","description":"Compra l'elegante Yanzi Table di Artemide su Edonart. Sconto del 20%. Spedizione gratuita in 24 ore. Acquista online su Edonart.","breadcrumb":{"@id":"https:\/\/www.edonart.com\/it\/illuminazione\/lampade\/da-tavolo\/yanzi-table\/#breadcrumb"},"inLanguage":"it-IT","potentialAction":[{"@type":"ReadAction","target":["https:\/\/www.edonart.com\/it\/illuminazione\/lampade\/da-tavolo\/yanzi-table\/"]}]},{"@type":"BreadcrumbList","@id":"https:\/\/www.edonart.com\/it\/illuminazione\/lampade\/da-tavolo\/yanzi-table\/#breadcrumb","itemListElement":[{"@type":"ListItem","position":1,"name":"Home","item":"https:\/\/www.edonart.com\/it\/"},{"@type":"ListItem","position":2,"name":"Shop","item":"https:\/\/www.edonart.com\/it\/shop\/"},{"@type":"ListItem","position":3,"name":"Illuminazione","item":"https:\/\/www.edonart.com\/it\/illuminazione\/"},{"@type":"ListItem","position":4,"name":"Lampade","item":"https:\/\/www.edonart.com\/it\/illuminazione\/lampade\/"},{"@type":"ListItem","position":5,"name":"Da tavolo","item":"https:\/\/www.edonart.com\/it\/illuminazione\/lampade\/da-tavolo\/"},{"@type":"ListItem","position":6,"name":"Yanzi Table"}]},{"@type":"WebSite","@id":"https:\/\/www.edonart.com\/it\/#website","url":"https:\/\/www.edonart.com\/it\/","name":"Edonart","description":"Design Is An Attitude","publisher":{"@id":"https:\/\/www.edonart.com\/it\/#organization"},"potentialAction":[{"@type":"SearchAction","target":{"@type":"EntryPoint","urlTemplate":"https:\/\/www.edonart.com\/it\/?s={search_term_string}"},"query-input":"required name=search_term_string"}],"inLanguage":"it-IT"},{"@type":"Organization","@id":"https:\/\/www.edonart.com\/it\/#organization","name":"Edonart","url":"https:\/\/www.edonart.com\/it\/","logo":{"@type":"ImageObject","inLanguage":"it-IT","@id":"https:\/\/www.edonart.com\/it\/#\/schema\/logo\/image\/","url":"https:\/\/www.edonart.com\/cms\/wp-content\/uploads\/2018\/09\/logo-edon-blac.png","contentUrl":"https:\/\/www.edonart.com\/cms\/wp-content\/uploads\/2018\/09\/logo-edon-blac.png","width":156,"height":155,"caption":"Edonart"},"image":{"@id":"https:\/\/www.edonart.com\/it\/#\/schema\/logo\/image\/"}}]}},"_links":{"self":[{"href":"https:\/\/www.edonart.com\/it\/wp-json\/wp\/v2\/product\/11027"}],"collection":[{"href":"https:\/\/www.edonart.com\/it\/wp-json\/wp\/v2\/product"}],"about":[{"href":"https:\/\/www.edonart.com\/it\/wp-json\/wp\/v2\/types\/product"}],"wp:featuredmedia":[{"embeddable":true,"href":"https:\/\/www.edonart.com\/it\/wp-json\/wp\/v2\/media\/11153"}],"wp:attachment":[{"href":"https:\/\/www.edonart.com\/it\/wp-json\/wp\/v2\/media?parent=11027"}],"wp:term":[{"taxonomy":"product_cat","embeddable":true,"href":"https:\/\/www.edonart.com\/it\/wp-json\/wp\/v2\/product_cat?post=11027"},{"taxonomy":"product_tag","embeddable":true,"href":"https:\/\/www.edonart.com\/it\/wp-json\/wp\/v2\/product_tag?post=11027"}],"curies":[{"name":"wp","href":"https:\/\/api.w.org\/{rel}","templated":true}]}}