{"id":11018,"date":"2020-11-01T18:12:06","date_gmt":"2020-11-01T17:12:06","guid":{"rendered":"https:\/\/www.edonart.com\/?post_type=product&#038;p=11018"},"modified":"2025-12-02T15:29:16","modified_gmt":"2025-12-02T14:29:16","slug":"tolomeo-micro-led","status":"publish","type":"product","link":"https:\/\/www.edonart.com\/it\/illuminazione\/lampade\/da-tavolo\/tolomeo-micro-led\/","title":{"rendered":"Tolomeo Micro Led"},"content":{"rendered":"<p>[vc_row][vc_column][vc_tta_accordion][vc_tta_section title=&#8221;Specifiche&#8221; tab_id=&#8221;specifiche&#8221;][vc_column_text]<\/p>\n<p>[\/vc_column_text][\/vc_tta_section][vc_tta_section title=&#8221;Tempistiche e Spedizione&#8221; tab_id=&#8221;spedizione&#8221;][vc_column_text]<strong>Disponibile in pronta consegna.<\/strong><\/p>\n<p>La spedizione si riferisce al peso volumetrico.[\/vc_column_text][\/vc_tta_section][vc_tta_section title=&#8221;Note Generali&#8221; tab_id=&#8221;1603917305082-0e832a67-ae38&#8243;][vc_column_text]Lampada da tavolo LED 3000K con dimmer incluso.[\/vc_column_text][\/vc_tta_section][\/vc_tta_accordion][\/vc_column][\/vc_row]<\/p>\n","protected":false},"excerpt":{"rendered":"<p><span>Progettata da Michele de Lucchi e Giancarlo Fassina, Tolomeo micro LED \u00e8 la pi\u00f9 piccola versione a LED dell\u2019iconica Tolomeo da Tavolo. Utilizzando la tecnologia Led l\u2019attenzione va posta non solo al consumo di energia e all\u2019efficienza luminosa, ma soprattutto alla qualit\u00e0 e quantit\u00e0 della distribuzione della luce. Infatti, il vantaggio del Led \u00e8 che emette il 100% di flusso luminoso nell\u2019emisfero diretto, annullando dispersioni e sprechi in altre direzioni. Questo significa che per ottenere sul piano di lavoro un illuminamento di 1250lux, con una sorgente incandescente \u00e8 necessaria una potenza di 100W, mentre con una sorgente Led sono sufficienti 10W, con un risparmio del 90% di energia elettrica. Base e struttura a bracci mobili in alluminio lucidato; diffusore in alluminio anodizzato opaco; snodi e supporti in alluminio brillantato. Sistema di equilibratura a molle.<\/span><\/p>\n<p><strong>Tolomeo Mirco Led \u00e8 disponibile in pronta consegna.\u00a0<\/strong><\/p>\n","protected":false},"featured_media":11139,"template":"","meta":[],"product_cat":[2206,3257,89,20,2238,30,1599],"product_tag":[1967,1966],"acf":[],"yoast_head":"<!-- This site is optimized with the Yoast SEO plugin v19.9 - https:\/\/yoast.com\/wordpress\/plugins\/seo\/ -->\n<title>Tolomeo Micro Led | Rivenditore Ufficiale Artemide | Edonart<\/title>\n<meta name=\"description\" content=\"Acquista Tolomeo Micro Led di Artemide sui Edonart in pronta consegna. Sconto del 20% Spedizione Gratuita. Checkout sicuro.\" \/>\n<meta name=\"robots\" content=\"index, follow, max-snippet:-1, max-image-preview:large, max-video-preview:-1\" \/>\n<link rel=\"canonical\" href=\"https:\/\/www.edonart.com\/it\/illuminazione\/lampade\/da-tavolo\/tolomeo-micro-led\/\" \/>\n<meta property=\"og:locale\" content=\"it_IT\" \/>\n<meta property=\"og:type\" content=\"article\" \/>\n<meta property=\"og:title\" content=\"Tolomeo Micro Led | Rivenditore Ufficiale Artemide | Edonart\" \/>\n<meta property=\"og:description\" content=\"Acquista Tolomeo Micro Led di Artemide sui Edonart in pronta consegna. Sconto del 20% Spedizione Gratuita. Checkout sicuro.\" \/>\n<meta property=\"og:url\" content=\"https:\/\/www.edonart.com\/it\/illuminazione\/lampade\/da-tavolo\/tolomeo-micro-led\/\" \/>\n<meta property=\"og:site_name\" content=\"Edonart\" \/>\n<meta property=\"article:modified_time\" content=\"2025-12-02T14:29:16+00:00\" \/>\n<meta property=\"og:image\" content=\"https:\/\/www.edonart.com\/cms\/wp-content\/uploads\/2020\/11\/Tolomeo-Micro_low_10.jpg\" \/>\n\t<meta property=\"og:image:width\" content=\"1321\" \/>\n\t<meta property=\"og:image:height\" content=\"1981\" \/>\n\t<meta property=\"og:image:type\" content=\"image\/jpeg\" \/>\n<meta name=\"twitter:card\" content=\"summary_large_image\" \/>\n<meta name=\"twitter:label1\" content=\"Tempo di lettura stimato\" \/>\n\t<meta name=\"twitter:data1\" content=\"1 minuto\" \/>\n<script type=\"application\/ld+json\" class=\"yoast-schema-graph\">{\"@context\":\"https:\/\/schema.org\",\"@graph\":[{\"@type\":\"WebPage\",\"@id\":\"https:\/\/www.edonart.com\/it\/illuminazione\/lampade\/da-tavolo\/tolomeo-micro-led\/\",\"url\":\"https:\/\/www.edonart.com\/it\/illuminazione\/lampade\/da-tavolo\/tolomeo-micro-led\/\",\"name\":\"Tolomeo Micro Led | Rivenditore Ufficiale Artemide | Edonart\",\"isPartOf\":{\"@id\":\"https:\/\/www.edonart.com\/it\/#website\"},\"datePublished\":\"2020-11-01T17:12:06+00:00\",\"dateModified\":\"2025-12-02T14:29:16+00:00\",\"description\":\"Acquista Tolomeo Micro Led di Artemide sui Edonart in pronta consegna. Sconto del 20% Spedizione Gratuita. Checkout sicuro.\",\"breadcrumb\":{\"@id\":\"https:\/\/www.edonart.com\/it\/illuminazione\/lampade\/da-tavolo\/tolomeo-micro-led\/#breadcrumb\"},\"inLanguage\":\"it-IT\",\"potentialAction\":[{\"@type\":\"ReadAction\",\"target\":[\"https:\/\/www.edonart.com\/it\/illuminazione\/lampade\/da-tavolo\/tolomeo-micro-led\/\"]}]},{\"@type\":\"BreadcrumbList\",\"@id\":\"https:\/\/www.edonart.com\/it\/illuminazione\/lampade\/da-tavolo\/tolomeo-micro-led\/#breadcrumb\",\"itemListElement\":[{\"@type\":\"ListItem\",\"position\":1,\"name\":\"Home\",\"item\":\"https:\/\/www.edonart.com\/it\/\"},{\"@type\":\"ListItem\",\"position\":2,\"name\":\"Shop\",\"item\":\"https:\/\/www.edonart.com\/it\/shop\/\"},{\"@type\":\"ListItem\",\"position\":3,\"name\":\"Illuminazione\",\"item\":\"https:\/\/www.edonart.com\/it\/illuminazione\/\"},{\"@type\":\"ListItem\",\"position\":4,\"name\":\"Lampade\",\"item\":\"https:\/\/www.edonart.com\/it\/illuminazione\/lampade\/\"},{\"@type\":\"ListItem\",\"position\":5,\"name\":\"Da tavolo\",\"item\":\"https:\/\/www.edonart.com\/it\/illuminazione\/lampade\/da-tavolo\/\"},{\"@type\":\"ListItem\",\"position\":6,\"name\":\"Tolomeo Micro Led\"}]},{\"@type\":\"WebSite\",\"@id\":\"https:\/\/www.edonart.com\/it\/#website\",\"url\":\"https:\/\/www.edonart.com\/it\/\",\"name\":\"Edonart\",\"description\":\"Design Is An Attitude\",\"publisher\":{\"@id\":\"https:\/\/www.edonart.com\/it\/#organization\"},\"potentialAction\":[{\"@type\":\"SearchAction\",\"target\":{\"@type\":\"EntryPoint\",\"urlTemplate\":\"https:\/\/www.edonart.com\/it\/?s={search_term_string}\"},\"query-input\":\"required name=search_term_string\"}],\"inLanguage\":\"it-IT\"},{\"@type\":\"Organization\",\"@id\":\"https:\/\/www.edonart.com\/it\/#organization\",\"name\":\"Edonart\",\"url\":\"https:\/\/www.edonart.com\/it\/\",\"logo\":{\"@type\":\"ImageObject\",\"inLanguage\":\"it-IT\",\"@id\":\"https:\/\/www.edonart.com\/it\/#\/schema\/logo\/image\/\",\"url\":\"https:\/\/www.edonart.com\/cms\/wp-content\/uploads\/2018\/09\/logo-edon-blac.png\",\"contentUrl\":\"https:\/\/www.edonart.com\/cms\/wp-content\/uploads\/2018\/09\/logo-edon-blac.png\",\"width\":156,\"height\":155,\"caption\":\"Edonart\"},\"image\":{\"@id\":\"https:\/\/www.edonart.com\/it\/#\/schema\/logo\/image\/\"}}]}<\/script>\n<!-- \/ Yoast SEO plugin. -->","yoast_head_json":{"title":"Tolomeo Micro Led | Rivenditore Ufficiale Artemide | Edonart","description":"Acquista Tolomeo Micro Led di Artemide sui Edonart in pronta consegna. Sconto del 20% Spedizione Gratuita. Checkout sicuro.","robots":{"index":"index","follow":"follow","max-snippet":"max-snippet:-1","max-image-preview":"max-image-preview:large","max-video-preview":"max-video-preview:-1"},"canonical":"https:\/\/www.edonart.com\/it\/illuminazione\/lampade\/da-tavolo\/tolomeo-micro-led\/","og_locale":"it_IT","og_type":"article","og_title":"Tolomeo Micro Led | Rivenditore Ufficiale Artemide | Edonart","og_description":"Acquista Tolomeo Micro Led di Artemide sui Edonart in pronta consegna. Sconto del 20% Spedizione Gratuita. Checkout sicuro.","og_url":"https:\/\/www.edonart.com\/it\/illuminazione\/lampade\/da-tavolo\/tolomeo-micro-led\/","og_site_name":"Edonart","article_modified_time":"2025-12-02T14:29:16+00:00","og_image":[{"width":1321,"height":1981,"url":"https:\/\/www.edonart.com\/cms\/wp-content\/uploads\/2020\/11\/Tolomeo-Micro_low_10.jpg","type":"image\/jpeg"}],"twitter_card":"summary_large_image","twitter_misc":{"Tempo di lettura stimato":"1 minuto"},"schema":{"@context":"https:\/\/schema.org","@graph":[{"@type":"WebPage","@id":"https:\/\/www.edonart.com\/it\/illuminazione\/lampade\/da-tavolo\/tolomeo-micro-led\/","url":"https:\/\/www.edonart.com\/it\/illuminazione\/lampade\/da-tavolo\/tolomeo-micro-led\/","name":"Tolomeo Micro Led | Rivenditore Ufficiale Artemide | Edonart","isPartOf":{"@id":"https:\/\/www.edonart.com\/it\/#website"},"datePublished":"2020-11-01T17:12:06+00:00","dateModified":"2025-12-02T14:29:16+00:00","description":"Acquista Tolomeo Micro Led di Artemide sui Edonart in pronta consegna. Sconto del 20% Spedizione Gratuita. Checkout sicuro.","breadcrumb":{"@id":"https:\/\/www.edonart.com\/it\/illuminazione\/lampade\/da-tavolo\/tolomeo-micro-led\/#breadcrumb"},"inLanguage":"it-IT","potentialAction":[{"@type":"ReadAction","target":["https:\/\/www.edonart.com\/it\/illuminazione\/lampade\/da-tavolo\/tolomeo-micro-led\/"]}]},{"@type":"BreadcrumbList","@id":"https:\/\/www.edonart.com\/it\/illuminazione\/lampade\/da-tavolo\/tolomeo-micro-led\/#breadcrumb","itemListElement":[{"@type":"ListItem","position":1,"name":"Home","item":"https:\/\/www.edonart.com\/it\/"},{"@type":"ListItem","position":2,"name":"Shop","item":"https:\/\/www.edonart.com\/it\/shop\/"},{"@type":"ListItem","position":3,"name":"Illuminazione","item":"https:\/\/www.edonart.com\/it\/illuminazione\/"},{"@type":"ListItem","position":4,"name":"Lampade","item":"https:\/\/www.edonart.com\/it\/illuminazione\/lampade\/"},{"@type":"ListItem","position":5,"name":"Da tavolo","item":"https:\/\/www.edonart.com\/it\/illuminazione\/lampade\/da-tavolo\/"},{"@type":"ListItem","position":6,"name":"Tolomeo Micro Led"}]},{"@type":"WebSite","@id":"https:\/\/www.edonart.com\/it\/#website","url":"https:\/\/www.edonart.com\/it\/","name":"Edonart","description":"Design Is An Attitude","publisher":{"@id":"https:\/\/www.edonart.com\/it\/#organization"},"potentialAction":[{"@type":"SearchAction","target":{"@type":"EntryPoint","urlTemplate":"https:\/\/www.edonart.com\/it\/?s={search_term_string}"},"query-input":"required name=search_term_string"}],"inLanguage":"it-IT"},{"@type":"Organization","@id":"https:\/\/www.edonart.com\/it\/#organization","name":"Edonart","url":"https:\/\/www.edonart.com\/it\/","logo":{"@type":"ImageObject","inLanguage":"it-IT","@id":"https:\/\/www.edonart.com\/it\/#\/schema\/logo\/image\/","url":"https:\/\/www.edonart.com\/cms\/wp-content\/uploads\/2018\/09\/logo-edon-blac.png","contentUrl":"https:\/\/www.edonart.com\/cms\/wp-content\/uploads\/2018\/09\/logo-edon-blac.png","width":156,"height":155,"caption":"Edonart"},"image":{"@id":"https:\/\/www.edonart.com\/it\/#\/schema\/logo\/image\/"}}]}},"_links":{"self":[{"href":"https:\/\/www.edonart.com\/it\/wp-json\/wp\/v2\/product\/11018"}],"collection":[{"href":"https:\/\/www.edonart.com\/it\/wp-json\/wp\/v2\/product"}],"about":[{"href":"https:\/\/www.edonart.com\/it\/wp-json\/wp\/v2\/types\/product"}],"wp:featuredmedia":[{"embeddable":true,"href":"https:\/\/www.edonart.com\/it\/wp-json\/wp\/v2\/media\/11139"}],"wp:attachment":[{"href":"https:\/\/www.edonart.com\/it\/wp-json\/wp\/v2\/media?parent=11018"}],"wp:term":[{"taxonomy":"product_cat","embeddable":true,"href":"https:\/\/www.edonart.com\/it\/wp-json\/wp\/v2\/product_cat?post=11018"},{"taxonomy":"product_tag","embeddable":true,"href":"https:\/\/www.edonart.com\/it\/wp-json\/wp\/v2\/product_tag?post=11018"}],"curies":[{"name":"wp","href":"https:\/\/api.w.org\/{rel}","templated":true}]}}