{"id":10975,"date":"2020-11-01T17:03:03","date_gmt":"2020-11-01T16:03:03","guid":{"rendered":"https:\/\/www.edonart.com\/?post_type=product&#038;p=10975"},"modified":"2025-12-02T14:53:55","modified_gmt":"2025-12-02T13:53:55","slug":"eclisse","status":"publish","type":"product","link":"https:\/\/www.edonart.com\/it\/illuminazione\/lampade\/da-tavolo\/eclisse\/","title":{"rendered":"Eclisse"},"content":{"rendered":"<p>[vc_row][vc_column][vc_tta_accordion][vc_tta_section title=&#8221;Specifiche&#8221; tab_id=&#8221;specifiche&#8221;][vc_column_text]<\/p>\n<p>[\/vc_column_text][\/vc_tta_section][vc_tta_section title=&#8221;Tempistiche e Spedizione&#8221; tab_id=&#8221;spedizione&#8221;][vc_column_text]<strong>Eclisse Rosso: Disponibile in pronta consegna.<\/strong><br \/>\n<strong>Eclisse Bianco: Disponibile in pronta consegna.<br \/>\nEclisse Arancione: Disponibile in pronta consegna.<br \/>\nEclisse Giallo: Disponibile in pronta consegna.<br \/>\n<\/strong><strong>Eclisse Player &#8211; Edizione limitata: Disponibile in pronta consegna.<br \/>\nEclisse Guard &#8211; Edizione limitata: Disponibile in pronta consegna.<br \/>\nEclisse Black Officer &#8211; Edizione limitata: Disponibile in pronta consegna.<br \/>\n<\/strong><\/p>\n<p>La spedizione si riferisce al peso volumetrico.[\/vc_column_text][\/vc_tta_section][vc_tta_section title=&#8221;Note Generali&#8221; tab_id=&#8221;1603917305082-0e832a67-ae38&#8243;][vc_column_text]Lampada da tavolo attacco E14.<br \/>\nLampadina esclusa.<\/p>\n<p>.[\/vc_column_text][\/vc_tta_section][\/vc_tta_accordion][\/vc_column][\/vc_row]<\/p>\n","protected":false},"excerpt":{"rendered":"<p>Eclisse, disegnata da Vico Magistretti nel 1965, ha vinto il Compasso d&#8217;Oro nel 1967 ed \u00e8 diventata la rappresentante del design italiano nel mondo. \u00a0Eclisse \u00e8 un equilibrio all&#8217;avanguardia tra forma e funzione, design e utilit\u00e0. La base del concetto sta nella sua funzionalit\u00e0 di regolazione dell&#8217;intensit\u00e0 della luce attraverso il suo paralume interno rotante che &#8220;eclissa&#8221; la sorgente luminosa. Infatti, con un involucro esterno fisso e un involucro interno mobile, la lampada pu\u00f2 fornire luce diretta o diffusa.\u00a0 Lampada da tavolo, pu\u00f2 anche essere montata a parete. Corpo in metallo verniciato disponibile nei colori bianco, rosso o arancione con interruttore on\/off. \u00a0 Eclisse fa parte della collezione permanente dei pi\u00f9 importanti Musei del design, tra cui il MoMa di New York e il Triennale Design Museum di Milano.<\/p>\n<p><strong>Eclisse Rosso: Disponibile in pronta consegna.<\/strong><br \/>\n<strong>Eclisse Bianco: Disponibile in pronta consegna.<br \/>\nEclisse Arancione: Disponibile in pronta consegna.<\/strong><br \/>\n<strong>Eclisse Giallo: Disponibile in pronta consegna.<\/strong><br \/>\n<strong>Eclisse Player &#8211; Edizione limitata: Disponibile in pronta consegna.<br \/>\nEclisse Guard &#8211; Edizione limitata: Disponibile in pronta consegna.<br \/>\nEclisse Black Officer &#8211; Edizione limitata: Disponibile in pronta consegna.<\/strong><\/p>\n","protected":false},"featured_media":11091,"template":"","meta":[],"product_cat":[2206,3257,89,20,2238,30,1599],"product_tag":[3513,3069,1967,3238],"acf":[],"yoast_head":"<!-- This site is optimized with the Yoast SEO plugin v19.9 - https:\/\/yoast.com\/wordpress\/plugins\/seo\/ -->\n<title>Eclisse - Artemide | Rivenditore Ufficiale Artemide | Edonart<\/title>\n<meta name=\"description\" content=\"Acquista Eclisse di Artemide su Edonart. Eclisse in pronta consegna. Rivenditore ufficiale Artemide. Spedizione gratuita. Checkout sicuro.\" \/>\n<meta name=\"robots\" content=\"index, follow, max-snippet:-1, max-image-preview:large, max-video-preview:-1\" \/>\n<link rel=\"canonical\" href=\"https:\/\/www.edonart.com\/it\/illuminazione\/lampade\/da-tavolo\/eclisse\/\" \/>\n<meta property=\"og:locale\" content=\"it_IT\" \/>\n<meta property=\"og:type\" content=\"article\" \/>\n<meta property=\"og:title\" content=\"Eclisse - Artemide | Rivenditore Ufficiale Artemide | Edonart\" \/>\n<meta property=\"og:description\" content=\"Acquista Eclisse di Artemide su Edonart. Eclisse in pronta consegna. Rivenditore ufficiale Artemide. Spedizione gratuita. Checkout sicuro.\" \/>\n<meta property=\"og:url\" content=\"https:\/\/www.edonart.com\/it\/illuminazione\/lampade\/da-tavolo\/eclisse\/\" \/>\n<meta property=\"og:site_name\" content=\"Edonart\" \/>\n<meta property=\"article:modified_time\" content=\"2025-12-02T13:53:55+00:00\" \/>\n<meta property=\"og:image\" content=\"https:\/\/www.edonart.com\/cms\/wp-content\/uploads\/2020\/11\/Eclisse_low_01.jpg\" \/>\n\t<meta property=\"og:image:width\" content=\"900\" \/>\n\t<meta property=\"og:image:height\" content=\"900\" \/>\n\t<meta property=\"og:image:type\" content=\"image\/jpeg\" \/>\n<meta name=\"twitter:card\" content=\"summary_large_image\" \/>\n<meta name=\"twitter:label1\" content=\"Tempo di lettura stimato\" \/>\n\t<meta name=\"twitter:data1\" content=\"1 minuto\" \/>\n<script type=\"application\/ld+json\" class=\"yoast-schema-graph\">{\"@context\":\"https:\/\/schema.org\",\"@graph\":[{\"@type\":\"WebPage\",\"@id\":\"https:\/\/www.edonart.com\/it\/illuminazione\/lampade\/da-tavolo\/eclisse\/\",\"url\":\"https:\/\/www.edonart.com\/it\/illuminazione\/lampade\/da-tavolo\/eclisse\/\",\"name\":\"Eclisse - Artemide | Rivenditore Ufficiale Artemide | Edonart\",\"isPartOf\":{\"@id\":\"https:\/\/www.edonart.com\/it\/#website\"},\"datePublished\":\"2020-11-01T16:03:03+00:00\",\"dateModified\":\"2025-12-02T13:53:55+00:00\",\"description\":\"Acquista Eclisse di Artemide su Edonart. Eclisse in pronta consegna. Rivenditore ufficiale Artemide. Spedizione gratuita. Checkout sicuro.\",\"breadcrumb\":{\"@id\":\"https:\/\/www.edonart.com\/it\/illuminazione\/lampade\/da-tavolo\/eclisse\/#breadcrumb\"},\"inLanguage\":\"it-IT\",\"potentialAction\":[{\"@type\":\"ReadAction\",\"target\":[\"https:\/\/www.edonart.com\/it\/illuminazione\/lampade\/da-tavolo\/eclisse\/\"]}]},{\"@type\":\"BreadcrumbList\",\"@id\":\"https:\/\/www.edonart.com\/it\/illuminazione\/lampade\/da-tavolo\/eclisse\/#breadcrumb\",\"itemListElement\":[{\"@type\":\"ListItem\",\"position\":1,\"name\":\"Home\",\"item\":\"https:\/\/www.edonart.com\/it\/\"},{\"@type\":\"ListItem\",\"position\":2,\"name\":\"Shop\",\"item\":\"https:\/\/www.edonart.com\/it\/shop\/\"},{\"@type\":\"ListItem\",\"position\":3,\"name\":\"Illuminazione\",\"item\":\"https:\/\/www.edonart.com\/it\/illuminazione\/\"},{\"@type\":\"ListItem\",\"position\":4,\"name\":\"Lampade\",\"item\":\"https:\/\/www.edonart.com\/it\/illuminazione\/lampade\/\"},{\"@type\":\"ListItem\",\"position\":5,\"name\":\"Da tavolo\",\"item\":\"https:\/\/www.edonart.com\/it\/illuminazione\/lampade\/da-tavolo\/\"},{\"@type\":\"ListItem\",\"position\":6,\"name\":\"Eclisse\"}]},{\"@type\":\"WebSite\",\"@id\":\"https:\/\/www.edonart.com\/it\/#website\",\"url\":\"https:\/\/www.edonart.com\/it\/\",\"name\":\"Edonart\",\"description\":\"Design Is An Attitude\",\"publisher\":{\"@id\":\"https:\/\/www.edonart.com\/it\/#organization\"},\"potentialAction\":[{\"@type\":\"SearchAction\",\"target\":{\"@type\":\"EntryPoint\",\"urlTemplate\":\"https:\/\/www.edonart.com\/it\/?s={search_term_string}\"},\"query-input\":\"required name=search_term_string\"}],\"inLanguage\":\"it-IT\"},{\"@type\":\"Organization\",\"@id\":\"https:\/\/www.edonart.com\/it\/#organization\",\"name\":\"Edonart\",\"url\":\"https:\/\/www.edonart.com\/it\/\",\"logo\":{\"@type\":\"ImageObject\",\"inLanguage\":\"it-IT\",\"@id\":\"https:\/\/www.edonart.com\/it\/#\/schema\/logo\/image\/\",\"url\":\"https:\/\/www.edonart.com\/cms\/wp-content\/uploads\/2018\/09\/logo-edon-blac.png\",\"contentUrl\":\"https:\/\/www.edonart.com\/cms\/wp-content\/uploads\/2018\/09\/logo-edon-blac.png\",\"width\":156,\"height\":155,\"caption\":\"Edonart\"},\"image\":{\"@id\":\"https:\/\/www.edonart.com\/it\/#\/schema\/logo\/image\/\"}}]}<\/script>\n<!-- \/ Yoast SEO plugin. -->","yoast_head_json":{"title":"Eclisse - Artemide | Rivenditore Ufficiale Artemide | Edonart","description":"Acquista Eclisse di Artemide su Edonart. Eclisse in pronta consegna. Rivenditore ufficiale Artemide. Spedizione gratuita. Checkout sicuro.","robots":{"index":"index","follow":"follow","max-snippet":"max-snippet:-1","max-image-preview":"max-image-preview:large","max-video-preview":"max-video-preview:-1"},"canonical":"https:\/\/www.edonart.com\/it\/illuminazione\/lampade\/da-tavolo\/eclisse\/","og_locale":"it_IT","og_type":"article","og_title":"Eclisse - Artemide | Rivenditore Ufficiale Artemide | Edonart","og_description":"Acquista Eclisse di Artemide su Edonart. Eclisse in pronta consegna. Rivenditore ufficiale Artemide. Spedizione gratuita. Checkout sicuro.","og_url":"https:\/\/www.edonart.com\/it\/illuminazione\/lampade\/da-tavolo\/eclisse\/","og_site_name":"Edonart","article_modified_time":"2025-12-02T13:53:55+00:00","og_image":[{"width":900,"height":900,"url":"https:\/\/www.edonart.com\/cms\/wp-content\/uploads\/2020\/11\/Eclisse_low_01.jpg","type":"image\/jpeg"}],"twitter_card":"summary_large_image","twitter_misc":{"Tempo di lettura stimato":"1 minuto"},"schema":{"@context":"https:\/\/schema.org","@graph":[{"@type":"WebPage","@id":"https:\/\/www.edonart.com\/it\/illuminazione\/lampade\/da-tavolo\/eclisse\/","url":"https:\/\/www.edonart.com\/it\/illuminazione\/lampade\/da-tavolo\/eclisse\/","name":"Eclisse - Artemide | Rivenditore Ufficiale Artemide | Edonart","isPartOf":{"@id":"https:\/\/www.edonart.com\/it\/#website"},"datePublished":"2020-11-01T16:03:03+00:00","dateModified":"2025-12-02T13:53:55+00:00","description":"Acquista Eclisse di Artemide su Edonart. Eclisse in pronta consegna. Rivenditore ufficiale Artemide. Spedizione gratuita. Checkout sicuro.","breadcrumb":{"@id":"https:\/\/www.edonart.com\/it\/illuminazione\/lampade\/da-tavolo\/eclisse\/#breadcrumb"},"inLanguage":"it-IT","potentialAction":[{"@type":"ReadAction","target":["https:\/\/www.edonart.com\/it\/illuminazione\/lampade\/da-tavolo\/eclisse\/"]}]},{"@type":"BreadcrumbList","@id":"https:\/\/www.edonart.com\/it\/illuminazione\/lampade\/da-tavolo\/eclisse\/#breadcrumb","itemListElement":[{"@type":"ListItem","position":1,"name":"Home","item":"https:\/\/www.edonart.com\/it\/"},{"@type":"ListItem","position":2,"name":"Shop","item":"https:\/\/www.edonart.com\/it\/shop\/"},{"@type":"ListItem","position":3,"name":"Illuminazione","item":"https:\/\/www.edonart.com\/it\/illuminazione\/"},{"@type":"ListItem","position":4,"name":"Lampade","item":"https:\/\/www.edonart.com\/it\/illuminazione\/lampade\/"},{"@type":"ListItem","position":5,"name":"Da tavolo","item":"https:\/\/www.edonart.com\/it\/illuminazione\/lampade\/da-tavolo\/"},{"@type":"ListItem","position":6,"name":"Eclisse"}]},{"@type":"WebSite","@id":"https:\/\/www.edonart.com\/it\/#website","url":"https:\/\/www.edonart.com\/it\/","name":"Edonart","description":"Design Is An Attitude","publisher":{"@id":"https:\/\/www.edonart.com\/it\/#organization"},"potentialAction":[{"@type":"SearchAction","target":{"@type":"EntryPoint","urlTemplate":"https:\/\/www.edonart.com\/it\/?s={search_term_string}"},"query-input":"required name=search_term_string"}],"inLanguage":"it-IT"},{"@type":"Organization","@id":"https:\/\/www.edonart.com\/it\/#organization","name":"Edonart","url":"https:\/\/www.edonart.com\/it\/","logo":{"@type":"ImageObject","inLanguage":"it-IT","@id":"https:\/\/www.edonart.com\/it\/#\/schema\/logo\/image\/","url":"https:\/\/www.edonart.com\/cms\/wp-content\/uploads\/2018\/09\/logo-edon-blac.png","contentUrl":"https:\/\/www.edonart.com\/cms\/wp-content\/uploads\/2018\/09\/logo-edon-blac.png","width":156,"height":155,"caption":"Edonart"},"image":{"@id":"https:\/\/www.edonart.com\/it\/#\/schema\/logo\/image\/"}}]}},"_links":{"self":[{"href":"https:\/\/www.edonart.com\/it\/wp-json\/wp\/v2\/product\/10975"}],"collection":[{"href":"https:\/\/www.edonart.com\/it\/wp-json\/wp\/v2\/product"}],"about":[{"href":"https:\/\/www.edonart.com\/it\/wp-json\/wp\/v2\/types\/product"}],"wp:featuredmedia":[{"embeddable":true,"href":"https:\/\/www.edonart.com\/it\/wp-json\/wp\/v2\/media\/11091"}],"wp:attachment":[{"href":"https:\/\/www.edonart.com\/it\/wp-json\/wp\/v2\/media?parent=10975"}],"wp:term":[{"taxonomy":"product_cat","embeddable":true,"href":"https:\/\/www.edonart.com\/it\/wp-json\/wp\/v2\/product_cat?post=10975"},{"taxonomy":"product_tag","embeddable":true,"href":"https:\/\/www.edonart.com\/it\/wp-json\/wp\/v2\/product_tag?post=10975"}],"curies":[{"name":"wp","href":"https:\/\/api.w.org\/{rel}","templated":true}]}}