{"id":10974,"date":"2020-11-01T16:59:14","date_gmt":"2020-11-01T15:59:14","guid":{"rendered":"https:\/\/www.edonart.com\/?post_type=product&#038;p=10974"},"modified":"2025-12-02T14:52:50","modified_gmt":"2025-12-02T13:52:50","slug":"dioscuri-14-table","status":"publish","type":"product","link":"https:\/\/www.edonart.com\/it\/illuminazione\/lampade\/da-tavolo\/dioscuri-14-table\/","title":{"rendered":"Dioscuri 14 Table"},"content":{"rendered":"<p>[vc_row][vc_column][vc_tta_accordion][vc_tta_section title=&#8221;Specifiche&#8221; tab_id=&#8221;specifiche&#8221;][vc_column_text]<\/p>\n<p>[\/vc_column_text][\/vc_tta_section][vc_tta_section title=&#8221;Tempistiche e Spedizione&#8221; tab_id=&#8221;spedizione&#8221;][vc_column_text]Spedizione prevista in 3\/4 settimane.<\/p>\n<p>La spedizione si riferisce al peso volumetrico.[\/vc_column_text][\/vc_tta_section][vc_tta_section title=&#8221;Note Generali&#8221; tab_id=&#8221;1603917305082-0e832a67-ae38&#8243;][vc_column_text]Lampada da tavolo a LED.[\/vc_column_text][\/vc_tta_section][\/vc_tta_accordion][\/vc_column][\/vc_row]<\/p>\n","protected":false},"excerpt":{"rendered":"<p>Dioscuri \u00e8 la lampada da tavolo disegnata da Michele De Lucchi. Dioscuri \u00e8 composta da una base in policarbonato con zavorra in acciaio e da un diffusore in vetro soffiato acidato. Dioscuri \u00e8 disponibile in 4 differenti dimensioni.<\/p>\n","protected":false},"featured_media":11083,"template":"","meta":[],"product_cat":[2206,89,20,30],"product_tag":[1967],"acf":[],"yoast_head":"<!-- This site is optimized with the Yoast SEO plugin v19.9 - https:\/\/yoast.com\/wordpress\/plugins\/seo\/ -->\n<title>Artemide Dioscuri | Rivenditore Ufficiale Artemide | Edonart<\/title>\n<meta name=\"description\" content=\"Compra Dioscuri di Artemide. Entra e scopri tutta la nostra selezione di lampade Artemide scontate del 15%. Acquista online su Edonart.\" \/>\n<meta name=\"robots\" content=\"index, follow, max-snippet:-1, max-image-preview:large, max-video-preview:-1\" \/>\n<link rel=\"canonical\" href=\"https:\/\/www.edonart.com\/it\/illuminazione\/lampade\/da-tavolo\/dioscuri-14-table\/\" \/>\n<meta property=\"og:locale\" content=\"it_IT\" \/>\n<meta property=\"og:type\" content=\"article\" \/>\n<meta property=\"og:title\" content=\"Artemide Dioscuri | Rivenditore Ufficiale Artemide | Edonart\" \/>\n<meta property=\"og:description\" content=\"Compra Dioscuri di Artemide. Entra e scopri tutta la nostra selezione di lampade Artemide scontate del 15%. Acquista online su Edonart.\" \/>\n<meta property=\"og:url\" content=\"https:\/\/www.edonart.com\/it\/illuminazione\/lampade\/da-tavolo\/dioscuri-14-table\/\" \/>\n<meta property=\"og:site_name\" content=\"Edonart\" \/>\n<meta property=\"article:modified_time\" content=\"2025-12-02T13:52:50+00:00\" \/>\n<meta property=\"og:image\" content=\"https:\/\/www.edonart.com\/cms\/wp-content\/uploads\/2020\/11\/Dioscuri_prew.jpg\" \/>\n\t<meta property=\"og:image:width\" content=\"800\" \/>\n\t<meta property=\"og:image:height\" content=\"800\" \/>\n\t<meta property=\"og:image:type\" content=\"image\/jpeg\" \/>\n<meta name=\"twitter:card\" content=\"summary_large_image\" \/>\n<meta name=\"twitter:label1\" content=\"Tempo di lettura stimato\" \/>\n\t<meta name=\"twitter:data1\" content=\"1 minuto\" \/>\n<script type=\"application\/ld+json\" class=\"yoast-schema-graph\">{\"@context\":\"https:\/\/schema.org\",\"@graph\":[{\"@type\":\"WebPage\",\"@id\":\"https:\/\/www.edonart.com\/it\/illuminazione\/lampade\/da-tavolo\/dioscuri-14-table\/\",\"url\":\"https:\/\/www.edonart.com\/it\/illuminazione\/lampade\/da-tavolo\/dioscuri-14-table\/\",\"name\":\"Artemide Dioscuri | Rivenditore Ufficiale Artemide | Edonart\",\"isPartOf\":{\"@id\":\"https:\/\/www.edonart.com\/it\/#website\"},\"datePublished\":\"2020-11-01T15:59:14+00:00\",\"dateModified\":\"2025-12-02T13:52:50+00:00\",\"description\":\"Compra Dioscuri di Artemide. Entra e scopri tutta la nostra selezione di lampade Artemide scontate del 15%. Acquista online su Edonart.\",\"breadcrumb\":{\"@id\":\"https:\/\/www.edonart.com\/it\/illuminazione\/lampade\/da-tavolo\/dioscuri-14-table\/#breadcrumb\"},\"inLanguage\":\"it-IT\",\"potentialAction\":[{\"@type\":\"ReadAction\",\"target\":[\"https:\/\/www.edonart.com\/it\/illuminazione\/lampade\/da-tavolo\/dioscuri-14-table\/\"]}]},{\"@type\":\"BreadcrumbList\",\"@id\":\"https:\/\/www.edonart.com\/it\/illuminazione\/lampade\/da-tavolo\/dioscuri-14-table\/#breadcrumb\",\"itemListElement\":[{\"@type\":\"ListItem\",\"position\":1,\"name\":\"Home\",\"item\":\"https:\/\/www.edonart.com\/it\/\"},{\"@type\":\"ListItem\",\"position\":2,\"name\":\"Shop\",\"item\":\"https:\/\/www.edonart.com\/it\/shop\/\"},{\"@type\":\"ListItem\",\"position\":3,\"name\":\"Illuminazione\",\"item\":\"https:\/\/www.edonart.com\/it\/illuminazione\/\"},{\"@type\":\"ListItem\",\"position\":4,\"name\":\"Lampade\",\"item\":\"https:\/\/www.edonart.com\/it\/illuminazione\/lampade\/\"},{\"@type\":\"ListItem\",\"position\":5,\"name\":\"Da tavolo\",\"item\":\"https:\/\/www.edonart.com\/it\/illuminazione\/lampade\/da-tavolo\/\"},{\"@type\":\"ListItem\",\"position\":6,\"name\":\"Dioscuri 14 Table\"}]},{\"@type\":\"WebSite\",\"@id\":\"https:\/\/www.edonart.com\/it\/#website\",\"url\":\"https:\/\/www.edonart.com\/it\/\",\"name\":\"Edonart\",\"description\":\"Design Is An Attitude\",\"publisher\":{\"@id\":\"https:\/\/www.edonart.com\/it\/#organization\"},\"potentialAction\":[{\"@type\":\"SearchAction\",\"target\":{\"@type\":\"EntryPoint\",\"urlTemplate\":\"https:\/\/www.edonart.com\/it\/?s={search_term_string}\"},\"query-input\":\"required name=search_term_string\"}],\"inLanguage\":\"it-IT\"},{\"@type\":\"Organization\",\"@id\":\"https:\/\/www.edonart.com\/it\/#organization\",\"name\":\"Edonart\",\"url\":\"https:\/\/www.edonart.com\/it\/\",\"logo\":{\"@type\":\"ImageObject\",\"inLanguage\":\"it-IT\",\"@id\":\"https:\/\/www.edonart.com\/it\/#\/schema\/logo\/image\/\",\"url\":\"https:\/\/www.edonart.com\/cms\/wp-content\/uploads\/2018\/09\/logo-edon-blac.png\",\"contentUrl\":\"https:\/\/www.edonart.com\/cms\/wp-content\/uploads\/2018\/09\/logo-edon-blac.png\",\"width\":156,\"height\":155,\"caption\":\"Edonart\"},\"image\":{\"@id\":\"https:\/\/www.edonart.com\/it\/#\/schema\/logo\/image\/\"}}]}<\/script>\n<!-- \/ Yoast SEO plugin. -->","yoast_head_json":{"title":"Artemide Dioscuri | Rivenditore Ufficiale Artemide | Edonart","description":"Compra Dioscuri di Artemide. Entra e scopri tutta la nostra selezione di lampade Artemide scontate del 15%. Acquista online su Edonart.","robots":{"index":"index","follow":"follow","max-snippet":"max-snippet:-1","max-image-preview":"max-image-preview:large","max-video-preview":"max-video-preview:-1"},"canonical":"https:\/\/www.edonart.com\/it\/illuminazione\/lampade\/da-tavolo\/dioscuri-14-table\/","og_locale":"it_IT","og_type":"article","og_title":"Artemide Dioscuri | Rivenditore Ufficiale Artemide | Edonart","og_description":"Compra Dioscuri di Artemide. Entra e scopri tutta la nostra selezione di lampade Artemide scontate del 15%. Acquista online su Edonart.","og_url":"https:\/\/www.edonart.com\/it\/illuminazione\/lampade\/da-tavolo\/dioscuri-14-table\/","og_site_name":"Edonart","article_modified_time":"2025-12-02T13:52:50+00:00","og_image":[{"width":800,"height":800,"url":"https:\/\/www.edonart.com\/cms\/wp-content\/uploads\/2020\/11\/Dioscuri_prew.jpg","type":"image\/jpeg"}],"twitter_card":"summary_large_image","twitter_misc":{"Tempo di lettura stimato":"1 minuto"},"schema":{"@context":"https:\/\/schema.org","@graph":[{"@type":"WebPage","@id":"https:\/\/www.edonart.com\/it\/illuminazione\/lampade\/da-tavolo\/dioscuri-14-table\/","url":"https:\/\/www.edonart.com\/it\/illuminazione\/lampade\/da-tavolo\/dioscuri-14-table\/","name":"Artemide Dioscuri | Rivenditore Ufficiale Artemide | Edonart","isPartOf":{"@id":"https:\/\/www.edonart.com\/it\/#website"},"datePublished":"2020-11-01T15:59:14+00:00","dateModified":"2025-12-02T13:52:50+00:00","description":"Compra Dioscuri di Artemide. Entra e scopri tutta la nostra selezione di lampade Artemide scontate del 15%. Acquista online su Edonart.","breadcrumb":{"@id":"https:\/\/www.edonart.com\/it\/illuminazione\/lampade\/da-tavolo\/dioscuri-14-table\/#breadcrumb"},"inLanguage":"it-IT","potentialAction":[{"@type":"ReadAction","target":["https:\/\/www.edonart.com\/it\/illuminazione\/lampade\/da-tavolo\/dioscuri-14-table\/"]}]},{"@type":"BreadcrumbList","@id":"https:\/\/www.edonart.com\/it\/illuminazione\/lampade\/da-tavolo\/dioscuri-14-table\/#breadcrumb","itemListElement":[{"@type":"ListItem","position":1,"name":"Home","item":"https:\/\/www.edonart.com\/it\/"},{"@type":"ListItem","position":2,"name":"Shop","item":"https:\/\/www.edonart.com\/it\/shop\/"},{"@type":"ListItem","position":3,"name":"Illuminazione","item":"https:\/\/www.edonart.com\/it\/illuminazione\/"},{"@type":"ListItem","position":4,"name":"Lampade","item":"https:\/\/www.edonart.com\/it\/illuminazione\/lampade\/"},{"@type":"ListItem","position":5,"name":"Da tavolo","item":"https:\/\/www.edonart.com\/it\/illuminazione\/lampade\/da-tavolo\/"},{"@type":"ListItem","position":6,"name":"Dioscuri 14 Table"}]},{"@type":"WebSite","@id":"https:\/\/www.edonart.com\/it\/#website","url":"https:\/\/www.edonart.com\/it\/","name":"Edonart","description":"Design Is An Attitude","publisher":{"@id":"https:\/\/www.edonart.com\/it\/#organization"},"potentialAction":[{"@type":"SearchAction","target":{"@type":"EntryPoint","urlTemplate":"https:\/\/www.edonart.com\/it\/?s={search_term_string}"},"query-input":"required name=search_term_string"}],"inLanguage":"it-IT"},{"@type":"Organization","@id":"https:\/\/www.edonart.com\/it\/#organization","name":"Edonart","url":"https:\/\/www.edonart.com\/it\/","logo":{"@type":"ImageObject","inLanguage":"it-IT","@id":"https:\/\/www.edonart.com\/it\/#\/schema\/logo\/image\/","url":"https:\/\/www.edonart.com\/cms\/wp-content\/uploads\/2018\/09\/logo-edon-blac.png","contentUrl":"https:\/\/www.edonart.com\/cms\/wp-content\/uploads\/2018\/09\/logo-edon-blac.png","width":156,"height":155,"caption":"Edonart"},"image":{"@id":"https:\/\/www.edonart.com\/it\/#\/schema\/logo\/image\/"}}]}},"_links":{"self":[{"href":"https:\/\/www.edonart.com\/it\/wp-json\/wp\/v2\/product\/10974"}],"collection":[{"href":"https:\/\/www.edonart.com\/it\/wp-json\/wp\/v2\/product"}],"about":[{"href":"https:\/\/www.edonart.com\/it\/wp-json\/wp\/v2\/types\/product"}],"wp:featuredmedia":[{"embeddable":true,"href":"https:\/\/www.edonart.com\/it\/wp-json\/wp\/v2\/media\/11083"}],"wp:attachment":[{"href":"https:\/\/www.edonart.com\/it\/wp-json\/wp\/v2\/media?parent=10974"}],"wp:term":[{"taxonomy":"product_cat","embeddable":true,"href":"https:\/\/www.edonart.com\/it\/wp-json\/wp\/v2\/product_cat?post=10974"},{"taxonomy":"product_tag","embeddable":true,"href":"https:\/\/www.edonart.com\/it\/wp-json\/wp\/v2\/product_tag?post=10974"}],"curies":[{"name":"wp","href":"https:\/\/api.w.org\/{rel}","templated":true}]}}