{"id":10326,"date":"2020-09-29T17:22:13","date_gmt":"2020-09-29T15:22:13","guid":{"rendered":"https:\/\/www.edonart.com\/?post_type=product&#038;p=10326"},"modified":"2025-11-23T20:17:12","modified_gmt":"2025-11-23T19:17:12","slug":"7pillows","status":"publish","type":"product","link":"https:\/\/www.edonart.com\/it\/arredamento\/7pillows\/","title":{"rendered":"7Pillows"},"content":{"rendered":"<p>[vc_row][vc_column][vc_tta_accordion][vc_tta_section title=&#8221;Specifiche&#8221; tab_id=&#8221;specifiche&#8221;][vc_column_text]<\/p>\n<p>[\/vc_column_text][\/vc_tta_section][vc_tta_section title=&#8221;Tempistiche e Spedizione&#8221; tab_id=&#8221;spedizione&#8221;][vc_column_text]<span style=\"font-weight: 400\">Consegna prevista in 12 settimane.<\/span><\/p>\n<p>La spedizione si riferisce al peso volumetrico.[\/vc_column_text][\/vc_tta_section][vc_tta_section title=&#8221;Note Generali&#8221; tab_id=&#8221;1591090768140-d3e9def5-6f41&#8243;][vc_column_text]<strong>Conformit\u00e0 colori<\/strong><\/p>\n<p><span>I materiali possono variare di tonalit\u00e0 da una partita all\u2019altra. Edonart non si assume la responsabilit\u00e0 in caso di eventuali differenze di colore n\u00e9 pu\u00f2 garantire la perfetta corrispondenza tra il presente campionario e il materiale utilizzato per la realizzazione del prodotto.<\/span>[\/vc_column_text][\/vc_tta_section][vc_tta_section title=&#8221;note importanti &#8221; tab_id=&#8221;1592488069231-121d3468-aab0&#8243;][vc_column_text]Questo prodotto \u00e8 &#8220;<strong>realizzato su richiesta<\/strong>&#8221; al momento dell&#8217;ordine.[\/vc_column_text][\/vc_tta_section][\/vc_tta_accordion][\/vc_column][\/vc_row]<\/p>\n","protected":false},"excerpt":{"rendered":"<p><span>La poltrona 7 Pillows \u00e8 in massello di faggio con struttura disponibile in versione naturale oppure tinta nei colori come da campionario, completa di 7 cuscini in piuma con rivestimento sfoderabile in cotone. Questo progetto nasce con la voglia di creare una poltrona che racconti come \u00e8 fatta, esaltando l&#8217;artigianato, visibile nella struttura completamente scoperta, e comunicando la semplicit\u00e0 con cui \u00e8 fatta l&#8217;imbottitura. L&#8217;immediatezza ironica dei cuscini fissati con delle cinghie gioca di contrasto con il fusto in legno, interamente realizzato a mano.\u00a0\u00a0<a href=\"https:\/\/www.edonart.com\/it\/contatti\/\">Contattaci<\/a> per ricevere la cartella colori con tutte le varianti possibili per creare la poltrona perfetta per il tuo ambiente.<\/span><\/p>\n","protected":false},"featured_media":10328,"template":"","meta":[],"product_cat":[15,1727],"product_tag":[105],"acf":[],"yoast_head":"<!-- This site is optimized with the Yoast SEO plugin v19.9 - https:\/\/yoast.com\/wordpress\/plugins\/seo\/ -->\n<title>7Pillows | Mogg | Le pi\u00f9 belle sedie di Design | Online | Edonart<\/title>\n<meta name=\"description\" content=\"Poltrona in massello di faggio con struttura in versione naturale oppure tinta completa di 7 cuscini in piuma. Disegnata da Marcantonio.\" \/>\n<meta name=\"robots\" content=\"index, follow, max-snippet:-1, max-image-preview:large, max-video-preview:-1\" \/>\n<link rel=\"canonical\" href=\"https:\/\/www.edonart.com\/it\/arredamento\/7pillows\/\" \/>\n<meta property=\"og:locale\" content=\"it_IT\" \/>\n<meta property=\"og:type\" content=\"article\" \/>\n<meta property=\"og:title\" content=\"7Pillows | Mogg | Le pi\u00f9 belle sedie di Design | Online | Edonart\" \/>\n<meta property=\"og:description\" content=\"Poltrona in massello di faggio con struttura in versione naturale oppure tinta completa di 7 cuscini in piuma. Disegnata da Marcantonio.\" \/>\n<meta property=\"og:url\" content=\"https:\/\/www.edonart.com\/it\/arredamento\/7pillows\/\" \/>\n<meta property=\"og:site_name\" content=\"Edonart\" \/>\n<meta property=\"article:modified_time\" content=\"2025-11-23T19:17:12+00:00\" \/>\n<meta property=\"og:image\" content=\"https:\/\/www.edonart.com\/cms\/wp-content\/uploads\/2020\/09\/7pillow.jpg\" \/>\n\t<meta property=\"og:image:width\" content=\"1000\" \/>\n\t<meta property=\"og:image:height\" content=\"1000\" \/>\n\t<meta property=\"og:image:type\" content=\"image\/jpeg\" \/>\n<meta name=\"twitter:card\" content=\"summary_large_image\" \/>\n<meta name=\"twitter:label1\" content=\"Tempo di lettura stimato\" \/>\n\t<meta name=\"twitter:data1\" content=\"1 minuto\" \/>\n<script type=\"application\/ld+json\" class=\"yoast-schema-graph\">{\"@context\":\"https:\/\/schema.org\",\"@graph\":[{\"@type\":\"WebPage\",\"@id\":\"https:\/\/www.edonart.com\/it\/arredamento\/7pillows\/\",\"url\":\"https:\/\/www.edonart.com\/it\/arredamento\/7pillows\/\",\"name\":\"7Pillows | Mogg | Le pi\u00f9 belle sedie di Design | Online | Edonart\",\"isPartOf\":{\"@id\":\"https:\/\/www.edonart.com\/it\/#website\"},\"datePublished\":\"2020-09-29T15:22:13+00:00\",\"dateModified\":\"2025-11-23T19:17:12+00:00\",\"description\":\"Poltrona in massello di faggio con struttura in versione naturale oppure tinta completa di 7 cuscini in piuma. Disegnata da Marcantonio.\",\"breadcrumb\":{\"@id\":\"https:\/\/www.edonart.com\/it\/arredamento\/7pillows\/#breadcrumb\"},\"inLanguage\":\"it-IT\",\"potentialAction\":[{\"@type\":\"ReadAction\",\"target\":[\"https:\/\/www.edonart.com\/it\/arredamento\/7pillows\/\"]}]},{\"@type\":\"BreadcrumbList\",\"@id\":\"https:\/\/www.edonart.com\/it\/arredamento\/7pillows\/#breadcrumb\",\"itemListElement\":[{\"@type\":\"ListItem\",\"position\":1,\"name\":\"Home\",\"item\":\"https:\/\/www.edonart.com\/it\/\"},{\"@type\":\"ListItem\",\"position\":2,\"name\":\"Shop\",\"item\":\"https:\/\/www.edonart.com\/it\/shop\/\"},{\"@type\":\"ListItem\",\"position\":3,\"name\":\"Arredamento\",\"item\":\"https:\/\/www.edonart.com\/it\/arredamento\/\"},{\"@type\":\"ListItem\",\"position\":4,\"name\":\"7Pillows\"}]},{\"@type\":\"WebSite\",\"@id\":\"https:\/\/www.edonart.com\/it\/#website\",\"url\":\"https:\/\/www.edonart.com\/it\/\",\"name\":\"Edonart\",\"description\":\"Design Is An Attitude\",\"publisher\":{\"@id\":\"https:\/\/www.edonart.com\/it\/#organization\"},\"potentialAction\":[{\"@type\":\"SearchAction\",\"target\":{\"@type\":\"EntryPoint\",\"urlTemplate\":\"https:\/\/www.edonart.com\/it\/?s={search_term_string}\"},\"query-input\":\"required name=search_term_string\"}],\"inLanguage\":\"it-IT\"},{\"@type\":\"Organization\",\"@id\":\"https:\/\/www.edonart.com\/it\/#organization\",\"name\":\"Edonart\",\"url\":\"https:\/\/www.edonart.com\/it\/\",\"logo\":{\"@type\":\"ImageObject\",\"inLanguage\":\"it-IT\",\"@id\":\"https:\/\/www.edonart.com\/it\/#\/schema\/logo\/image\/\",\"url\":\"https:\/\/www.edonart.com\/cms\/wp-content\/uploads\/2018\/09\/logo-edon-blac.png\",\"contentUrl\":\"https:\/\/www.edonart.com\/cms\/wp-content\/uploads\/2018\/09\/logo-edon-blac.png\",\"width\":156,\"height\":155,\"caption\":\"Edonart\"},\"image\":{\"@id\":\"https:\/\/www.edonart.com\/it\/#\/schema\/logo\/image\/\"}}]}<\/script>\n<!-- \/ Yoast SEO plugin. -->","yoast_head_json":{"title":"7Pillows | Mogg | Le pi\u00f9 belle sedie di Design | Online | Edonart","description":"Poltrona in massello di faggio con struttura in versione naturale oppure tinta completa di 7 cuscini in piuma. Disegnata da Marcantonio.","robots":{"index":"index","follow":"follow","max-snippet":"max-snippet:-1","max-image-preview":"max-image-preview:large","max-video-preview":"max-video-preview:-1"},"canonical":"https:\/\/www.edonart.com\/it\/arredamento\/7pillows\/","og_locale":"it_IT","og_type":"article","og_title":"7Pillows | Mogg | Le pi\u00f9 belle sedie di Design | Online | Edonart","og_description":"Poltrona in massello di faggio con struttura in versione naturale oppure tinta completa di 7 cuscini in piuma. Disegnata da Marcantonio.","og_url":"https:\/\/www.edonart.com\/it\/arredamento\/7pillows\/","og_site_name":"Edonart","article_modified_time":"2025-11-23T19:17:12+00:00","og_image":[{"width":1000,"height":1000,"url":"https:\/\/www.edonart.com\/cms\/wp-content\/uploads\/2020\/09\/7pillow.jpg","type":"image\/jpeg"}],"twitter_card":"summary_large_image","twitter_misc":{"Tempo di lettura stimato":"1 minuto"},"schema":{"@context":"https:\/\/schema.org","@graph":[{"@type":"WebPage","@id":"https:\/\/www.edonart.com\/it\/arredamento\/7pillows\/","url":"https:\/\/www.edonart.com\/it\/arredamento\/7pillows\/","name":"7Pillows | Mogg | Le pi\u00f9 belle sedie di Design | Online | Edonart","isPartOf":{"@id":"https:\/\/www.edonart.com\/it\/#website"},"datePublished":"2020-09-29T15:22:13+00:00","dateModified":"2025-11-23T19:17:12+00:00","description":"Poltrona in massello di faggio con struttura in versione naturale oppure tinta completa di 7 cuscini in piuma. Disegnata da Marcantonio.","breadcrumb":{"@id":"https:\/\/www.edonart.com\/it\/arredamento\/7pillows\/#breadcrumb"},"inLanguage":"it-IT","potentialAction":[{"@type":"ReadAction","target":["https:\/\/www.edonart.com\/it\/arredamento\/7pillows\/"]}]},{"@type":"BreadcrumbList","@id":"https:\/\/www.edonart.com\/it\/arredamento\/7pillows\/#breadcrumb","itemListElement":[{"@type":"ListItem","position":1,"name":"Home","item":"https:\/\/www.edonart.com\/it\/"},{"@type":"ListItem","position":2,"name":"Shop","item":"https:\/\/www.edonart.com\/it\/shop\/"},{"@type":"ListItem","position":3,"name":"Arredamento","item":"https:\/\/www.edonart.com\/it\/arredamento\/"},{"@type":"ListItem","position":4,"name":"7Pillows"}]},{"@type":"WebSite","@id":"https:\/\/www.edonart.com\/it\/#website","url":"https:\/\/www.edonart.com\/it\/","name":"Edonart","description":"Design Is An Attitude","publisher":{"@id":"https:\/\/www.edonart.com\/it\/#organization"},"potentialAction":[{"@type":"SearchAction","target":{"@type":"EntryPoint","urlTemplate":"https:\/\/www.edonart.com\/it\/?s={search_term_string}"},"query-input":"required name=search_term_string"}],"inLanguage":"it-IT"},{"@type":"Organization","@id":"https:\/\/www.edonart.com\/it\/#organization","name":"Edonart","url":"https:\/\/www.edonart.com\/it\/","logo":{"@type":"ImageObject","inLanguage":"it-IT","@id":"https:\/\/www.edonart.com\/it\/#\/schema\/logo\/image\/","url":"https:\/\/www.edonart.com\/cms\/wp-content\/uploads\/2018\/09\/logo-edon-blac.png","contentUrl":"https:\/\/www.edonart.com\/cms\/wp-content\/uploads\/2018\/09\/logo-edon-blac.png","width":156,"height":155,"caption":"Edonart"},"image":{"@id":"https:\/\/www.edonart.com\/it\/#\/schema\/logo\/image\/"}}]}},"_links":{"self":[{"href":"https:\/\/www.edonart.com\/it\/wp-json\/wp\/v2\/product\/10326"}],"collection":[{"href":"https:\/\/www.edonart.com\/it\/wp-json\/wp\/v2\/product"}],"about":[{"href":"https:\/\/www.edonart.com\/it\/wp-json\/wp\/v2\/types\/product"}],"wp:featuredmedia":[{"embeddable":true,"href":"https:\/\/www.edonart.com\/it\/wp-json\/wp\/v2\/media\/10328"}],"wp:attachment":[{"href":"https:\/\/www.edonart.com\/it\/wp-json\/wp\/v2\/media?parent=10326"}],"wp:term":[{"taxonomy":"product_cat","embeddable":true,"href":"https:\/\/www.edonart.com\/it\/wp-json\/wp\/v2\/product_cat?post=10326"},{"taxonomy":"product_tag","embeddable":true,"href":"https:\/\/www.edonart.com\/it\/wp-json\/wp\/v2\/product_tag?post=10326"}],"curies":[{"name":"wp","href":"https:\/\/api.w.org\/{rel}","templated":true}]}}