{"id":1678,"date":"2019-10-19T10:46:06","date_gmt":"2019-10-19T08:46:06","guid":{"rendered":"https:\/\/www.edonart.com\/brands\/"},"modified":"2021-06-21T16:51:17","modified_gmt":"2021-06-21T14:51:17","slug":"brands-i-migliori-complementi-darredo-di-design","status":"publish","type":"page","link":"https:\/\/www.edonart.com\/it\/brands-i-migliori-complementi-darredo-di-design\/","title":{"rendered":"Brands"},"content":{"rendered":"<p>[vc_row][vc_column]<div id=\"breadcrumbs\" class=\"standard\"><span><span><a href=\"https:\/\/www.edonart.com\/it\/\">Home<\/a><\/span><\/div>[\/vc_column][\/vc_row][vc_row vca_2col_row=&#8221;si&#8221; equal_height=&#8221;yes&#8221;][vc_column width=&#8221;1\/2&#8243;][gb_vc_titolo titolo=&#8221;BRANDS&#8221; modello=&#8221;intro&#8221;][vc_column_text]Edonart unisce in un unico negozio i brand pi\u00f9 ricercati di illuminazione e complementi d&#8217;arredo di design. Ci\u00f2 che hanno in comune tutti i brand proposti \u00e8 l&#8217;artigianalit\u00e0 dei prodotti e l&#8217;elevata qualit\u00e0 dei materiali utilizzati.<\/p>\n<p>Entra e scopri con chi collaboriamo per aiutarvi ad arredare la casa dei tuoi sogni.[\/vc_column_text][\/vc_column][vc_column width=&#8221;1\/2&#8243; el_class=&#8221;vca_2col_row_img_col&#8221; css=&#8221;.vc_custom_1579456215947{background-image: url(https:\/\/www.edonart.com\/cms\/wp-content\/uploads\/2020\/01\/MARCHIO-EDONART-BLACK-1.png?id=4032) !important;background-position: center !important;background-repeat: no-repeat !important;background-size: cover !important;}&#8221;][vc_single_image image=&#8221;4032&#8243; img_size=&#8221;large&#8221;][\/vc_column][\/vc_row][vc_row][vc_column][vc_column_text]\n<div class=\"prm-brands-list\">\n            <div class=\"prm-brands-list__col\">\n            <a class=\"prm-brands-list__item\" href=\"https:\/\/www.edonart.com\/it\/brand\/altreforme\/\">\n                <div class=\"prm-brands-list__image\">\n                    <img src=\"https:\/\/www.edonart.com\/cms\/wp-content\/uploads\/2024\/08\/logo_altreforme_new.png\" alt=\"altreforme\">\n                <\/div>\n                <div class=\"prm-brands-list__title\">altreforme<\/div>\n            <\/a>\n        <\/div>\n            <div class=\"prm-brands-list__col\">\n            <a class=\"prm-brands-list__item\" href=\"https:\/\/www.edonart.com\/it\/brand\/artemide-online\/\">\n                <div class=\"prm-brands-list__image\">\n                    <img src=\"https:\/\/www.edonart.com\/cms\/wp-content\/uploads\/2020\/11\/logo-artemide.png\" alt=\"Artemide\">\n                <\/div>\n                <div class=\"prm-brands-list__title\">Artemide<\/div>\n            <\/a>\n        <\/div>\n            <div class=\"prm-brands-list__col\">\n            <a class=\"prm-brands-list__item\" href=\"https:\/\/www.edonart.com\/it\/brand\/candyslab\/\">\n                <div class=\"prm-brands-list__image\">\n                    <img src=\"https:\/\/www.edonart.com\/cms\/wp-content\/uploads\/2025\/03\/logo_CANDYSLAB-PAYOFF-fucsia.png\" alt=\"Candyslab\">\n                <\/div>\n                <div class=\"prm-brands-list__title\">Candyslab<\/div>\n            <\/a>\n        <\/div>\n            <div class=\"prm-brands-list__col\">\n            <a class=\"prm-brands-list__item\" href=\"https:\/\/www.edonart.com\/it\/brand\/codiceicona\/\">\n                <div class=\"prm-brands-list__image\">\n                    <img src=\"https:\/\/www.edonart.com\/cms\/wp-content\/uploads\/2020\/02\/codice-icona.png\" alt=\"Codiceicona\">\n                <\/div>\n                <div class=\"prm-brands-list__title\">Codiceicona<\/div>\n            <\/a>\n        <\/div>\n            <div class=\"prm-brands-list__col\">\n            <a class=\"prm-brands-list__item\" href=\"https:\/\/www.edonart.com\/it\/brand\/culti-milano\/\">\n                <div class=\"prm-brands-list__image\">\n                    <img src=\"https:\/\/www.edonart.com\/cms\/wp-content\/uploads\/2021\/04\/logo-culti.png\" alt=\"Culti Milano\">\n                <\/div>\n                <div class=\"prm-brands-list__title\">Culti Milano<\/div>\n            <\/a>\n        <\/div>\n            <div class=\"prm-brands-list__col\">\n            <a class=\"prm-brands-list__item\" href=\"https:\/\/www.edonart.com\/it\/brand\/danese-milano\/\">\n                <div class=\"prm-brands-list__image\">\n                    <img src=\"https:\/\/www.edonart.com\/cms\/wp-content\/uploads\/2021\/03\/danese-milano-1-600x368-1.png\" alt=\"Danese Milano\">\n                <\/div>\n                <div class=\"prm-brands-list__title\">Danese Milano<\/div>\n            <\/a>\n        <\/div>\n            <div class=\"prm-brands-list__col\">\n            <a class=\"prm-brands-list__item\" href=\"https:\/\/www.edonart.com\/it\/brand\/de-rosso\/\">\n                <div class=\"prm-brands-list__image\">\n                    <img src=\"https:\/\/www.edonart.com\/cms\/wp-content\/uploads\/2020\/10\/de-rosso-copia.png\" alt=\"De Rosso\">\n                <\/div>\n                <div class=\"prm-brands-list__title\">De Rosso<\/div>\n            <\/a>\n        <\/div>\n            <div class=\"prm-brands-list__col\">\n            <a class=\"prm-brands-list__item\" href=\"https:\/\/www.edonart.com\/it\/brand\/dogale\/\">\n                <div class=\"prm-brands-list__image\">\n                    <img src=\"https:\/\/www.edonart.com\/cms\/wp-content\/uploads\/2019\/11\/DOGALE.jpg\" alt=\"Dogale\">\n                <\/div>\n                <div class=\"prm-brands-list__title\">Dogale<\/div>\n            <\/a>\n        <\/div>\n            <div class=\"prm-brands-list__col\">\n            <a class=\"prm-brands-list__item\" href=\"https:\/\/www.edonart.com\/it\/brand\/driade\/\">\n                <div class=\"prm-brands-list__image\">\n                    <img src=\"https:\/\/www.edonart.com\/cms\/wp-content\/uploads\/2024\/05\/logo-driade.png\" alt=\"Driade\">\n                <\/div>\n                <div class=\"prm-brands-list__title\">Driade<\/div>\n            <\/a>\n        <\/div>\n            <div class=\"prm-brands-list__col\">\n            <a class=\"prm-brands-list__item\" href=\"https:\/\/www.edonart.com\/it\/brand\/et-al\/\">\n                <div class=\"prm-brands-list__image\">\n                    <img src=\"https:\/\/www.edonart.com\/cms\/wp-content\/uploads\/2022\/10\/etal-logo.png\" alt=\"Et al.\">\n                <\/div>\n                <div class=\"prm-brands-list__title\">Et al.<\/div>\n            <\/a>\n        <\/div>\n            <div class=\"prm-brands-list__col\">\n            <a class=\"prm-brands-list__item\" href=\"https:\/\/www.edonart.com\/it\/brand\/fatboy\/\">\n                <div class=\"prm-brands-list__image\">\n                    <img src=\"https:\/\/www.edonart.com\/cms\/wp-content\/uploads\/2022\/08\/logo-fatboy-copia.jpg\" alt=\"Fatboy\">\n                <\/div>\n                <div class=\"prm-brands-list__title\">Fatboy<\/div>\n            <\/a>\n        <\/div>\n            <div class=\"prm-brands-list__col\">\n            <a class=\"prm-brands-list__item\" href=\"https:\/\/www.edonart.com\/it\/brand\/flos\/\">\n                <div class=\"prm-brands-list__image\">\n                    <img src=\"https:\/\/www.edonart.com\/cms\/wp-content\/uploads\/2024\/03\/logo-flos.png\" alt=\"Flos\">\n                <\/div>\n                <div class=\"prm-brands-list__title\">Flos<\/div>\n            <\/a>\n        <\/div>\n            <div class=\"prm-brands-list__col\">\n            <a class=\"prm-brands-list__item\" href=\"https:\/\/www.edonart.com\/it\/brand\/ghidini1961\/\">\n                <div class=\"prm-brands-list__image\">\n                    <img src=\"https:\/\/www.edonart.com\/cms\/wp-content\/uploads\/2019\/12\/ghidini-768x576.jpg\" alt=\"Ghidini 1961\">\n                <\/div>\n                <div class=\"prm-brands-list__title\">Ghidini 1961<\/div>\n            <\/a>\n        <\/div>\n            <div class=\"prm-brands-list__col\">\n            <a class=\"prm-brands-list__item\" href=\"https:\/\/www.edonart.com\/it\/brand\/greggio\/\">\n                <div class=\"prm-brands-list__image\">\n                    <img src=\"https:\/\/www.edonart.com\/cms\/wp-content\/uploads\/2019\/11\/GREGGIO_LOGO.jpg\" alt=\"Greggio\">\n                <\/div>\n                <div class=\"prm-brands-list__title\">Greggio<\/div>\n            <\/a>\n        <\/div>\n            <div class=\"prm-brands-list__col\">\n            <a class=\"prm-brands-list__item\" href=\"https:\/\/www.edonart.com\/it\/brand\/la-cividina\/\">\n                <div class=\"prm-brands-list__image\">\n                    <img src=\"https:\/\/www.edonart.com\/cms\/wp-content\/uploads\/2020\/10\/Logo_laCividina_nero_9f6c5365.jpg\" alt=\"LaCividina\">\n                <\/div>\n                <div class=\"prm-brands-list__title\">LaCividina<\/div>\n            <\/a>\n        <\/div>\n            <div class=\"prm-brands-list__col\">\n            <a class=\"prm-brands-list__item\" href=\"https:\/\/www.edonart.com\/it\/brand\/luceconcept\/\">\n                <div class=\"prm-brands-list__image\">\n                    <img src=\"https:\/\/www.edonart.com\/cms\/wp-content\/uploads\/2021\/05\/Logo-luceconcept.png\" alt=\"Luceconcept\">\n                <\/div>\n                <div class=\"prm-brands-list__title\">Luceconcept<\/div>\n            <\/a>\n        <\/div>\n            <div class=\"prm-brands-list__col\">\n            <a class=\"prm-brands-list__item\" href=\"https:\/\/www.edonart.com\/it\/brand\/mille222\/\">\n                <div class=\"prm-brands-list__image\">\n                    <img src=\"https:\/\/www.edonart.com\/cms\/wp-content\/uploads\/2021\/04\/Mille222_marchio.png\" alt=\"Mille222\">\n                <\/div>\n                <div class=\"prm-brands-list__title\">Mille222<\/div>\n            <\/a>\n        <\/div>\n            <div class=\"prm-brands-list__col\">\n            <a class=\"prm-brands-list__item\" href=\"https:\/\/www.edonart.com\/it\/brand\/millesimi\/\">\n                <div class=\"prm-brands-list__image\">\n                    <img src=\"https:\/\/www.edonart.com\/cms\/wp-content\/uploads\/2022\/01\/Logo-sfondo-bianco.png\" alt=\"Millesimi\">\n                <\/div>\n                <div class=\"prm-brands-list__title\">Millesimi<\/div>\n            <\/a>\n        <\/div>\n            <div class=\"prm-brands-list__col\">\n            <a class=\"prm-brands-list__item\" href=\"https:\/\/www.edonart.com\/it\/brand\/mogg\/\">\n                <div class=\"prm-brands-list__image\">\n                    <img src=\"https:\/\/www.edonart.com\/cms\/wp-content\/uploads\/2020\/05\/logo-mogg.png\" alt=\"Mogg\">\n                <\/div>\n                <div class=\"prm-brands-list__title\">Mogg<\/div>\n            <\/a>\n        <\/div>\n            <div class=\"prm-brands-list__col\">\n            <a class=\"prm-brands-list__item\" href=\"https:\/\/www.edonart.com\/it\/brand\/murano-design\/\">\n                <div class=\"prm-brands-list__image\">\n                    <img src=\"https:\/\/www.edonart.com\/cms\/wp-content\/uploads\/2019\/12\/MURANO.jpg\" alt=\"Murano Design\">\n                <\/div>\n                <div class=\"prm-brands-list__title\">Murano Design<\/div>\n            <\/a>\n        <\/div>\n            <div class=\"prm-brands-list__col\">\n            <a class=\"prm-brands-list__item\" href=\"https:\/\/www.edonart.com\/it\/brand\/nemo-lighting\/\">\n                <div class=\"prm-brands-list__image\">\n                    <img src=\"https:\/\/www.edonart.com\/cms\/wp-content\/uploads\/2025\/04\/logo-nemo-copia.png\" alt=\"Nemo Lighting\">\n                <\/div>\n                <div class=\"prm-brands-list__title\">Nemo Lighting<\/div>\n            <\/a>\n        <\/div>\n            <div class=\"prm-brands-list__col\">\n            <a class=\"prm-brands-list__item\" href=\"https:\/\/www.edonart.com\/it\/brand\/opinion-ciatti\/\">\n                <div class=\"prm-brands-list__image\">\n                    <img src=\"https:\/\/www.edonart.com\/cms\/wp-content\/uploads\/2022\/10\/logo-opinion-ciatti.png\" alt=\"Opinion Ciatti\">\n                <\/div>\n                <div class=\"prm-brands-list__title\">Opinion Ciatti<\/div>\n            <\/a>\n        <\/div>\n            <div class=\"prm-brands-list__col\">\n            <a class=\"prm-brands-list__item\" href=\"https:\/\/www.edonart.com\/it\/brand\/qeeboo\/\">\n                <div class=\"prm-brands-list__image\">\n                    <img src=\"https:\/\/www.edonart.com\/cms\/wp-content\/uploads\/2019\/11\/qeebo.jpg\" alt=\"Qeeboo\">\n                <\/div>\n                <div class=\"prm-brands-list__title\">Qeeboo<\/div>\n            <\/a>\n        <\/div>\n            <div class=\"prm-brands-list__col\">\n            <a class=\"prm-brands-list__item\" href=\"https:\/\/www.edonart.com\/it\/brand\/scarlet-splendour\/\">\n                <div class=\"prm-brands-list__image\">\n                    <img src=\"https:\/\/www.edonart.com\/cms\/wp-content\/uploads\/2020\/03\/logo-scarlet-splendour.png\" alt=\"Scarlet Splendour\">\n                <\/div>\n                <div class=\"prm-brands-list__title\">Scarlet Splendour<\/div>\n            <\/a>\n        <\/div>\n            <div class=\"prm-brands-list__col\">\n            <a class=\"prm-brands-list__item\" href=\"https:\/\/www.edonart.com\/it\/brand\/seletti\/\">\n                <div class=\"prm-brands-list__image\">\n                    <img src=\"https:\/\/www.edonart.com\/cms\/wp-content\/uploads\/2022\/04\/logo-768x432.png\" alt=\"Seletti\">\n                <\/div>\n                <div class=\"prm-brands-list__title\">Seletti<\/div>\n            <\/a>\n        <\/div>\n            <div class=\"prm-brands-list__col\">\n            <a class=\"prm-brands-list__item\" href=\"https:\/\/www.edonart.com\/it\/brand\/slide\/\">\n                <div class=\"prm-brands-list__image\">\n                    <img src=\"https:\/\/www.edonart.com\/cms\/wp-content\/uploads\/2022\/04\/logo-slide.png\" alt=\"Slide\">\n                <\/div>\n                <div class=\"prm-brands-list__title\">Slide<\/div>\n            <\/a>\n        <\/div>\n            <div class=\"prm-brands-list__col\">\n            <a class=\"prm-brands-list__item\" href=\"https:\/\/www.edonart.com\/it\/brand\/talenti\/\">\n                <div class=\"prm-brands-list__image\">\n                    <img src=\"https:\/\/www.edonart.com\/cms\/wp-content\/uploads\/2022\/03\/logotalenti.png\" alt=\"Talenti\">\n                <\/div>\n                <div class=\"prm-brands-list__title\">Talenti<\/div>\n            <\/a>\n        <\/div>\n            <div class=\"prm-brands-list__col\">\n            <a class=\"prm-brands-list__item\" href=\"https:\/\/www.edonart.com\/it\/brand\/traba\/\">\n                <div class=\"prm-brands-list__image\">\n                    <img src=\"https:\/\/www.edonart.com\/cms\/wp-content\/uploads\/2020\/06\/logo.png\" alt=\"TrabA'\">\n                <\/div>\n                <div class=\"prm-brands-list__title\">TrabA'<\/div>\n            <\/a>\n        <\/div>\n            <div class=\"prm-brands-list__col\">\n            <a class=\"prm-brands-list__item\" href=\"https:\/\/www.edonart.com\/it\/brand\/tweelink\/\">\n                <div class=\"prm-brands-list__image\">\n                    <img src=\"https:\/\/www.edonart.com\/cms\/wp-content\/uploads\/2020\/06\/tweelink-1.png\" alt=\"Tweelink\">\n                <\/div>\n                <div class=\"prm-brands-list__title\">Tweelink<\/div>\n            <\/a>\n        <\/div>\n            <div class=\"prm-brands-list__col\">\n            <a class=\"prm-brands-list__item\" href=\"https:\/\/www.edonart.com\/it\/brand\/viki-corp\/\">\n                <div class=\"prm-brands-list__image\">\n                    <img src=\"https:\/\/www.edonart.com\/cms\/wp-content\/uploads\/2021\/03\/logo-viki.png\" alt=\"Viki Corp\">\n                <\/div>\n                <div class=\"prm-brands-list__title\">Viki Corp<\/div>\n            <\/a>\n        <\/div>\n    <\/div>\n    [\/vc_column_text][\/vc_column][\/vc_row]<\/p>\n","protected":false},"excerpt":{"rendered":"<p>[vc_row][vc_column][\/vc_column][\/vc_row][vc_row vca_2col_row=&#8221;si&#8221; equal_height=&#8221;yes&#8221;][vc_column width=&#8221;1\/2&#8243;][gb_vc_titolo titolo=&#8221;BRANDS&#8221; modello=&#8221;intro&#8221;][vc_column_text]Edonart unisce in un unico negozio i brand pi\u00f9 ricercati di illuminazione e complementi d&#8217;arredo di design. Ci\u00f2 che hanno in comune tutti i brand proposti \u00e8 l&#8217;artigianalit\u00e0 dei prodotti e l&#8217;elevata qualit\u00e0 dei materiali utilizzati. Entra e scopri con chi collaboriamo per aiutarvi ad arredare la casa dei tuoi [&hellip;]<\/p>\n","protected":false},"author":1,"featured_media":0,"parent":0,"menu_order":0,"comment_status":"closed","ping_status":"closed","template":"","meta":[],"acf":[],"yoast_head":"<!-- This site is optimized with the Yoast SEO plugin v19.9 - https:\/\/yoast.com\/wordpress\/plugins\/seo\/ -->\n<title>Brands: I Migliori Brand di Arredamento e Illuminazione | Edonart<\/title>\n<meta name=\"description\" content=\"Edonart unisce in un unico negozio i brand pi\u00f9 ricercati di illuminazione e complementi d\u2019arredo di design. Entra e scopri i nostri brand.\" \/>\n<meta name=\"robots\" content=\"index, follow, max-snippet:-1, max-image-preview:large, max-video-preview:-1\" \/>\n<link rel=\"canonical\" href=\"https:\/\/www.edonart.com\/it\/brands-i-migliori-complementi-darredo-di-design\/\" \/>\n<meta property=\"og:locale\" content=\"it_IT\" \/>\n<meta property=\"og:type\" content=\"article\" \/>\n<meta property=\"og:title\" content=\"Brands: I Migliori Brand di Arredamento e Illuminazione | Edonart\" \/>\n<meta property=\"og:description\" content=\"Edonart unisce in un unico negozio i brand pi\u00f9 ricercati di illuminazione e complementi d\u2019arredo di design. Entra e scopri i nostri brand.\" \/>\n<meta property=\"og:url\" content=\"https:\/\/www.edonart.com\/it\/brands-i-migliori-complementi-darredo-di-design\/\" \/>\n<meta property=\"og:site_name\" content=\"Edonart\" \/>\n<meta property=\"article:modified_time\" content=\"2021-06-21T14:51:17+00:00\" \/>\n<meta name=\"twitter:card\" content=\"summary_large_image\" \/>\n<meta name=\"twitter:label1\" content=\"Tempo di lettura stimato\" \/>\n\t<meta name=\"twitter:data1\" content=\"1 minuto\" \/>\n<script type=\"application\/ld+json\" class=\"yoast-schema-graph\">{\"@context\":\"https:\/\/schema.org\",\"@graph\":[{\"@type\":\"WebPage\",\"@id\":\"https:\/\/www.edonart.com\/it\/brands-i-migliori-complementi-darredo-di-design\/\",\"url\":\"https:\/\/www.edonart.com\/it\/brands-i-migliori-complementi-darredo-di-design\/\",\"name\":\"Brands: I Migliori Brand di Arredamento e Illuminazione | Edonart\",\"isPartOf\":{\"@id\":\"https:\/\/www.edonart.com\/it\/#website\"},\"datePublished\":\"2019-10-19T08:46:06+00:00\",\"dateModified\":\"2021-06-21T14:51:17+00:00\",\"description\":\"Edonart unisce in un unico negozio i brand pi\u00f9 ricercati di illuminazione e complementi d\u2019arredo di design. Entra e scopri i nostri brand.\",\"breadcrumb\":{\"@id\":\"https:\/\/www.edonart.com\/it\/brands-i-migliori-complementi-darredo-di-design\/#breadcrumb\"},\"inLanguage\":\"it-IT\",\"potentialAction\":[{\"@type\":\"ReadAction\",\"target\":[\"https:\/\/www.edonart.com\/it\/brands-i-migliori-complementi-darredo-di-design\/\"]}]},{\"@type\":\"BreadcrumbList\",\"@id\":\"https:\/\/www.edonart.com\/it\/brands-i-migliori-complementi-darredo-di-design\/#breadcrumb\",\"itemListElement\":[{\"@type\":\"ListItem\",\"position\":1,\"name\":\"Home\",\"item\":\"https:\/\/www.edonart.com\/it\/\"},{\"@type\":\"ListItem\",\"position\":2,\"name\":\"Brands\"}]},{\"@type\":\"WebSite\",\"@id\":\"https:\/\/www.edonart.com\/it\/#website\",\"url\":\"https:\/\/www.edonart.com\/it\/\",\"name\":\"Edonart\",\"description\":\"Design Is An Attitude\",\"publisher\":{\"@id\":\"https:\/\/www.edonart.com\/it\/#organization\"},\"potentialAction\":[{\"@type\":\"SearchAction\",\"target\":{\"@type\":\"EntryPoint\",\"urlTemplate\":\"https:\/\/www.edonart.com\/it\/?s={search_term_string}\"},\"query-input\":\"required name=search_term_string\"}],\"inLanguage\":\"it-IT\"},{\"@type\":\"Organization\",\"@id\":\"https:\/\/www.edonart.com\/it\/#organization\",\"name\":\"Edonart\",\"url\":\"https:\/\/www.edonart.com\/it\/\",\"logo\":{\"@type\":\"ImageObject\",\"inLanguage\":\"it-IT\",\"@id\":\"https:\/\/www.edonart.com\/it\/#\/schema\/logo\/image\/\",\"url\":\"https:\/\/www.edonart.com\/cms\/wp-content\/uploads\/2018\/09\/logo-edon-blac.png\",\"contentUrl\":\"https:\/\/www.edonart.com\/cms\/wp-content\/uploads\/2018\/09\/logo-edon-blac.png\",\"width\":156,\"height\":155,\"caption\":\"Edonart\"},\"image\":{\"@id\":\"https:\/\/www.edonart.com\/it\/#\/schema\/logo\/image\/\"}}]}<\/script>\n<!-- \/ Yoast SEO plugin. -->","yoast_head_json":{"title":"Brands: I Migliori Brand di Arredamento e Illuminazione | Edonart","description":"Edonart unisce in un unico negozio i brand pi\u00f9 ricercati di illuminazione e complementi d\u2019arredo di design. Entra e scopri i nostri brand.","robots":{"index":"index","follow":"follow","max-snippet":"max-snippet:-1","max-image-preview":"max-image-preview:large","max-video-preview":"max-video-preview:-1"},"canonical":"https:\/\/www.edonart.com\/it\/brands-i-migliori-complementi-darredo-di-design\/","og_locale":"it_IT","og_type":"article","og_title":"Brands: I Migliori Brand di Arredamento e Illuminazione | Edonart","og_description":"Edonart unisce in un unico negozio i brand pi\u00f9 ricercati di illuminazione e complementi d\u2019arredo di design. Entra e scopri i nostri brand.","og_url":"https:\/\/www.edonart.com\/it\/brands-i-migliori-complementi-darredo-di-design\/","og_site_name":"Edonart","article_modified_time":"2021-06-21T14:51:17+00:00","twitter_card":"summary_large_image","twitter_misc":{"Tempo di lettura stimato":"1 minuto"},"schema":{"@context":"https:\/\/schema.org","@graph":[{"@type":"WebPage","@id":"https:\/\/www.edonart.com\/it\/brands-i-migliori-complementi-darredo-di-design\/","url":"https:\/\/www.edonart.com\/it\/brands-i-migliori-complementi-darredo-di-design\/","name":"Brands: I Migliori Brand di Arredamento e Illuminazione | Edonart","isPartOf":{"@id":"https:\/\/www.edonart.com\/it\/#website"},"datePublished":"2019-10-19T08:46:06+00:00","dateModified":"2021-06-21T14:51:17+00:00","description":"Edonart unisce in un unico negozio i brand pi\u00f9 ricercati di illuminazione e complementi d\u2019arredo di design. Entra e scopri i nostri brand.","breadcrumb":{"@id":"https:\/\/www.edonart.com\/it\/brands-i-migliori-complementi-darredo-di-design\/#breadcrumb"},"inLanguage":"it-IT","potentialAction":[{"@type":"ReadAction","target":["https:\/\/www.edonart.com\/it\/brands-i-migliori-complementi-darredo-di-design\/"]}]},{"@type":"BreadcrumbList","@id":"https:\/\/www.edonart.com\/it\/brands-i-migliori-complementi-darredo-di-design\/#breadcrumb","itemListElement":[{"@type":"ListItem","position":1,"name":"Home","item":"https:\/\/www.edonart.com\/it\/"},{"@type":"ListItem","position":2,"name":"Brands"}]},{"@type":"WebSite","@id":"https:\/\/www.edonart.com\/it\/#website","url":"https:\/\/www.edonart.com\/it\/","name":"Edonart","description":"Design Is An Attitude","publisher":{"@id":"https:\/\/www.edonart.com\/it\/#organization"},"potentialAction":[{"@type":"SearchAction","target":{"@type":"EntryPoint","urlTemplate":"https:\/\/www.edonart.com\/it\/?s={search_term_string}"},"query-input":"required name=search_term_string"}],"inLanguage":"it-IT"},{"@type":"Organization","@id":"https:\/\/www.edonart.com\/it\/#organization","name":"Edonart","url":"https:\/\/www.edonart.com\/it\/","logo":{"@type":"ImageObject","inLanguage":"it-IT","@id":"https:\/\/www.edonart.com\/it\/#\/schema\/logo\/image\/","url":"https:\/\/www.edonart.com\/cms\/wp-content\/uploads\/2018\/09\/logo-edon-blac.png","contentUrl":"https:\/\/www.edonart.com\/cms\/wp-content\/uploads\/2018\/09\/logo-edon-blac.png","width":156,"height":155,"caption":"Edonart"},"image":{"@id":"https:\/\/www.edonart.com\/it\/#\/schema\/logo\/image\/"}}]}},"_links":{"self":[{"href":"https:\/\/www.edonart.com\/it\/wp-json\/wp\/v2\/pages\/1678"}],"collection":[{"href":"https:\/\/www.edonart.com\/it\/wp-json\/wp\/v2\/pages"}],"about":[{"href":"https:\/\/www.edonart.com\/it\/wp-json\/wp\/v2\/types\/page"}],"author":[{"embeddable":true,"href":"https:\/\/www.edonart.com\/it\/wp-json\/wp\/v2\/users\/1"}],"replies":[{"embeddable":true,"href":"https:\/\/www.edonart.com\/it\/wp-json\/wp\/v2\/comments?post=1678"}],"version-history":[{"count":6,"href":"https:\/\/www.edonart.com\/it\/wp-json\/wp\/v2\/pages\/1678\/revisions"}],"predecessor-version":[{"id":3129,"href":"https:\/\/www.edonart.com\/it\/wp-json\/wp\/v2\/pages\/1678\/revisions\/3129"}],"wp:attachment":[{"href":"https:\/\/www.edonart.com\/it\/wp-json\/wp\/v2\/media?parent=1678"}],"curies":[{"name":"wp","href":"https:\/\/api.w.org\/{rel}","templated":true}]}}