{"id":16694,"date":"2022-01-30T19:51:15","date_gmt":"2022-01-30T18:51:15","guid":{"rendered":"https:\/\/www.edonart.com\/?page_id=16694"},"modified":"2022-02-01T18:54:40","modified_gmt":"2022-02-01T17:54:40","slug":"paga-a-rate-il-tuo-ordine","status":"publish","type":"page","link":"https:\/\/www.edonart.com\/it\/paga-a-rate-il-tuo-ordine\/","title":{"rendered":"Paga a Rate il tuo ordine"},"content":{"rendered":"<p style=\"text-align: left;\"><strong>Paga il tuo ordine in 3 comode rate con Paypal a interessi zero<\/strong><\/p>\n<p style=\"text-align: left;\">Edonart offre ai propri clienti la possibilit\u00e0 di pagare il proprio ordine tramite Paypal in 3 rate a zero interessi e\u00a0 zero costi aggiuntivi.<\/p>\n<p style=\"text-align: left;\"><strong>Come funziona<\/strong><\/p>\n<p style=\"text-align: left;\">Al momento del check-out seleziona Paypal come metodo di pagamento e accedi al tuo account. Paypal mostrer\u00e0 in automatico la possibilit\u00e0 di scegliere se pagare tutto l&#8217;ordine in un&#8217;unica soluzione o dividerlo in 3 rate. La prima rata verr\u00e0 addebitata al momento dell&#8217;ordine e le altre nei due mesi successivi. <strong>Attenzione per utilizzare il servizio \u00e8 obbligatorio avere un account Paypal ed essere loggati. <\/strong>Edonart non \u00e8 responsabile di eventuali rifiuti da parte di Paypal verso il consumatore nel caso in cui questa tipologia di pagamento venisse rifiutata.<\/p>\n<p>&nbsp;<\/p>\n<p style=\"text-align: left;\"><strong>Contatti<\/strong><\/p>\n<p style=\"text-align: left;\">Siamo sempre a tua disposizione, nel caso volessi ricevere pi\u00f9 informazioni per quanto riguarda questo servizio puoi mandare una mail a info@edonart.com oppure telefonare al numero +39 3490534831.<\/p>\n","protected":false},"excerpt":{"rendered":"<p>Paga il tuo ordine in 3 comode rate con Paypal a interessi zero Edonart offre ai propri clienti la possibilit\u00e0 di pagare il proprio ordine tramite Paypal in 3 rate a zero interessi e\u00a0 zero costi aggiuntivi. Come funziona Al momento del check-out seleziona Paypal come metodo di pagamento e accedi al tuo account. Paypal [&hellip;]<\/p>\n","protected":false},"author":3,"featured_media":0,"parent":0,"menu_order":0,"comment_status":"closed","ping_status":"closed","template":"page-templates\/page-standard.php","meta":[],"acf":[],"yoast_head":"<!-- This site is optimized with the Yoast SEO plugin v19.9 - https:\/\/yoast.com\/wordpress\/plugins\/seo\/ -->\n<title>Paga a Rate il tuo ordine | Edonart<\/title>\n<meta name=\"description\" content=\"Acquista il tuo oggetto di design e pagalo in 3 rate ad interessi zero e con zero costi aggiuntivi.\" \/>\n<meta name=\"robots\" content=\"noindex, nofollow\" \/>\n<meta property=\"og:locale\" content=\"it_IT\" \/>\n<meta property=\"og:type\" content=\"article\" \/>\n<meta property=\"og:title\" content=\"Paga a Rate il tuo ordine | Edonart\" \/>\n<meta property=\"og:description\" content=\"Acquista il tuo oggetto di design e pagalo in 3 rate ad interessi zero e con zero costi aggiuntivi.\" \/>\n<meta property=\"og:url\" content=\"https:\/\/www.edonart.com\/it\/paga-a-rate-il-tuo-ordine\/\" \/>\n<meta property=\"og:site_name\" content=\"Edonart\" \/>\n<meta property=\"article:modified_time\" content=\"2022-02-01T17:54:40+00:00\" \/>\n<meta name=\"twitter:card\" content=\"summary_large_image\" \/>\n<meta name=\"twitter:label1\" content=\"Tempo di lettura stimato\" \/>\n\t<meta name=\"twitter:data1\" content=\"1 minuto\" \/>\n<script type=\"application\/ld+json\" class=\"yoast-schema-graph\">{\"@context\":\"https:\/\/schema.org\",\"@graph\":[{\"@type\":\"WebPage\",\"@id\":\"https:\/\/www.edonart.com\/it\/paga-a-rate-il-tuo-ordine\/\",\"url\":\"https:\/\/www.edonart.com\/it\/paga-a-rate-il-tuo-ordine\/\",\"name\":\"Paga a Rate il tuo ordine | Edonart\",\"isPartOf\":{\"@id\":\"https:\/\/www.edonart.com\/it\/#website\"},\"datePublished\":\"2022-01-30T18:51:15+00:00\",\"dateModified\":\"2022-02-01T17:54:40+00:00\",\"description\":\"Acquista il tuo oggetto di design e pagalo in 3 rate ad interessi zero e con zero costi aggiuntivi.\",\"breadcrumb\":{\"@id\":\"https:\/\/www.edonart.com\/it\/paga-a-rate-il-tuo-ordine\/#breadcrumb\"},\"inLanguage\":\"it-IT\",\"potentialAction\":[{\"@type\":\"ReadAction\",\"target\":[\"https:\/\/www.edonart.com\/it\/paga-a-rate-il-tuo-ordine\/\"]}]},{\"@type\":\"BreadcrumbList\",\"@id\":\"https:\/\/www.edonart.com\/it\/paga-a-rate-il-tuo-ordine\/#breadcrumb\",\"itemListElement\":[{\"@type\":\"ListItem\",\"position\":1,\"name\":\"Home\",\"item\":\"https:\/\/www.edonart.com\/it\/\"},{\"@type\":\"ListItem\",\"position\":2,\"name\":\"Paga a Rate il tuo ordine\"}]},{\"@type\":\"WebSite\",\"@id\":\"https:\/\/www.edonart.com\/it\/#website\",\"url\":\"https:\/\/www.edonart.com\/it\/\",\"name\":\"Edonart\",\"description\":\"Design Is An Attitude\",\"publisher\":{\"@id\":\"https:\/\/www.edonart.com\/it\/#organization\"},\"potentialAction\":[{\"@type\":\"SearchAction\",\"target\":{\"@type\":\"EntryPoint\",\"urlTemplate\":\"https:\/\/www.edonart.com\/it\/?s={search_term_string}\"},\"query-input\":\"required name=search_term_string\"}],\"inLanguage\":\"it-IT\"},{\"@type\":\"Organization\",\"@id\":\"https:\/\/www.edonart.com\/it\/#organization\",\"name\":\"Edonart\",\"url\":\"https:\/\/www.edonart.com\/it\/\",\"logo\":{\"@type\":\"ImageObject\",\"inLanguage\":\"it-IT\",\"@id\":\"https:\/\/www.edonart.com\/it\/#\/schema\/logo\/image\/\",\"url\":\"https:\/\/www.edonart.com\/cms\/wp-content\/uploads\/2018\/09\/logo-edon-blac.png\",\"contentUrl\":\"https:\/\/www.edonart.com\/cms\/wp-content\/uploads\/2018\/09\/logo-edon-blac.png\",\"width\":156,\"height\":155,\"caption\":\"Edonart\"},\"image\":{\"@id\":\"https:\/\/www.edonart.com\/it\/#\/schema\/logo\/image\/\"}}]}<\/script>\n<!-- \/ Yoast SEO plugin. -->","yoast_head_json":{"title":"Paga a Rate il tuo ordine | Edonart","description":"Acquista il tuo oggetto di design e pagalo in 3 rate ad interessi zero e con zero costi aggiuntivi.","robots":{"index":"noindex","follow":"nofollow"},"og_locale":"it_IT","og_type":"article","og_title":"Paga a Rate il tuo ordine | Edonart","og_description":"Acquista il tuo oggetto di design e pagalo in 3 rate ad interessi zero e con zero costi aggiuntivi.","og_url":"https:\/\/www.edonart.com\/it\/paga-a-rate-il-tuo-ordine\/","og_site_name":"Edonart","article_modified_time":"2022-02-01T17:54:40+00:00","twitter_card":"summary_large_image","twitter_misc":{"Tempo di lettura stimato":"1 minuto"},"schema":{"@context":"https:\/\/schema.org","@graph":[{"@type":"WebPage","@id":"https:\/\/www.edonart.com\/it\/paga-a-rate-il-tuo-ordine\/","url":"https:\/\/www.edonart.com\/it\/paga-a-rate-il-tuo-ordine\/","name":"Paga a Rate il tuo ordine | Edonart","isPartOf":{"@id":"https:\/\/www.edonart.com\/it\/#website"},"datePublished":"2022-01-30T18:51:15+00:00","dateModified":"2022-02-01T17:54:40+00:00","description":"Acquista il tuo oggetto di design e pagalo in 3 rate ad interessi zero e con zero costi aggiuntivi.","breadcrumb":{"@id":"https:\/\/www.edonart.com\/it\/paga-a-rate-il-tuo-ordine\/#breadcrumb"},"inLanguage":"it-IT","potentialAction":[{"@type":"ReadAction","target":["https:\/\/www.edonart.com\/it\/paga-a-rate-il-tuo-ordine\/"]}]},{"@type":"BreadcrumbList","@id":"https:\/\/www.edonart.com\/it\/paga-a-rate-il-tuo-ordine\/#breadcrumb","itemListElement":[{"@type":"ListItem","position":1,"name":"Home","item":"https:\/\/www.edonart.com\/it\/"},{"@type":"ListItem","position":2,"name":"Paga a Rate il tuo ordine"}]},{"@type":"WebSite","@id":"https:\/\/www.edonart.com\/it\/#website","url":"https:\/\/www.edonart.com\/it\/","name":"Edonart","description":"Design Is An Attitude","publisher":{"@id":"https:\/\/www.edonart.com\/it\/#organization"},"potentialAction":[{"@type":"SearchAction","target":{"@type":"EntryPoint","urlTemplate":"https:\/\/www.edonart.com\/it\/?s={search_term_string}"},"query-input":"required name=search_term_string"}],"inLanguage":"it-IT"},{"@type":"Organization","@id":"https:\/\/www.edonart.com\/it\/#organization","name":"Edonart","url":"https:\/\/www.edonart.com\/it\/","logo":{"@type":"ImageObject","inLanguage":"it-IT","@id":"https:\/\/www.edonart.com\/it\/#\/schema\/logo\/image\/","url":"https:\/\/www.edonart.com\/cms\/wp-content\/uploads\/2018\/09\/logo-edon-blac.png","contentUrl":"https:\/\/www.edonart.com\/cms\/wp-content\/uploads\/2018\/09\/logo-edon-blac.png","width":156,"height":155,"caption":"Edonart"},"image":{"@id":"https:\/\/www.edonart.com\/it\/#\/schema\/logo\/image\/"}}]}},"_links":{"self":[{"href":"https:\/\/www.edonart.com\/it\/wp-json\/wp\/v2\/pages\/16694"}],"collection":[{"href":"https:\/\/www.edonart.com\/it\/wp-json\/wp\/v2\/pages"}],"about":[{"href":"https:\/\/www.edonart.com\/it\/wp-json\/wp\/v2\/types\/page"}],"author":[{"embeddable":true,"href":"https:\/\/www.edonart.com\/it\/wp-json\/wp\/v2\/users\/3"}],"replies":[{"embeddable":true,"href":"https:\/\/www.edonart.com\/it\/wp-json\/wp\/v2\/comments?post=16694"}],"version-history":[{"count":4,"href":"https:\/\/www.edonart.com\/it\/wp-json\/wp\/v2\/pages\/16694\/revisions"}],"predecessor-version":[{"id":16704,"href":"https:\/\/www.edonart.com\/it\/wp-json\/wp\/v2\/pages\/16694\/revisions\/16704"}],"wp:attachment":[{"href":"https:\/\/www.edonart.com\/it\/wp-json\/wp\/v2\/media?parent=16694"}],"curies":[{"name":"wp","href":"https:\/\/api.w.org\/{rel}","templated":true}]}}